{"id":36636,"date":"2026-02-27T00:35:18","date_gmt":"2026-02-27T00:35:18","guid":{"rendered":"https:\/\/nordicmart.andreevmaster.com\/product\/puinen-ohjauspyora-45-cm-nc1402a\/"},"modified":"2026-02-27T09:52:52","modified_gmt":"2026-02-27T09:52:52","slug":"puinen-ohjauspyora-45-cm-nc1402a","status":"publish","type":"product","link":"https:\/\/nordicmart.andreevmaster.com\/fi\/tuote\/puinen-ohjauspyora-45-cm-nc1402a\/","title":{"rendered":"Puinen ohjauspy\u00f6r\u00e4 \u2013 45 cm \u2013 NC1402A"},"content":{"rendered":"<p>Puinen ohjauspy\u00f6r\u00e4 &#8211; 45 cm &#8211; NC1402A &nbsp;Puinen ohjauspy\u00f6r\u00e4 on merihenkinen koriste, joka tuo merellist\u00e4 tunnelmaa kotiisi. Symbolinen lahja merimiehelle ja kaikille, jotka pit\u00e4v\u00e4t ohjakset k\u00e4siss\u00e4\u00e4n sek\u00e4 ty\u00f6- ett\u00e4 yksityisel\u00e4m\u00e4ss\u00e4\u00e4n. Puisesta valmistettu ohjauspy\u00f6r\u00e4, jonka keskell\u00e4 on messinkinen koriste, sopii hyvin sinisen, vihre\u00e4n tai valkoisen sein\u00e4n vastapainoksi. &nbsp;Ohjauspy\u00f6r\u00e4n tiedot: &nbsp;&#8211; Materiaali: puu &#8211; Sis\u00e4kappale: messinki &#8211; Ohjauspy\u00f6r\u00e4n halkaisija: 45 cm &#8211; Tyyli: merihenkinen, retro &nbsp;Sopii erinomaisesti:&nbsp;&#8211; Lahjaksi merimiehelle &#8211; Lahjaksi pomolle &#8211; Lahjaksi merimiehelle &#8211; Merihenkiseksi sisustustuotteeksi&nbsp;<\/p>\n","protected":false},"excerpt":{"rendered":"<p>Puinen ohjauspy\u00f6r\u00e4 &#8211; 45 cm &#8211; NC1402A &nbsp;Puinen ohjauspy\u00f6r\u00e4 on merihenkinen koriste, joka tuo merellist\u00e4 tunnelmaa kotiisi. Symbolinen lahja merimiehelle ja kaikille, jotka pit\u00e4v\u00e4t ohjakset k\u00e4siss\u00e4\u00e4n sek\u00e4 ty\u00f6- ett\u00e4 yksityisel\u00e4m\u00e4ss\u00e4\u00e4n. Puisesta valmistettu ohjauspy\u00f6r\u00e4, jonka keskell\u00e4 on messinkinen koriste, sopii hyvin sinisen, vihre\u00e4n tai valkoisen sein\u00e4n vastapainoksi. &nbsp;Ohjauspy\u00f6r\u00e4n tiedot: &nbsp;&#8211; Materiaali: puu &#8211; Sis\u00e4kappale: messinki &#8211; [&hellip;]<\/p>\n","protected":false},"featured_media":44850,"comment_status":"open","ping_status":"closed","template":"","meta":[],"product_brand":[],"product_cat":[32],"product_tag":[],"class_list":{"0":"post-36636","1":"product","2":"type-product","3":"status-publish","4":"has-post-thumbnail","6":"product_cat-uncategorized-fi","8":"first","9":"instock","10":"shipping-taxable","11":"purchasable","12":"product-type-simple"},"_links":{"self":[{"href":"https:\/\/nordicmart.andreevmaster.com\/fi\/wp-json\/wp\/v2\/product\/36636","targetHints":{"allow":["GET"]}}],"collection":[{"href":"https:\/\/nordicmart.andreevmaster.com\/fi\/wp-json\/wp\/v2\/product"}],"about":[{"href":"https:\/\/nordicmart.andreevmaster.com\/fi\/wp-json\/wp\/v2\/types\/product"}],"replies":[{"embeddable":true,"href":"https:\/\/nordicmart.andreevmaster.com\/fi\/wp-json\/wp\/v2\/comments?post=36636"}],"wp:featuredmedia":[{"embeddable":true,"href":"https:\/\/nordicmart.andreevmaster.com\/fi\/wp-json\/wp\/v2\/media\/44850"}],"wp:attachment":[{"href":"https:\/\/nordicmart.andreevmaster.com\/fi\/wp-json\/wp\/v2\/media?parent=36636"}],"wp:term":[{"taxonomy":"product_brand","embeddable":true,"href":"https:\/\/nordicmart.andreevmaster.com\/fi\/wp-json\/wp\/v2\/product_brand?post=36636"},{"taxonomy":"product_cat","embeddable":true,"href":"https:\/\/nordicmart.andreevmaster.com\/fi\/wp-json\/wp\/v2\/product_cat?post=36636"},{"taxonomy":"product_tag","embeddable":true,"href":"https:\/\/nordicmart.andreevmaster.com\/fi\/wp-json\/wp\/v2\/product_tag?post=36636"}],"curies":[{"name":"wp","href":"https:\/\/api.w.org\/{rel}","templated":true}]}}