{"id":36635,"date":"2026-02-27T00:35:17","date_gmt":"2026-02-27T00:35:17","guid":{"rendered":"https:\/\/nordicmart.andreevmaster.com\/product\/purjealusmalli-dar-pomorza-darpom80\/"},"modified":"2026-02-27T09:52:52","modified_gmt":"2026-02-27T09:52:52","slug":"purjealusmalli-dar-pomorza-darpom80","status":"publish","type":"product","link":"https:\/\/nordicmart.andreevmaster.com\/fi\/tuote\/purjealusmalli-dar-pomorza-darpom80\/","title":{"rendered":"Purjealusmalli Dar Pomorza &#8211; DARPOM80"},"content":{"rendered":"<p>Purjealusmalli Dar Pomorza &#8211; DARPOM80&nbsp;&nbsp;Laivamalli voi olla keskeinen sisustuselementti toimistossasi tai olohuoneessasi. Sen suuri koko her\u00e4tt\u00e4\u00e4 vieraidesi huomion. Tarkka ty\u00f6nj\u00e4lki ja tyylik\u00e4s muotoilu tekev\u00e4t tuotteesta ainutlaatuisen.&nbsp;&nbsp;Tuotetiedot:&nbsp;Materiaali: Malli on valmistettu puusta (runko ja mastot), kankaasta (purjeet) ja viimeistelyosista (metalli, muovi).Laadukas malli, joka on valmistettu huolellisesti ja yksityiskohtia kunnioittaen.Malli toimitetaan osina, jotka on koottava &#8211; mastot on pystytett\u00e4v\u00e4, keulapuu on asennettava ja k\u00f6ydet on liitett\u00e4v\u00e4 ja kiristett\u00e4v\u00e4. Asennus kest\u00e4\u00e4 noin 10\u201315 minuuttia eik\u00e4 vaadi ty\u00f6kaluja. Mitat: pituus 80 cm, korkeus 57 cm, leveys 14 cm. Dar Pomorza on kolmimastoinen purjehduskoulualus, joka tunnetaan nimell\u00e4 Valkoinen fregatti. Se on puolalaisen merenkulun koulutuksen legenda. Dar Pomorza ostettiin Pommerin seuran toimesta vuonna 1929 Gdynian merenkulkukoululle. Puolan lipun alla Dar Pomorza teki 102 kouluristeily\u00e4 ja purjehti puoli miljoonaa merimailia \u2013 matkan, joka vastaa noin 25 maailmankierrosta. Se tuli tunnetuksi ensimm\u00e4isen\u00e4 Puolan kauppalaivaston historiassa maailman ymp\u00e4ri purjehtineena aluksena, joka koulutti 13 384 opiskelijaa.<\/p>\n","protected":false},"excerpt":{"rendered":"<p>Purjealusmalli Dar Pomorza &#8211; DARPOM80&nbsp;&nbsp;Laivamalli voi olla keskeinen sisustuselementti toimistossasi tai olohuoneessasi. Sen suuri koko her\u00e4tt\u00e4\u00e4 vieraidesi huomion. Tarkka ty\u00f6nj\u00e4lki ja tyylik\u00e4s muotoilu tekev\u00e4t tuotteesta ainutlaatuisen.&nbsp;&nbsp;Tuotetiedot:&nbsp;Materiaali: Malli on valmistettu puusta (runko ja mastot), kankaasta (purjeet) ja viimeistelyosista (metalli, muovi).Laadukas malli, joka on valmistettu huolellisesti ja yksityiskohtia kunnioittaen.Malli toimitetaan osina, jotka on koottava &#8211; mastot on [&hellip;]<\/p>\n","protected":false},"featured_media":44849,"comment_status":"open","ping_status":"closed","template":"","meta":[],"product_brand":[],"product_cat":[32],"product_tag":[],"class_list":{"0":"post-36635","1":"product","2":"type-product","3":"status-publish","4":"has-post-thumbnail","6":"product_cat-uncategorized-fi","8":"first","9":"instock","10":"shipping-taxable","11":"purchasable","12":"product-type-simple"},"_links":{"self":[{"href":"https:\/\/nordicmart.andreevmaster.com\/fi\/wp-json\/wp\/v2\/product\/36635","targetHints":{"allow":["GET"]}}],"collection":[{"href":"https:\/\/nordicmart.andreevmaster.com\/fi\/wp-json\/wp\/v2\/product"}],"about":[{"href":"https:\/\/nordicmart.andreevmaster.com\/fi\/wp-json\/wp\/v2\/types\/product"}],"replies":[{"embeddable":true,"href":"https:\/\/nordicmart.andreevmaster.com\/fi\/wp-json\/wp\/v2\/comments?post=36635"}],"wp:featuredmedia":[{"embeddable":true,"href":"https:\/\/nordicmart.andreevmaster.com\/fi\/wp-json\/wp\/v2\/media\/44849"}],"wp:attachment":[{"href":"https:\/\/nordicmart.andreevmaster.com\/fi\/wp-json\/wp\/v2\/media?parent=36635"}],"wp:term":[{"taxonomy":"product_brand","embeddable":true,"href":"https:\/\/nordicmart.andreevmaster.com\/fi\/wp-json\/wp\/v2\/product_brand?post=36635"},{"taxonomy":"product_cat","embeddable":true,"href":"https:\/\/nordicmart.andreevmaster.com\/fi\/wp-json\/wp\/v2\/product_cat?post=36635"},{"taxonomy":"product_tag","embeddable":true,"href":"https:\/\/nordicmart.andreevmaster.com\/fi\/wp-json\/wp\/v2\/product_tag?post=36635"}],"curies":[{"name":"wp","href":"https:\/\/api.w.org\/{rel}","templated":true}]}}