{"id":36633,"date":"2026-02-27T00:35:17","date_gmt":"2026-02-27T00:35:17","guid":{"rendered":"https:\/\/nordicmart.andreevmaster.com\/product\/vintage-tyylinen-merikello-m02\/"},"modified":"2026-02-27T09:52:52","modified_gmt":"2026-02-27T09:52:52","slug":"vintage-tyylinen-merikello-m02","status":"publish","type":"product","link":"https:\/\/nordicmart.andreevmaster.com\/fi\/tuote\/vintage-tyylinen-merikello-m02\/","title":{"rendered":"Vintage-tyylinen merikello &#8211; M02"},"content":{"rendered":"<p>Vintage-tyylinen takkakello &#8211; M02&nbsp;&nbsp;&nbsp;Vintage-tyylinen takkakello on k\u00e4yt\u00e4nn\u00f6llinen koriste takan hyllylle, ty\u00f6p\u00f6yd\u00e4lle tai lipastolle. Se sopii hyvin kaappi-, englantilaiseen ja retrotyyliseen sisustukseen. Metallikotelossa oleva kello, jossa on erinomainen kontrasti valkoisen kellotaulun ja mustien viisarien ja numeroiden v\u00e4lill\u00e4, mahdollistaa ajan lukemisen mukavasti. &nbsp;&nbsp;&nbsp;Tuotetiedot:&nbsp;Materiaali: metalli, lasiKellotaulu: valkoinenViisarit: mustatNumerot: roomalaiset numerot, mustatV\u00e4ri: kulta, hopeaVirtal\u00e4hde: paristoMitat: 23 x 13,5 x 5,5 cmTyyli: vintage, retro&nbsp;<\/p>\n","protected":false},"excerpt":{"rendered":"<p>Vintage-tyylinen takkakello &#8211; M02&nbsp;&nbsp;&nbsp;Vintage-tyylinen takkakello on k\u00e4yt\u00e4nn\u00f6llinen koriste takan hyllylle, ty\u00f6p\u00f6yd\u00e4lle tai lipastolle. Se sopii hyvin kaappi-, englantilaiseen ja retrotyyliseen sisustukseen. Metallikotelossa oleva kello, jossa on erinomainen kontrasti valkoisen kellotaulun ja mustien viisarien ja numeroiden v\u00e4lill\u00e4, mahdollistaa ajan lukemisen mukavasti. &nbsp;&nbsp;&nbsp;Tuotetiedot:&nbsp;Materiaali: metalli, lasiKellotaulu: valkoinenViisarit: mustatNumerot: roomalaiset numerot, mustatV\u00e4ri: kulta, hopeaVirtal\u00e4hde: paristoMitat: 23 x 13,5 x [&hellip;]<\/p>\n","protected":false},"featured_media":44847,"comment_status":"open","ping_status":"closed","template":"","meta":[],"product_brand":[],"product_cat":[32],"product_tag":[],"class_list":{"0":"post-36633","1":"product","2":"type-product","3":"status-publish","4":"has-post-thumbnail","6":"product_cat-uncategorized-fi","8":"first","9":"instock","10":"shipping-taxable","11":"purchasable","12":"product-type-simple"},"_links":{"self":[{"href":"https:\/\/nordicmart.andreevmaster.com\/fi\/wp-json\/wp\/v2\/product\/36633","targetHints":{"allow":["GET"]}}],"collection":[{"href":"https:\/\/nordicmart.andreevmaster.com\/fi\/wp-json\/wp\/v2\/product"}],"about":[{"href":"https:\/\/nordicmart.andreevmaster.com\/fi\/wp-json\/wp\/v2\/types\/product"}],"replies":[{"embeddable":true,"href":"https:\/\/nordicmart.andreevmaster.com\/fi\/wp-json\/wp\/v2\/comments?post=36633"}],"wp:featuredmedia":[{"embeddable":true,"href":"https:\/\/nordicmart.andreevmaster.com\/fi\/wp-json\/wp\/v2\/media\/44847"}],"wp:attachment":[{"href":"https:\/\/nordicmart.andreevmaster.com\/fi\/wp-json\/wp\/v2\/media?parent=36633"}],"wp:term":[{"taxonomy":"product_brand","embeddable":true,"href":"https:\/\/nordicmart.andreevmaster.com\/fi\/wp-json\/wp\/v2\/product_brand?post=36633"},{"taxonomy":"product_cat","embeddable":true,"href":"https:\/\/nordicmart.andreevmaster.com\/fi\/wp-json\/wp\/v2\/product_cat?post=36633"},{"taxonomy":"product_tag","embeddable":true,"href":"https:\/\/nordicmart.andreevmaster.com\/fi\/wp-json\/wp\/v2\/product_tag?post=36633"}],"curies":[{"name":"wp","href":"https:\/\/api.w.org\/{rel}","templated":true}]}}