{"id":36632,"date":"2026-02-27T00:35:17","date_gmt":"2026-02-27T00:35:17","guid":{"rendered":"https:\/\/nordicmart.andreevmaster.com\/product\/nuottipatsas-lahja-muusikolle-mus-22\/"},"modified":"2026-02-27T09:52:52","modified_gmt":"2026-02-27T09:52:52","slug":"nuottipatsas-lahja-muusikolle-mus-22","status":"publish","type":"product","link":"https:\/\/nordicmart.andreevmaster.com\/fi\/tuote\/nuottipatsas-lahja-muusikolle-mus-22\/","title":{"rendered":"Nuottipatsas \u2013 lahja muusikolle \u2013 MUS-22"},"content":{"rendered":"<p>Nuottipatsas \u2013 lahja muusikolle \u2013 MUS-22&nbsp;&nbsp;Nuotit ovat musiikin merkint\u00f6jen aakkoset \u2013 muusikoiden universaali kieli. Ne ovat graafinen esitys musiikillisesta \u00e4\u00e4nest\u00e4 ja m\u00e4\u00e4rittelev\u00e4t sen keston ja korkeuden. Yksi nuotti on kuudestoistaosa \u2013 se edustaa \u00e4\u00e4nt\u00e4, jonka kesto on kuudestoistaosa kokonaisnuotista. Kaksi tai useampia kuudestoistaosia kirjoitetaan kaksoisviivalla (sidonta).&nbsp;&nbsp;Nuottipatsas on vieh\u00e4tt\u00e4v\u00e4 lahja muusikolle. Se sopii erinomaisesti lahjaksi musiikkikoulun valmistujaisiin. Se on my\u00f6s t\u00e4ydellinen lahja musiikinopettajalle ja kaunis palkinto musiikkikilpailussa. &nbsp;&nbsp;Tuotetiedot:&nbsp;Materiaali: alumiiniPohja: puuMitat: 26 x 20 x 6,5 cm V\u00e4ri: kulta Pohjan v\u00e4ri: musta&nbsp;Nuottipatsas on: Musiikillinen koriste muusikon huoneeseen Lahja muusikolle Lahja musiikinopettajalle Palkinto musiikkikilpailussa<\/p>\n","protected":false},"excerpt":{"rendered":"<p>Nuottipatsas \u2013 lahja muusikolle \u2013 MUS-22&nbsp;&nbsp;Nuotit ovat musiikin merkint\u00f6jen aakkoset \u2013 muusikoiden universaali kieli. Ne ovat graafinen esitys musiikillisesta \u00e4\u00e4nest\u00e4 ja m\u00e4\u00e4rittelev\u00e4t sen keston ja korkeuden. Yksi nuotti on kuudestoistaosa \u2013 se edustaa \u00e4\u00e4nt\u00e4, jonka kesto on kuudestoistaosa kokonaisnuotista. Kaksi tai useampia kuudestoistaosia kirjoitetaan kaksoisviivalla (sidonta).&nbsp;&nbsp;Nuottipatsas on vieh\u00e4tt\u00e4v\u00e4 lahja muusikolle. Se sopii erinomaisesti lahjaksi musiikkikoulun [&hellip;]<\/p>\n","protected":false},"featured_media":44846,"comment_status":"open","ping_status":"closed","template":"","meta":[],"product_brand":[],"product_cat":[32],"product_tag":[],"class_list":{"0":"post-36632","1":"product","2":"type-product","3":"status-publish","4":"has-post-thumbnail","6":"product_cat-uncategorized-fi","8":"first","9":"instock","10":"shipping-taxable","11":"purchasable","12":"product-type-simple"},"_links":{"self":[{"href":"https:\/\/nordicmart.andreevmaster.com\/fi\/wp-json\/wp\/v2\/product\/36632","targetHints":{"allow":["GET"]}}],"collection":[{"href":"https:\/\/nordicmart.andreevmaster.com\/fi\/wp-json\/wp\/v2\/product"}],"about":[{"href":"https:\/\/nordicmart.andreevmaster.com\/fi\/wp-json\/wp\/v2\/types\/product"}],"replies":[{"embeddable":true,"href":"https:\/\/nordicmart.andreevmaster.com\/fi\/wp-json\/wp\/v2\/comments?post=36632"}],"wp:featuredmedia":[{"embeddable":true,"href":"https:\/\/nordicmart.andreevmaster.com\/fi\/wp-json\/wp\/v2\/media\/44846"}],"wp:attachment":[{"href":"https:\/\/nordicmart.andreevmaster.com\/fi\/wp-json\/wp\/v2\/media?parent=36632"}],"wp:term":[{"taxonomy":"product_brand","embeddable":true,"href":"https:\/\/nordicmart.andreevmaster.com\/fi\/wp-json\/wp\/v2\/product_brand?post=36632"},{"taxonomy":"product_cat","embeddable":true,"href":"https:\/\/nordicmart.andreevmaster.com\/fi\/wp-json\/wp\/v2\/product_cat?post=36632"},{"taxonomy":"product_tag","embeddable":true,"href":"https:\/\/nordicmart.andreevmaster.com\/fi\/wp-json\/wp\/v2\/product_tag?post=36632"}],"curies":[{"name":"wp","href":"https:\/\/api.w.org\/{rel}","templated":true}]}}