{"id":36631,"date":"2026-02-27T00:35:16","date_gmt":"2026-02-27T00:35:16","guid":{"rendered":"https:\/\/nordicmart.andreevmaster.com\/product\/metallikitaramalli-lahja-kitaristille-mus-20\/"},"modified":"2026-02-27T09:52:51","modified_gmt":"2026-02-27T09:52:51","slug":"metallikitaramalli-lahja-kitaristille-mus-20","status":"publish","type":"product","link":"https:\/\/nordicmart.andreevmaster.com\/fi\/tuote\/metallikitaramalli-lahja-kitaristille-mus-20\/","title":{"rendered":"Metallikitaramalli \u2013 lahja kitaristille \u2013 MUS-20"},"content":{"rendered":"<p>Metallikitaramalli \u2013 lahja kitaristille \u2013 MUS-20&nbsp;&nbsp;Kitara \u2013 yksi maailman suosituimmista soittimista. Vuonna 2020 pelk\u00e4st\u00e4\u00e4n Yhdysvalloissa myytiin noin 160 miljoonaa akustista kitaraa! Kitara on valloittanut ihmisten syd\u00e4met ymp\u00e4ri maailmaa. Romanttiset balladit, blueskappaleet, flamenco, tulen \u00e4\u00e4rell\u00e4 soittaminen \u2013 kitaran \u00e4\u00e4net seuraavat meit\u00e4 l\u00e4hes kaikkialla. &nbsp;&nbsp;Metallinen klassinen kitara on vieh\u00e4tt\u00e4v\u00e4 lahja niille, jotka pit\u00e4v\u00e4t musiikista. Kitaramalli on loistava lahja kitaristille, ja se sopii my\u00f6s musiikkikilpailun palkinnoksi. Kitarapatsas on my\u00f6s t\u00e4ydellinen lahja musiikinopettajalle. &nbsp;Tuotetiedot:&nbsp;Materiaali: alumiini Mitat: 25 x 9,5 x 6,5 cm V\u00e4ri: kulta &nbsp;&nbsp;<\/p>\n","protected":false},"excerpt":{"rendered":"<p>Metallikitaramalli \u2013 lahja kitaristille \u2013 MUS-20&nbsp;&nbsp;Kitara \u2013 yksi maailman suosituimmista soittimista. Vuonna 2020 pelk\u00e4st\u00e4\u00e4n Yhdysvalloissa myytiin noin 160 miljoonaa akustista kitaraa! Kitara on valloittanut ihmisten syd\u00e4met ymp\u00e4ri maailmaa. Romanttiset balladit, blueskappaleet, flamenco, tulen \u00e4\u00e4rell\u00e4 soittaminen \u2013 kitaran \u00e4\u00e4net seuraavat meit\u00e4 l\u00e4hes kaikkialla. &nbsp;&nbsp;Metallinen klassinen kitara on vieh\u00e4tt\u00e4v\u00e4 lahja niille, jotka pit\u00e4v\u00e4t musiikista. Kitaramalli on loistava [&hellip;]<\/p>\n","protected":false},"featured_media":44845,"comment_status":"open","ping_status":"closed","template":"","meta":[],"product_brand":[],"product_cat":[32],"product_tag":[],"class_list":{"0":"post-36631","1":"product","2":"type-product","3":"status-publish","4":"has-post-thumbnail","6":"product_cat-uncategorized-fi","8":"first","9":"instock","10":"shipping-taxable","11":"purchasable","12":"product-type-simple"},"_links":{"self":[{"href":"https:\/\/nordicmart.andreevmaster.com\/fi\/wp-json\/wp\/v2\/product\/36631","targetHints":{"allow":["GET"]}}],"collection":[{"href":"https:\/\/nordicmart.andreevmaster.com\/fi\/wp-json\/wp\/v2\/product"}],"about":[{"href":"https:\/\/nordicmart.andreevmaster.com\/fi\/wp-json\/wp\/v2\/types\/product"}],"replies":[{"embeddable":true,"href":"https:\/\/nordicmart.andreevmaster.com\/fi\/wp-json\/wp\/v2\/comments?post=36631"}],"wp:featuredmedia":[{"embeddable":true,"href":"https:\/\/nordicmart.andreevmaster.com\/fi\/wp-json\/wp\/v2\/media\/44845"}],"wp:attachment":[{"href":"https:\/\/nordicmart.andreevmaster.com\/fi\/wp-json\/wp\/v2\/media?parent=36631"}],"wp:term":[{"taxonomy":"product_brand","embeddable":true,"href":"https:\/\/nordicmart.andreevmaster.com\/fi\/wp-json\/wp\/v2\/product_brand?post=36631"},{"taxonomy":"product_cat","embeddable":true,"href":"https:\/\/nordicmart.andreevmaster.com\/fi\/wp-json\/wp\/v2\/product_cat?post=36631"},{"taxonomy":"product_tag","embeddable":true,"href":"https:\/\/nordicmart.andreevmaster.com\/fi\/wp-json\/wp\/v2\/product_tag?post=36631"}],"curies":[{"name":"wp","href":"https:\/\/api.w.org\/{rel}","templated":true}]}}