{"id":36630,"date":"2026-02-27T00:35:16","date_gmt":"2026-02-27T00:35:16","guid":{"rendered":"https:\/\/nordicmart.andreevmaster.com\/product\/spitfire-lentokonemalli-legendaarinen-toisen-maailmansodan-havittaja-spis\/"},"modified":"2026-02-27T09:52:51","modified_gmt":"2026-02-27T09:52:51","slug":"spitfire-lentokonemalli-legendaarinen-toisen-maailmansodan-havittaja-spis","status":"publish","type":"product","link":"https:\/\/nordicmart.andreevmaster.com\/fi\/tuote\/spitfire-lentokonemalli-legendaarinen-toisen-maailmansodan-havittaja-spis\/","title":{"rendered":"Spitfire-lentokonemalli \u2013 legendaarinen toisen maailmansodan h\u00e4vitt\u00e4j\u00e4 \u2013 SPIS"},"content":{"rendered":"<p>Spitfire-lentokonemalli \u2013 legendaarinen toisen maailmansodan h\u00e4vitt\u00e4j\u00e4 \u2013 SPIS&nbsp;&nbsp;Spitfire-malli, legendaarinen toisen maailmansodan h\u00e4vitt\u00e4j\u00e4, on todellinen herkku ilmailuhistorian yst\u00e4ville ja loistava lahja niille, jotka pit\u00e4v\u00e4t sotilasteknologian historiasta.&nbsp;Spitfire-h\u00e4vitt\u00e4j\u00e4 oli yksi toisen maailmansodan kuuluisimmista lentokoneista, ja t\u00e4t\u00e4 uskomattoman nopeaa ja ketter\u00e4\u00e4 h\u00e4vitt\u00e4j\u00e4\u00e4 valmistettiin yli 23 000 kappaletta. Kahdeksan Puolan ilmavoimien laivueita Yhdistyneess\u00e4 kuningaskunnassa lensi Spitfire-h\u00e4vitt\u00e4jill\u00e4 sodan aikana. Spitfire tuli Britannian taistelun voiton symboliksi Saksan Luftwaffesta. &nbsp;&nbsp;&nbsp;Tuotetiedot:&nbsp;Materiaali: alumiini Mitat: 15 x 13 x 8 cm V\u00e4ri: kulta &nbsp;<\/p>\n","protected":false},"excerpt":{"rendered":"<p>Spitfire-lentokonemalli \u2013 legendaarinen toisen maailmansodan h\u00e4vitt\u00e4j\u00e4 \u2013 SPIS&nbsp;&nbsp;Spitfire-malli, legendaarinen toisen maailmansodan h\u00e4vitt\u00e4j\u00e4, on todellinen herkku ilmailuhistorian yst\u00e4ville ja loistava lahja niille, jotka pit\u00e4v\u00e4t sotilasteknologian historiasta.&nbsp;Spitfire-h\u00e4vitt\u00e4j\u00e4 oli yksi toisen maailmansodan kuuluisimmista lentokoneista, ja t\u00e4t\u00e4 uskomattoman nopeaa ja ketter\u00e4\u00e4 h\u00e4vitt\u00e4j\u00e4\u00e4 valmistettiin yli 23 000 kappaletta. Kahdeksan Puolan ilmavoimien laivueita Yhdistyneess\u00e4 kuningaskunnassa lensi Spitfire-h\u00e4vitt\u00e4jill\u00e4 sodan aikana. Spitfire tuli [&hellip;]<\/p>\n","protected":false},"featured_media":44844,"comment_status":"open","ping_status":"closed","template":"","meta":[],"product_brand":[],"product_cat":[32],"product_tag":[],"class_list":{"0":"post-36630","1":"product","2":"type-product","3":"status-publish","4":"has-post-thumbnail","6":"product_cat-uncategorized-fi","8":"first","9":"instock","10":"shipping-taxable","11":"purchasable","12":"product-type-simple"},"_links":{"self":[{"href":"https:\/\/nordicmart.andreevmaster.com\/fi\/wp-json\/wp\/v2\/product\/36630","targetHints":{"allow":["GET"]}}],"collection":[{"href":"https:\/\/nordicmart.andreevmaster.com\/fi\/wp-json\/wp\/v2\/product"}],"about":[{"href":"https:\/\/nordicmart.andreevmaster.com\/fi\/wp-json\/wp\/v2\/types\/product"}],"replies":[{"embeddable":true,"href":"https:\/\/nordicmart.andreevmaster.com\/fi\/wp-json\/wp\/v2\/comments?post=36630"}],"wp:featuredmedia":[{"embeddable":true,"href":"https:\/\/nordicmart.andreevmaster.com\/fi\/wp-json\/wp\/v2\/media\/44844"}],"wp:attachment":[{"href":"https:\/\/nordicmart.andreevmaster.com\/fi\/wp-json\/wp\/v2\/media?parent=36630"}],"wp:term":[{"taxonomy":"product_brand","embeddable":true,"href":"https:\/\/nordicmart.andreevmaster.com\/fi\/wp-json\/wp\/v2\/product_brand?post=36630"},{"taxonomy":"product_cat","embeddable":true,"href":"https:\/\/nordicmart.andreevmaster.com\/fi\/wp-json\/wp\/v2\/product_cat?post=36630"},{"taxonomy":"product_tag","embeddable":true,"href":"https:\/\/nordicmart.andreevmaster.com\/fi\/wp-json\/wp\/v2\/product_tag?post=36630"}],"curies":[{"name":"wp","href":"https:\/\/api.w.org\/{rel}","templated":true}]}}