{"id":36629,"date":"2026-02-27T00:35:16","date_gmt":"2026-02-27T00:35:16","guid":{"rendered":"https:\/\/nordicmart.andreevmaster.com\/product\/concorde-metallinen-lentokonemalli-ilmailun-ikoni-con\/"},"modified":"2026-02-27T09:52:51","modified_gmt":"2026-02-27T09:52:51","slug":"concorde-metallinen-lentokonemalli-ilmailun-ikoni-con","status":"publish","type":"product","link":"https:\/\/nordicmart.andreevmaster.com\/fi\/tuote\/concorde-metallinen-lentokonemalli-ilmailun-ikoni-con\/","title":{"rendered":"Concorde-metallinen lentokonemalli \u2013 ilmailun ikoni \u2013 CON"},"content":{"rendered":"<p>Concorde-metallimallilentokone \u2013 ilmailun ikoni \u2013 CON&nbsp;&nbsp;T\u00e4m\u00e4 metallimalli legendaarisesta supersonic-koneesta Concordesta on t\u00e4ydellinen lahja innokkaalle ilmailun harrastajalle.&nbsp;Turbojet-moottorilla varustettua Concorde-matkustajakonetta pidet\u00e4\u00e4n monien mielest\u00e4 ilmailun ikonina. Se rikkoi nopeusenn\u00e4tyksi\u00e4: Lontoon Heathrow&#8217;sta New Yorkin JFK:lle se lensi 2 tunnissa 52 minuutissa ja 59 sekunnissa ja kiersi maailman alle 33 tunnissa (v\u00e4lilaskut mukaan lukien). Concordea pidettiin arvokkaana kuljetusv\u00e4lineen\u00e4 varakkaimmille, mutta charter-lentojen ansiosta my\u00f6s keskituloiset asiakkaat pystyiv\u00e4t tekem\u00e4\u00e4n yksisuuntaisen matkan. Lennon 4590 onnettomuuden j\u00e4lkeen 25. hein\u00e4kuuta 2000 ja taloudellisten ongelmien vuoksi Concorde poistettiin k\u00e4yt\u00f6st\u00e4 vuonna 2003. T\u00e4m\u00e4 moderni, minimalistinen Concorde-malli on loistava lahja ilmailun harrastajalle. Tuotetiedot: Materiaali: alumiini Mitat: 31 x 12 x 13 cm V\u00e4ri: hopea Tyylik\u00e4s, hopeinen jalusta<\/p>\n","protected":false},"excerpt":{"rendered":"<p>Concorde-metallimallilentokone \u2013 ilmailun ikoni \u2013 CON&nbsp;&nbsp;T\u00e4m\u00e4 metallimalli legendaarisesta supersonic-koneesta Concordesta on t\u00e4ydellinen lahja innokkaalle ilmailun harrastajalle.&nbsp;Turbojet-moottorilla varustettua Concorde-matkustajakonetta pidet\u00e4\u00e4n monien mielest\u00e4 ilmailun ikonina. Se rikkoi nopeusenn\u00e4tyksi\u00e4: Lontoon Heathrow&#8217;sta New Yorkin JFK:lle se lensi 2 tunnissa 52 minuutissa ja 59 sekunnissa ja kiersi maailman alle 33 tunnissa (v\u00e4lilaskut mukaan lukien). Concordea pidettiin arvokkaana kuljetusv\u00e4lineen\u00e4 varakkaimmille, mutta [&hellip;]<\/p>\n","protected":false},"featured_media":44843,"comment_status":"open","ping_status":"closed","template":"","meta":[],"product_brand":[],"product_cat":[32],"product_tag":[],"class_list":{"0":"post-36629","1":"product","2":"type-product","3":"status-publish","4":"has-post-thumbnail","6":"product_cat-uncategorized-fi","8":"first","9":"instock","10":"shipping-taxable","11":"purchasable","12":"product-type-simple"},"_links":{"self":[{"href":"https:\/\/nordicmart.andreevmaster.com\/fi\/wp-json\/wp\/v2\/product\/36629","targetHints":{"allow":["GET"]}}],"collection":[{"href":"https:\/\/nordicmart.andreevmaster.com\/fi\/wp-json\/wp\/v2\/product"}],"about":[{"href":"https:\/\/nordicmart.andreevmaster.com\/fi\/wp-json\/wp\/v2\/types\/product"}],"replies":[{"embeddable":true,"href":"https:\/\/nordicmart.andreevmaster.com\/fi\/wp-json\/wp\/v2\/comments?post=36629"}],"wp:featuredmedia":[{"embeddable":true,"href":"https:\/\/nordicmart.andreevmaster.com\/fi\/wp-json\/wp\/v2\/media\/44843"}],"wp:attachment":[{"href":"https:\/\/nordicmart.andreevmaster.com\/fi\/wp-json\/wp\/v2\/media?parent=36629"}],"wp:term":[{"taxonomy":"product_brand","embeddable":true,"href":"https:\/\/nordicmart.andreevmaster.com\/fi\/wp-json\/wp\/v2\/product_brand?post=36629"},{"taxonomy":"product_cat","embeddable":true,"href":"https:\/\/nordicmart.andreevmaster.com\/fi\/wp-json\/wp\/v2\/product_cat?post=36629"},{"taxonomy":"product_tag","embeddable":true,"href":"https:\/\/nordicmart.andreevmaster.com\/fi\/wp-json\/wp\/v2\/product_tag?post=36629"}],"curies":[{"name":"wp","href":"https:\/\/api.w.org\/{rel}","templated":true}]}}