{"id":36628,"date":"2026-02-27T00:35:16","date_gmt":"2026-02-27T00:35:16","guid":{"rendered":"https:\/\/nordicmart.andreevmaster.com\/product\/yksimoottorinen-metallinen-lennokki-n-0896\/"},"modified":"2026-02-27T09:52:51","modified_gmt":"2026-02-27T09:52:51","slug":"yksimoottorinen-metallinen-lennokki-n-0896","status":"publish","type":"product","link":"https:\/\/nordicmart.andreevmaster.com\/fi\/tuote\/yksimoottorinen-metallinen-lennokki-n-0896\/","title":{"rendered":"Yksimoottorinen metallinen lennokki &#8211; N-0896"},"content":{"rendered":"<p>Yksimoottorinen metallinen lennokki &#8211; N-0896&nbsp;&nbsp;Yksimoottorisen lentokoneen metallinen malli on loistava lahja vastavalmistuneelle lent\u00e4j\u00e4lle. Koristeellinen lennokkimalli on kaunis matkamuisto. Lennokkimalli ilahduttaa my\u00f6s ilmailun yst\u00e4vi\u00e4. &nbsp;Mallin jalustan ansiosta lennokki n\u00e4ytt\u00e4\u00e4 lent\u00e4v\u00e4n. Yksimoottorisen lentokoneen moderni, huomaamaton muoto sopii sek\u00e4 teollisuus- ett\u00e4 toimistosisustuksiin. Se koristaa ty\u00f6p\u00f6yt\u00e4\u00e4, takkaa ja lipastoa. Tuotetiedot: Materiaali: alumiini Mitat: 17 x 14 x 11 cm V\u00e4ri: hopea Jalusta alustalla<\/p>\n","protected":false},"excerpt":{"rendered":"<p>Yksimoottorinen metallinen lennokki &#8211; N-0896&nbsp;&nbsp;Yksimoottorisen lentokoneen metallinen malli on loistava lahja vastavalmistuneelle lent\u00e4j\u00e4lle. Koristeellinen lennokkimalli on kaunis matkamuisto. Lennokkimalli ilahduttaa my\u00f6s ilmailun yst\u00e4vi\u00e4. &nbsp;Mallin jalustan ansiosta lennokki n\u00e4ytt\u00e4\u00e4 lent\u00e4v\u00e4n. Yksimoottorisen lentokoneen moderni, huomaamaton muoto sopii sek\u00e4 teollisuus- ett\u00e4 toimistosisustuksiin. Se koristaa ty\u00f6p\u00f6yt\u00e4\u00e4, takkaa ja lipastoa. Tuotetiedot: Materiaali: alumiini Mitat: 17 x 14 x 11 cm [&hellip;]<\/p>\n","protected":false},"featured_media":44842,"comment_status":"open","ping_status":"closed","template":"","meta":[],"product_brand":[],"product_cat":[32],"product_tag":[],"class_list":{"0":"post-36628","1":"product","2":"type-product","3":"status-publish","4":"has-post-thumbnail","6":"product_cat-uncategorized-fi","8":"first","9":"instock","10":"shipping-taxable","11":"purchasable","12":"product-type-simple"},"_links":{"self":[{"href":"https:\/\/nordicmart.andreevmaster.com\/fi\/wp-json\/wp\/v2\/product\/36628","targetHints":{"allow":["GET"]}}],"collection":[{"href":"https:\/\/nordicmart.andreevmaster.com\/fi\/wp-json\/wp\/v2\/product"}],"about":[{"href":"https:\/\/nordicmart.andreevmaster.com\/fi\/wp-json\/wp\/v2\/types\/product"}],"replies":[{"embeddable":true,"href":"https:\/\/nordicmart.andreevmaster.com\/fi\/wp-json\/wp\/v2\/comments?post=36628"}],"wp:featuredmedia":[{"embeddable":true,"href":"https:\/\/nordicmart.andreevmaster.com\/fi\/wp-json\/wp\/v2\/media\/44842"}],"wp:attachment":[{"href":"https:\/\/nordicmart.andreevmaster.com\/fi\/wp-json\/wp\/v2\/media?parent=36628"}],"wp:term":[{"taxonomy":"product_brand","embeddable":true,"href":"https:\/\/nordicmart.andreevmaster.com\/fi\/wp-json\/wp\/v2\/product_brand?post=36628"},{"taxonomy":"product_cat","embeddable":true,"href":"https:\/\/nordicmart.andreevmaster.com\/fi\/wp-json\/wp\/v2\/product_cat?post=36628"},{"taxonomy":"product_tag","embeddable":true,"href":"https:\/\/nordicmart.andreevmaster.com\/fi\/wp-json\/wp\/v2\/product_tag?post=36628"}],"curies":[{"name":"wp","href":"https:\/\/api.w.org\/{rel}","templated":true}]}}