{"id":36627,"date":"2026-02-27T00:35:15","date_gmt":"2026-02-27T00:35:15","guid":{"rendered":"https:\/\/nordicmart.andreevmaster.com\/product\/16-gtn-flash-muisti-ja-2600-mahn-varavirtalahde-laatikossa-pdpb\/"},"modified":"2026-02-27T09:52:51","modified_gmt":"2026-02-27T09:52:51","slug":"16-gtn-flash-muisti-ja-2600-mahn-varavirtalahde-laatikossa-pdpb","status":"publish","type":"product","link":"https:\/\/nordicmart.andreevmaster.com\/fi\/tuote\/16-gtn-flash-muisti-ja-2600-mahn-varavirtalahde-laatikossa-pdpb\/","title":{"rendered":"16 Gt:n flash-muisti ja 2600 mAh:n varavirtal\u00e4hde laatikossa PDPB"},"content":{"rendered":"<p>16 Gt:n flash-muisti ja 2600 mAh:n varavirtal\u00e4hde PDPB-pakkauksessa &nbsp;Yrityssetti: 16 Gt:n flash-muisti ja 2600 mAh:n varavirtal\u00e4hde PDPB-pakkauksessa sopivat erinomaisesti lahjaksi ty\u00f6ntekij\u00e4lle tai yritysasiakkaalle. Tyylikk\u00e4\u00e4t laitteet puukotelossa ovat hy\u00f6dyllisi\u00e4 gadgetteja, joita voi k\u00e4ytt\u00e4\u00e4 toimistossa ja ty\u00f6matkalla. Puinen flash-muisti, jonka kapasiteetti on 16 GB, voidaan kiinnitt\u00e4\u00e4 avaimenper\u00e4\u00e4n. Flash-muistin liit\u00e4nt\u00e4 on suojattu puutulpalla. Powerbank 2600 mAh riitt\u00e4\u00e4 jopa 3 latauskertaan. Powerbank on elektroninen gadget, joka voi pelastaa sinut, kun puhelimesi akku on loppumassa. Muistitikku ja powerbank ovat tyylikk\u00e4\u00e4ss\u00e4 mustassa pahvilaatikossa, jossa on sieni laitteiden s\u00e4ilytt\u00e4mist\u00e4 varten. Muistitikun tekniset tiedot: &nbsp;&bull; Kapasiteetti: 16 Gt &bull; Liit\u00e4nt\u00e4: USB &bull; Kotelo: puu, metalli &bull; V\u00e4ri: vaaleanruskea&bull;Mitat:&nbsp;Power Bankin tekniset tiedot:&nbsp;&bull; Porttien lukum\u00e4\u00e4r\u00e4: 2&bull; Nimelliskapasiteetti [mAh]: 2600 mAh&bull; Materiaali: metalli, puu&bull; V\u00e4ri: vaaleanruskea&bull; Mitat:&nbsp;Pakkaus:&nbsp;&bull; Musta pahvi&bull; Sieni&bull; Mitat:&nbsp;<\/p>\n","protected":false},"excerpt":{"rendered":"<p>16 Gt:n flash-muisti ja 2600 mAh:n varavirtal\u00e4hde PDPB-pakkauksessa &nbsp;Yrityssetti: 16 Gt:n flash-muisti ja 2600 mAh:n varavirtal\u00e4hde PDPB-pakkauksessa sopivat erinomaisesti lahjaksi ty\u00f6ntekij\u00e4lle tai yritysasiakkaalle. Tyylikk\u00e4\u00e4t laitteet puukotelossa ovat hy\u00f6dyllisi\u00e4 gadgetteja, joita voi k\u00e4ytt\u00e4\u00e4 toimistossa ja ty\u00f6matkalla. Puinen flash-muisti, jonka kapasiteetti on 16 GB, voidaan kiinnitt\u00e4\u00e4 avaimenper\u00e4\u00e4n. Flash-muistin liit\u00e4nt\u00e4 on suojattu puutulpalla. Powerbank 2600 mAh riitt\u00e4\u00e4 jopa [&hellip;]<\/p>\n","protected":false},"featured_media":0,"comment_status":"open","ping_status":"closed","template":"","meta":[],"product_brand":[],"product_cat":[32],"product_tag":[],"class_list":{"0":"post-36627","1":"product","2":"type-product","3":"status-publish","5":"product_cat-uncategorized-fi","7":"first","8":"instock","9":"shipping-taxable","10":"purchasable","11":"product-type-simple"},"_links":{"self":[{"href":"https:\/\/nordicmart.andreevmaster.com\/fi\/wp-json\/wp\/v2\/product\/36627","targetHints":{"allow":["GET"]}}],"collection":[{"href":"https:\/\/nordicmart.andreevmaster.com\/fi\/wp-json\/wp\/v2\/product"}],"about":[{"href":"https:\/\/nordicmart.andreevmaster.com\/fi\/wp-json\/wp\/v2\/types\/product"}],"replies":[{"embeddable":true,"href":"https:\/\/nordicmart.andreevmaster.com\/fi\/wp-json\/wp\/v2\/comments?post=36627"}],"wp:attachment":[{"href":"https:\/\/nordicmart.andreevmaster.com\/fi\/wp-json\/wp\/v2\/media?parent=36627"}],"wp:term":[{"taxonomy":"product_brand","embeddable":true,"href":"https:\/\/nordicmart.andreevmaster.com\/fi\/wp-json\/wp\/v2\/product_brand?post=36627"},{"taxonomy":"product_cat","embeddable":true,"href":"https:\/\/nordicmart.andreevmaster.com\/fi\/wp-json\/wp\/v2\/product_cat?post=36627"},{"taxonomy":"product_tag","embeddable":true,"href":"https:\/\/nordicmart.andreevmaster.com\/fi\/wp-json\/wp\/v2\/product_tag?post=36627"}],"curies":[{"name":"wp","href":"https:\/\/api.w.org\/{rel}","templated":true}]}}