{"id":36626,"date":"2026-02-27T00:35:15","date_gmt":"2026-02-27T00:35:15","guid":{"rendered":"https:\/\/nordicmart.andreevmaster.com\/product\/elegantti-4-osainen-viinisetti-g196\/"},"modified":"2026-02-27T09:52:50","modified_gmt":"2026-02-27T09:52:50","slug":"elegantti-4-osainen-viinisetti-g196","status":"publish","type":"product","link":"https:\/\/nordicmart.andreevmaster.com\/fi\/tuote\/elegantti-4-osainen-viinisetti-g196\/","title":{"rendered":"Elegantti 4-osainen viinisetti &#8211; G196"},"content":{"rendered":"<p>Elegantti 4-osainen viinisetti &#8211; G196&nbsp;&nbsp;T\u00e4m\u00e4n elegantin puupullon sis\u00e4ll\u00e4 on viinitarvikkeita: korkkiruuvi tulpalla, ylim\u00e4\u00e4r\u00e4inen tulppa, pullon alusta ja pullonkaulan rengas \u2013 t\u00e4ydelliset tarvikkeet kotibaarille. Tarvikkeet on valmistettu ruostumattomasta ter\u00e4ksest\u00e4 ja ne on hopeoitu. Jokaisella osalla on oma paikkansa pullopakkauksessa. Tarvikkeiden poistamisen helpottamiseksi jokainen osa on upotettu muottiin. Sarja on pakattu esteettiseen valkoiseen, liitupintaiseen pahvilaatikkoon.&nbsp;&nbsp;Tuotetiedot:&nbsp;Mitat: 29,7 cm x 17 cm x 5,5 cmMateriaali: Tarvikkeet: hopeoitu ruostumaton ter\u00e4s; Pakkaus: puu (pullon muotoinen); Laatikko: valkoinen, kalkkipinnoitettu pahvi. Sarjan sis\u00e4lt\u00f6:Korkkiruuvi pullon tulpallaLis\u00e4tulppaPullon alustaPullon kaulan tipparengas&nbsp;Miksi se on sen arvoista?&nbsp;Elegantti pakkaus: Jokaisella osalla on oma paikkansa pakkauksessa. T\u00e4ydellinen 4-in-1-setti: Setti sis\u00e4lt\u00e4\u00e4 kaikki tarvittavat lis\u00e4varusteet viinin nauttimiseen: korkkiruuvi pullon tulpalla, lis\u00e4 tulppa, pullon alusta ja pullon kaulan tipparengas. Laadukkaat materiaalit: Lis\u00e4varusteet on valmistettu ruostumattomasta ter\u00e4ksest\u00e4 ja hopeoitu, mik\u00e4 antaa niille tyylikk\u00e4\u00e4n ulkon\u00e4\u00f6n ja takaa kest\u00e4vyyden.Monipuolinen lahja: T\u00e4m\u00e4 elegantti sarja on loistava lahja viinin yst\u00e4v\u00e4lle, naistenp\u00e4iv\u00e4lahjaksi tai lahjaksi pomollesi. Se on t\u00e4ydellinen lahjaidea mihin tahansa tilaisuuteen. K\u00e4yt\u00e4nn\u00f6llinen ja toimiva: T\u00e4m\u00e4 sarja tarjoaa t\u00e4ydelliset kotibaarin varusteet ja on v\u00e4ltt\u00e4m\u00e4t\u00f6n ammattimaiselle viinin tarjoilulle.<\/p>\n","protected":false},"excerpt":{"rendered":"<p>Elegantti 4-osainen viinisetti &#8211; G196&nbsp;&nbsp;T\u00e4m\u00e4n elegantin puupullon sis\u00e4ll\u00e4 on viinitarvikkeita: korkkiruuvi tulpalla, ylim\u00e4\u00e4r\u00e4inen tulppa, pullon alusta ja pullonkaulan rengas \u2013 t\u00e4ydelliset tarvikkeet kotibaarille. Tarvikkeet on valmistettu ruostumattomasta ter\u00e4ksest\u00e4 ja ne on hopeoitu. Jokaisella osalla on oma paikkansa pullopakkauksessa. Tarvikkeiden poistamisen helpottamiseksi jokainen osa on upotettu muottiin. Sarja on pakattu esteettiseen valkoiseen, liitupintaiseen pahvilaatikkoon.&nbsp;&nbsp;Tuotetiedot:&nbsp;Mitat: 29,7 cm [&hellip;]<\/p>\n","protected":false},"featured_media":44841,"comment_status":"open","ping_status":"closed","template":"","meta":[],"product_brand":[],"product_cat":[32],"product_tag":[],"class_list":{"0":"post-36626","1":"product","2":"type-product","3":"status-publish","4":"has-post-thumbnail","6":"product_cat-uncategorized-fi","8":"first","9":"instock","10":"shipping-taxable","11":"purchasable","12":"product-type-simple"},"_links":{"self":[{"href":"https:\/\/nordicmart.andreevmaster.com\/fi\/wp-json\/wp\/v2\/product\/36626","targetHints":{"allow":["GET"]}}],"collection":[{"href":"https:\/\/nordicmart.andreevmaster.com\/fi\/wp-json\/wp\/v2\/product"}],"about":[{"href":"https:\/\/nordicmart.andreevmaster.com\/fi\/wp-json\/wp\/v2\/types\/product"}],"replies":[{"embeddable":true,"href":"https:\/\/nordicmart.andreevmaster.com\/fi\/wp-json\/wp\/v2\/comments?post=36626"}],"wp:featuredmedia":[{"embeddable":true,"href":"https:\/\/nordicmart.andreevmaster.com\/fi\/wp-json\/wp\/v2\/media\/44841"}],"wp:attachment":[{"href":"https:\/\/nordicmart.andreevmaster.com\/fi\/wp-json\/wp\/v2\/media?parent=36626"}],"wp:term":[{"taxonomy":"product_brand","embeddable":true,"href":"https:\/\/nordicmart.andreevmaster.com\/fi\/wp-json\/wp\/v2\/product_brand?post=36626"},{"taxonomy":"product_cat","embeddable":true,"href":"https:\/\/nordicmart.andreevmaster.com\/fi\/wp-json\/wp\/v2\/product_cat?post=36626"},{"taxonomy":"product_tag","embeddable":true,"href":"https:\/\/nordicmart.andreevmaster.com\/fi\/wp-json\/wp\/v2\/product_tag?post=36626"}],"curies":[{"name":"wp","href":"https:\/\/api.w.org\/{rel}","templated":true}]}}