{"id":36625,"date":"2026-02-27T00:35:15","date_gmt":"2026-02-27T00:35:15","guid":{"rendered":"https:\/\/nordicmart.andreevmaster.com\/product\/exclusive-2-osainen-golf-lahjasetti-g032\/"},"modified":"2026-02-27T09:52:50","modified_gmt":"2026-02-27T09:52:50","slug":"exclusive-2-osainen-golf-lahjasetti-g032","status":"publish","type":"product","link":"https:\/\/nordicmart.andreevmaster.com\/fi\/tuote\/exclusive-2-osainen-golf-lahjasetti-g032\/","title":{"rendered":"Exclusive 2-osainen golf-lahjasetti | G032"},"content":{"rendered":"<p>Golf &ndash; kaksiosainen lahjasetti &#8211; lahja golfaajalle &ndash; G032&nbsp;&nbsp;Etsitk\u00f6 t\u00e4ydellist\u00e4 lahjaa golfharrastajalle? G032-sarja on hitti! Tyylik\u00e4s ja k\u00e4yt\u00e4nn\u00f6llinen sarja miellytt\u00e4\u00e4 varmasti kaikkia t\u00e4m\u00e4n lajin yst\u00e4vi\u00e4.&nbsp;&nbsp;Sarja koostuu kahdesta osasta:&nbsp;Avaimenper\u00e4, joka on puolikkaan golfpallon muotoinen ja jossa on kello. Kello avataan laitteen sivussa olevalla painikkeella. Metallinen haarukka pallojen nostamiseen (ns. fork), jonka p\u00e4\u00e4ll\u00e4 on puu&nbsp;&nbsp;Koko setti on pakattu tyylikk\u00e4\u00e4seen puulaatikkoon, jossa on puolipy\u00f6re\u00e4 kansi ja kermanv\u00e4rinen koristelista.&nbsp;G032-setti on t\u00e4ydellinen lahjaidea jokaiselle golfaajalle, riippumatta heid\u00e4n taitotasostaan. Se on my\u00f6s tyylik\u00e4s koriste-elementti jokaisen urheilufanin ty\u00f6p\u00f6yd\u00e4ll\u00e4.&nbsp;&nbsp;Tuotetiedot:&nbsp;Mitat: 21 x 12 x 4 cmMateriaali: puu, metalliSetti sis\u00e4lt\u00e4\u00e4: avaimenper\u00e4n kellolla, haarukan pallojen nostamiseen, puisen laatikon&nbsp;&nbsp;Golf on yksi maailman suosituimmista urheilulajeista. Se on peli kaiken ik\u00e4isille ja kaikentasoisille ihmisille. Golf vaatii tarkkuutta, keskittymist\u00e4 ja strategiaa, mik\u00e4 tekee siit\u00e4 eritt\u00e4in koukuttavan lajin.&nbsp;<\/p>\n","protected":false},"excerpt":{"rendered":"<p>Golf &ndash; kaksiosainen lahjasetti &#8211; lahja golfaajalle &ndash; G032&nbsp;&nbsp;Etsitk\u00f6 t\u00e4ydellist\u00e4 lahjaa golfharrastajalle? G032-sarja on hitti! Tyylik\u00e4s ja k\u00e4yt\u00e4nn\u00f6llinen sarja miellytt\u00e4\u00e4 varmasti kaikkia t\u00e4m\u00e4n lajin yst\u00e4vi\u00e4.&nbsp;&nbsp;Sarja koostuu kahdesta osasta:&nbsp;Avaimenper\u00e4, joka on puolikkaan golfpallon muotoinen ja jossa on kello. Kello avataan laitteen sivussa olevalla painikkeella. Metallinen haarukka pallojen nostamiseen (ns. fork), jonka p\u00e4\u00e4ll\u00e4 on puu&nbsp;&nbsp;Koko setti on [&hellip;]<\/p>\n","protected":false},"featured_media":44840,"comment_status":"open","ping_status":"closed","template":"","meta":[],"product_brand":[],"product_cat":[32],"product_tag":[],"class_list":{"0":"post-36625","1":"product","2":"type-product","3":"status-publish","4":"has-post-thumbnail","6":"product_cat-uncategorized-fi","8":"first","9":"instock","10":"shipping-taxable","11":"purchasable","12":"product-type-simple"},"_links":{"self":[{"href":"https:\/\/nordicmart.andreevmaster.com\/fi\/wp-json\/wp\/v2\/product\/36625","targetHints":{"allow":["GET"]}}],"collection":[{"href":"https:\/\/nordicmart.andreevmaster.com\/fi\/wp-json\/wp\/v2\/product"}],"about":[{"href":"https:\/\/nordicmart.andreevmaster.com\/fi\/wp-json\/wp\/v2\/types\/product"}],"replies":[{"embeddable":true,"href":"https:\/\/nordicmart.andreevmaster.com\/fi\/wp-json\/wp\/v2\/comments?post=36625"}],"wp:featuredmedia":[{"embeddable":true,"href":"https:\/\/nordicmart.andreevmaster.com\/fi\/wp-json\/wp\/v2\/media\/44840"}],"wp:attachment":[{"href":"https:\/\/nordicmart.andreevmaster.com\/fi\/wp-json\/wp\/v2\/media?parent=36625"}],"wp:term":[{"taxonomy":"product_brand","embeddable":true,"href":"https:\/\/nordicmart.andreevmaster.com\/fi\/wp-json\/wp\/v2\/product_brand?post=36625"},{"taxonomy":"product_cat","embeddable":true,"href":"https:\/\/nordicmart.andreevmaster.com\/fi\/wp-json\/wp\/v2\/product_cat?post=36625"},{"taxonomy":"product_tag","embeddable":true,"href":"https:\/\/nordicmart.andreevmaster.com\/fi\/wp-json\/wp\/v2\/product_tag?post=36625"}],"curies":[{"name":"wp","href":"https:\/\/api.w.org\/{rel}","templated":true}]}}