{"id":36624,"date":"2026-02-27T00:35:15","date_gmt":"2026-02-27T00:35:15","guid":{"rendered":"https:\/\/nordicmart.andreevmaster.com\/product\/matkailijan-kompassi-antiikkiviimeistely-nc2884\/"},"modified":"2026-02-27T09:52:50","modified_gmt":"2026-02-27T09:52:50","slug":"matkailijan-kompassi-antiikkiviimeistely-nc2884","status":"publish","type":"product","link":"https:\/\/nordicmart.andreevmaster.com\/fi\/tuote\/matkailijan-kompassi-antiikkiviimeistely-nc2884\/","title":{"rendered":"Matkailijan kompassi, antiikkiviimeistely NC2884"},"content":{"rendered":"<p>Matkailijan kompassi, antiikkiviimeistely NC2884T\u00e4ydellinen kumppani jokaiselle matkalle ja korvaamaton vaihtoehto vialliselle GPS:lle \u2013 turistikompassi helpottaa tehokasta suunnistusta maastossa ja kartanlukua. Sen avulla voit helposti m\u00e4\u00e4ritt\u00e4\u00e4 maailman suunnat matkoillasi. Turistikompassi on hy\u00f6dyllinen partiolaisille, sienest\u00e4jille ja niille, jotka joskus eksyv\u00e4t polulta.&nbsp;Messinkikotelossa oleva kompassi on viimeistelty antiikkityylill\u00e4. Siin\u00e4 on lukittava kansi, joka suojaa lasia rikkoutumiselta. Sopii erinomaisesti kaiverrukseen. Punaisella k\u00e4rjell\u00e4 varustettu magneettineula osoittaa pohjoisen. Kompassissa on koukku ketjun kiinnitt\u00e4mist\u00e4 varten. Turistikompassi, antiikkiviimeistely NC2884 Tekniset tiedot: &nbsp;&bull; Mitat: 6 x 5 x 1,75 cm &bull; Materiaali: messinki &bull; V\u00e4ri: antiikkimessinki, ruskea&bull; Magneettineula: punaisella k\u00e4rjell\u00e4 osoittaa pohjoiseen&nbsp;Matkailijan kompassi NC2884 sopii erinomaisesti:&nbsp;&bull; Lahjaksi sienest\u00e4j\u00e4lle&bull; Lahjaksi k\u00e4velij\u00e4lle&bull; Gadgetiksi matkan yst\u00e4ville&bull; Pakolliseksi gadgetiksi retkelle&bull; Lahjaksi partiolaiselle&nbsp;&nbsp;<\/p>\n","protected":false},"excerpt":{"rendered":"<p>Matkailijan kompassi, antiikkiviimeistely NC2884T\u00e4ydellinen kumppani jokaiselle matkalle ja korvaamaton vaihtoehto vialliselle GPS:lle \u2013 turistikompassi helpottaa tehokasta suunnistusta maastossa ja kartanlukua. Sen avulla voit helposti m\u00e4\u00e4ritt\u00e4\u00e4 maailman suunnat matkoillasi. Turistikompassi on hy\u00f6dyllinen partiolaisille, sienest\u00e4jille ja niille, jotka joskus eksyv\u00e4t polulta.&nbsp;Messinkikotelossa oleva kompassi on viimeistelty antiikkityylill\u00e4. Siin\u00e4 on lukittava kansi, joka suojaa lasia rikkoutumiselta. Sopii erinomaisesti kaiverrukseen. [&hellip;]<\/p>\n","protected":false},"featured_media":44839,"comment_status":"open","ping_status":"closed","template":"","meta":[],"product_brand":[],"product_cat":[32],"product_tag":[],"class_list":{"0":"post-36624","1":"product","2":"type-product","3":"status-publish","4":"has-post-thumbnail","6":"product_cat-uncategorized-fi","8":"first","9":"instock","10":"shipping-taxable","11":"purchasable","12":"product-type-simple"},"_links":{"self":[{"href":"https:\/\/nordicmart.andreevmaster.com\/fi\/wp-json\/wp\/v2\/product\/36624","targetHints":{"allow":["GET"]}}],"collection":[{"href":"https:\/\/nordicmart.andreevmaster.com\/fi\/wp-json\/wp\/v2\/product"}],"about":[{"href":"https:\/\/nordicmart.andreevmaster.com\/fi\/wp-json\/wp\/v2\/types\/product"}],"replies":[{"embeddable":true,"href":"https:\/\/nordicmart.andreevmaster.com\/fi\/wp-json\/wp\/v2\/comments?post=36624"}],"wp:featuredmedia":[{"embeddable":true,"href":"https:\/\/nordicmart.andreevmaster.com\/fi\/wp-json\/wp\/v2\/media\/44839"}],"wp:attachment":[{"href":"https:\/\/nordicmart.andreevmaster.com\/fi\/wp-json\/wp\/v2\/media?parent=36624"}],"wp:term":[{"taxonomy":"product_brand","embeddable":true,"href":"https:\/\/nordicmart.andreevmaster.com\/fi\/wp-json\/wp\/v2\/product_brand?post=36624"},{"taxonomy":"product_cat","embeddable":true,"href":"https:\/\/nordicmart.andreevmaster.com\/fi\/wp-json\/wp\/v2\/product_cat?post=36624"},{"taxonomy":"product_tag","embeddable":true,"href":"https:\/\/nordicmart.andreevmaster.com\/fi\/wp-json\/wp\/v2\/product_tag?post=36624"}],"curies":[{"name":"wp","href":"https:\/\/api.w.org\/{rel}","templated":true}]}}