{"id":36623,"date":"2026-02-27T00:35:14","date_gmt":"2026-02-27T00:35:14","guid":{"rendered":"https:\/\/nordicmart.andreevmaster.com\/product\/rakkaus-metallinen-figuuri-lahja-rakastavaisille-mt2020\/"},"modified":"2026-02-27T09:52:50","modified_gmt":"2026-02-27T09:52:50","slug":"rakkaus-metallinen-figuuri-lahja-rakastavaisille-mt2020","status":"publish","type":"product","link":"https:\/\/nordicmart.andreevmaster.com\/fi\/tuote\/rakkaus-metallinen-figuuri-lahja-rakastavaisille-mt2020\/","title":{"rendered":"Rakkaus &#8211; metallinen figuuri &#8211; lahja rakastavaisille MT2020"},"content":{"rendered":"<p>Rakkaus &#8211; metallinen koriste-esine &#8211; lahja rakastavaisille MT2020&nbsp;&nbsp;Rakkaus on minimalistinen, omaper\u00e4inen koriste-esine. Se kuvaa symbolisesti rakastavaisia, jotka halailivat toisiaan. Koriste-esine sopii t\u00e4ydellisesti teolliseen tyyliin sisustettuihin huoneisiin. Rakkaus-patsas on vieh\u00e4tt\u00e4v\u00e4 lahja rakastavaisille, jonka voit antaa puolisollesi yst\u00e4v\u00e4np\u00e4iv\u00e4n\u00e4 tai ensimm\u00e4isen tapaamisenne tai h\u00e4\u00e4p\u00e4iv\u00e4nne vuosip\u00e4iv\u00e4n\u00e4.&nbsp;&nbsp;Patsaan tiedot:&nbsp;Materiaali: alumiiniV\u00e4ri: messinkiMitat: 21,5 cm, leveys 10 cm<\/p>\n","protected":false},"excerpt":{"rendered":"<p>Rakkaus &#8211; metallinen koriste-esine &#8211; lahja rakastavaisille MT2020&nbsp;&nbsp;Rakkaus on minimalistinen, omaper\u00e4inen koriste-esine. Se kuvaa symbolisesti rakastavaisia, jotka halailivat toisiaan. Koriste-esine sopii t\u00e4ydellisesti teolliseen tyyliin sisustettuihin huoneisiin. Rakkaus-patsas on vieh\u00e4tt\u00e4v\u00e4 lahja rakastavaisille, jonka voit antaa puolisollesi yst\u00e4v\u00e4np\u00e4iv\u00e4n\u00e4 tai ensimm\u00e4isen tapaamisenne tai h\u00e4\u00e4p\u00e4iv\u00e4nne vuosip\u00e4iv\u00e4n\u00e4.&nbsp;&nbsp;Patsaan tiedot:&nbsp;Materiaali: alumiiniV\u00e4ri: messinkiMitat: 21,5 cm, leveys 10 cm<\/p>\n","protected":false},"featured_media":0,"comment_status":"open","ping_status":"closed","template":"","meta":[],"product_brand":[],"product_cat":[32],"product_tag":[],"class_list":{"0":"post-36623","1":"product","2":"type-product","3":"status-publish","5":"product_cat-uncategorized-fi","7":"first","8":"instock","9":"shipping-taxable","10":"purchasable","11":"product-type-simple"},"_links":{"self":[{"href":"https:\/\/nordicmart.andreevmaster.com\/fi\/wp-json\/wp\/v2\/product\/36623","targetHints":{"allow":["GET"]}}],"collection":[{"href":"https:\/\/nordicmart.andreevmaster.com\/fi\/wp-json\/wp\/v2\/product"}],"about":[{"href":"https:\/\/nordicmart.andreevmaster.com\/fi\/wp-json\/wp\/v2\/types\/product"}],"replies":[{"embeddable":true,"href":"https:\/\/nordicmart.andreevmaster.com\/fi\/wp-json\/wp\/v2\/comments?post=36623"}],"wp:attachment":[{"href":"https:\/\/nordicmart.andreevmaster.com\/fi\/wp-json\/wp\/v2\/media?parent=36623"}],"wp:term":[{"taxonomy":"product_brand","embeddable":true,"href":"https:\/\/nordicmart.andreevmaster.com\/fi\/wp-json\/wp\/v2\/product_brand?post=36623"},{"taxonomy":"product_cat","embeddable":true,"href":"https:\/\/nordicmart.andreevmaster.com\/fi\/wp-json\/wp\/v2\/product_cat?post=36623"},{"taxonomy":"product_tag","embeddable":true,"href":"https:\/\/nordicmart.andreevmaster.com\/fi\/wp-json\/wp\/v2\/product_tag?post=36623"}],"curies":[{"name":"wp","href":"https:\/\/api.w.org\/{rel}","templated":true}]}}