{"id":36622,"date":"2026-02-27T00:35:14","date_gmt":"2026-02-27T00:35:14","guid":{"rendered":"https:\/\/nordicmart.andreevmaster.com\/product\/polkupyorafiguuri-mt209\/"},"modified":"2026-02-27T09:52:50","modified_gmt":"2026-02-27T09:52:50","slug":"polkupyorafiguuri-mt209","status":"publish","type":"product","link":"https:\/\/nordicmart.andreevmaster.com\/fi\/tuote\/polkupyorafiguuri-mt209\/","title":{"rendered":"Polkupy\u00f6r\u00e4figuuri MT209"},"content":{"rendered":"<p>Polkupy\u00f6r\u00e4figuuri MT209&nbsp;Polkupy\u00f6r\u00e4 kulkuv\u00e4lineen\u00e4 saa yh\u00e4 enemm\u00e4n kannattajia ymp\u00e4ri maailmaa. Py\u00f6r\u00e4matkailun yst\u00e4vien m\u00e4\u00e4r\u00e4 kasvaa edelleen. Etsitk\u00f6 mielenkiintoista lahjaa py\u00f6r\u00e4ilyn yst\u00e4ville? Polkupy\u00f6r\u00e4-pienoismalli on loistava lahja py\u00f6r\u00e4ilij\u00e4lle ja py\u00f6r\u00e4retkien yst\u00e4v\u00e4lle. Polkupy\u00f6r\u00e4-pienoismalli on valmistettu metallista. Se kuvaa vanhaa kaupunkipy\u00f6r\u00e4\u00e4, jonka py\u00f6r\u00e4 on v\u00e4\u00e4ntynyt. Messinkiv\u00e4rinen polkupy\u00f6r\u00e4-pienoismalli on omaper\u00e4inen koriste py\u00f6r\u00e4ilij\u00e4n hyllylle tai ty\u00f6p\u00f6yd\u00e4lle. Pienoismallin tiedot: Materiaali: metalli&bull; V\u00e4ri: messinki&bull; Mitat: K. 18 cm, P. 23,5 cm, S. 8 cm&nbsp;Py\u00f6r\u00e4figuuri sopii erinomaisesti:&nbsp;&bull; Lahjaksi py\u00f6r\u00e4ilij\u00e4lle&bull; Py\u00f6r\u00e4ilyn yst\u00e4v\u00e4n p\u00f6yd\u00e4n koristeeksi&bull; Py\u00f6r\u00e4korjaamon koristeeksi &nbsp;<\/p>\n","protected":false},"excerpt":{"rendered":"<p>Polkupy\u00f6r\u00e4figuuri MT209&nbsp;Polkupy\u00f6r\u00e4 kulkuv\u00e4lineen\u00e4 saa yh\u00e4 enemm\u00e4n kannattajia ymp\u00e4ri maailmaa. Py\u00f6r\u00e4matkailun yst\u00e4vien m\u00e4\u00e4r\u00e4 kasvaa edelleen. Etsitk\u00f6 mielenkiintoista lahjaa py\u00f6r\u00e4ilyn yst\u00e4ville? Polkupy\u00f6r\u00e4-pienoismalli on loistava lahja py\u00f6r\u00e4ilij\u00e4lle ja py\u00f6r\u00e4retkien yst\u00e4v\u00e4lle. Polkupy\u00f6r\u00e4-pienoismalli on valmistettu metallista. Se kuvaa vanhaa kaupunkipy\u00f6r\u00e4\u00e4, jonka py\u00f6r\u00e4 on v\u00e4\u00e4ntynyt. Messinkiv\u00e4rinen polkupy\u00f6r\u00e4-pienoismalli on omaper\u00e4inen koriste py\u00f6r\u00e4ilij\u00e4n hyllylle tai ty\u00f6p\u00f6yd\u00e4lle. Pienoismallin tiedot: Materiaali: metalli&bull; V\u00e4ri: messinki&bull; Mitat: [&hellip;]<\/p>\n","protected":false},"featured_media":44838,"comment_status":"open","ping_status":"closed","template":"","meta":[],"product_brand":[],"product_cat":[32],"product_tag":[],"class_list":{"0":"post-36622","1":"product","2":"type-product","3":"status-publish","4":"has-post-thumbnail","6":"product_cat-uncategorized-fi","8":"first","9":"instock","10":"shipping-taxable","11":"purchasable","12":"product-type-simple"},"_links":{"self":[{"href":"https:\/\/nordicmart.andreevmaster.com\/fi\/wp-json\/wp\/v2\/product\/36622","targetHints":{"allow":["GET"]}}],"collection":[{"href":"https:\/\/nordicmart.andreevmaster.com\/fi\/wp-json\/wp\/v2\/product"}],"about":[{"href":"https:\/\/nordicmart.andreevmaster.com\/fi\/wp-json\/wp\/v2\/types\/product"}],"replies":[{"embeddable":true,"href":"https:\/\/nordicmart.andreevmaster.com\/fi\/wp-json\/wp\/v2\/comments?post=36622"}],"wp:featuredmedia":[{"embeddable":true,"href":"https:\/\/nordicmart.andreevmaster.com\/fi\/wp-json\/wp\/v2\/media\/44838"}],"wp:attachment":[{"href":"https:\/\/nordicmart.andreevmaster.com\/fi\/wp-json\/wp\/v2\/media?parent=36622"}],"wp:term":[{"taxonomy":"product_brand","embeddable":true,"href":"https:\/\/nordicmart.andreevmaster.com\/fi\/wp-json\/wp\/v2\/product_brand?post=36622"},{"taxonomy":"product_cat","embeddable":true,"href":"https:\/\/nordicmart.andreevmaster.com\/fi\/wp-json\/wp\/v2\/product_cat?post=36622"},{"taxonomy":"product_tag","embeddable":true,"href":"https:\/\/nordicmart.andreevmaster.com\/fi\/wp-json\/wp\/v2\/product_tag?post=36622"}],"curies":[{"name":"wp","href":"https:\/\/api.w.org\/{rel}","templated":true}]}}