{"id":36621,"date":"2026-02-27T00:35:14","date_gmt":"2026-02-27T00:35:14","guid":{"rendered":"https:\/\/nordicmart.andreevmaster.com\/product\/korkkipallo-avaimenpera-mt2016\/"},"modified":"2026-02-27T09:52:49","modified_gmt":"2026-02-27T09:52:49","slug":"korkkipallo-avaimenpera-mt2016","status":"publish","type":"product","link":"https:\/\/nordicmart.andreevmaster.com\/fi\/tuote\/korkkipallo-avaimenpera-mt2016\/","title":{"rendered":"Korkkipallo-avaimenper\u00e4 &#8211; MT2016"},"content":{"rendered":"<p>Korkkinen avaimenper\u00e4 &#8211; MT2016&nbsp;&nbsp;&nbsp;Etsitk\u00f6 k\u00e4yt\u00e4nn\u00f6llist\u00e4 ja tyylik\u00e4st\u00e4 avaimenper\u00e4\u00e4? Korkkinen avaimenper\u00e4 on t\u00e4ydellinen valinta kaikille, jotka arvostavat yksinkertaisuutta ja toiminnallisuutta. Se on valmistettu luonnonkorkista, on kevyt, kest\u00e4v\u00e4 ja miellytt\u00e4v\u00e4 koskettaa.&nbsp;&nbsp;&nbsp;Miksi valita korkkinen riipus?&nbsp;Se ei uppoa! &#8211; Ihanteellinen rannikolla, merimiehille ja vesiurheilun harrastajille.K\u00e4tev\u00e4 ja k\u00e4yt\u00e4nn\u00f6llinen &#8211; helppo kiinnitt\u00e4\u00e4 avaimiin, reppuun tai laukkuun. Ymp\u00e4rist\u00f6yst\u00e4v\u00e4llinen &#8211; korkki on luonnollinen ja uusiutuva materiaali.&nbsp;Korkkinen riipus on my\u00f6s loistava lahjaidea kaikille, jotka arvostavat k\u00e4yt\u00e4nn\u00f6llisi\u00e4 ja omaper\u00e4isi\u00e4 esineit\u00e4.&nbsp;&nbsp;Se sopii erinomaisesti:&nbsp;Lahjaksi merimiehelleMerihenkiseksi lahjaksiLis\u00e4ksi lomapakettiinPieneksi eleeksi rakkaalle&nbsp;<\/p>\n","protected":false},"excerpt":{"rendered":"<p>Korkkinen avaimenper\u00e4 &#8211; MT2016&nbsp;&nbsp;&nbsp;Etsitk\u00f6 k\u00e4yt\u00e4nn\u00f6llist\u00e4 ja tyylik\u00e4st\u00e4 avaimenper\u00e4\u00e4? Korkkinen avaimenper\u00e4 on t\u00e4ydellinen valinta kaikille, jotka arvostavat yksinkertaisuutta ja toiminnallisuutta. Se on valmistettu luonnonkorkista, on kevyt, kest\u00e4v\u00e4 ja miellytt\u00e4v\u00e4 koskettaa.&nbsp;&nbsp;&nbsp;Miksi valita korkkinen riipus?&nbsp;Se ei uppoa! &#8211; Ihanteellinen rannikolla, merimiehille ja vesiurheilun harrastajille.K\u00e4tev\u00e4 ja k\u00e4yt\u00e4nn\u00f6llinen &#8211; helppo kiinnitt\u00e4\u00e4 avaimiin, reppuun tai laukkuun. Ymp\u00e4rist\u00f6yst\u00e4v\u00e4llinen &#8211; korkki on luonnollinen [&hellip;]<\/p>\n","protected":false},"featured_media":44837,"comment_status":"open","ping_status":"closed","template":"","meta":[],"product_brand":[],"product_cat":[32],"product_tag":[],"class_list":{"0":"post-36621","1":"product","2":"type-product","3":"status-publish","4":"has-post-thumbnail","6":"product_cat-uncategorized-fi","8":"first","9":"instock","10":"shipping-taxable","11":"purchasable","12":"product-type-simple"},"_links":{"self":[{"href":"https:\/\/nordicmart.andreevmaster.com\/fi\/wp-json\/wp\/v2\/product\/36621","targetHints":{"allow":["GET"]}}],"collection":[{"href":"https:\/\/nordicmart.andreevmaster.com\/fi\/wp-json\/wp\/v2\/product"}],"about":[{"href":"https:\/\/nordicmart.andreevmaster.com\/fi\/wp-json\/wp\/v2\/types\/product"}],"replies":[{"embeddable":true,"href":"https:\/\/nordicmart.andreevmaster.com\/fi\/wp-json\/wp\/v2\/comments?post=36621"}],"wp:featuredmedia":[{"embeddable":true,"href":"https:\/\/nordicmart.andreevmaster.com\/fi\/wp-json\/wp\/v2\/media\/44837"}],"wp:attachment":[{"href":"https:\/\/nordicmart.andreevmaster.com\/fi\/wp-json\/wp\/v2\/media?parent=36621"}],"wp:term":[{"taxonomy":"product_brand","embeddable":true,"href":"https:\/\/nordicmart.andreevmaster.com\/fi\/wp-json\/wp\/v2\/product_brand?post=36621"},{"taxonomy":"product_cat","embeddable":true,"href":"https:\/\/nordicmart.andreevmaster.com\/fi\/wp-json\/wp\/v2\/product_cat?post=36621"},{"taxonomy":"product_tag","embeddable":true,"href":"https:\/\/nordicmart.andreevmaster.com\/fi\/wp-json\/wp\/v2\/product_tag?post=36621"}],"curies":[{"name":"wp","href":"https:\/\/api.w.org\/{rel}","templated":true}]}}