{"id":36620,"date":"2026-02-27T00:35:14","date_gmt":"2026-02-27T00:35:14","guid":{"rendered":"https:\/\/nordicmart.andreevmaster.com\/product\/alypuhelinteline-ankkuri-mt201\/"},"modified":"2026-02-27T09:52:49","modified_gmt":"2026-02-27T09:52:49","slug":"alypuhelinteline-ankkuri-mt201","status":"publish","type":"product","link":"https:\/\/nordicmart.andreevmaster.com\/fi\/tuote\/alypuhelinteline-ankkuri-mt201\/","title":{"rendered":"\u00c4lypuhelinteline \u2013 Ankkuri \u2013 MT201"},"content":{"rendered":"<p>Anchor-\u00e4lypuhelinteline MT201&nbsp;&nbsp;Ankkurimainen \u00e4lypuhelinteline on hy\u00f6dyllinen gadget, joka on erityisen k\u00e4tev\u00e4 videopuheluiden sek\u00e4 elokuvien ja sarjojen katselun aikana. Se on pieni lahja merimiehelle. Se on hy\u00f6dyllinen, merihenkinen koriste yachtin kapteenin ty\u00f6p\u00f6yd\u00e4lle. Puhelinteline on valmistettu metallista.&nbsp;&nbsp;Telineen parametrit:&nbsp;Materiaali: metalliV\u00e4ri: hopea, kultaMitat: korkeus 25 cm, leveys 16 cm&nbsp;&nbsp;<\/p>\n","protected":false},"excerpt":{"rendered":"<p>Anchor-\u00e4lypuhelinteline MT201&nbsp;&nbsp;Ankkurimainen \u00e4lypuhelinteline on hy\u00f6dyllinen gadget, joka on erityisen k\u00e4tev\u00e4 videopuheluiden sek\u00e4 elokuvien ja sarjojen katselun aikana. Se on pieni lahja merimiehelle. Se on hy\u00f6dyllinen, merihenkinen koriste yachtin kapteenin ty\u00f6p\u00f6yd\u00e4lle. Puhelinteline on valmistettu metallista.&nbsp;&nbsp;Telineen parametrit:&nbsp;Materiaali: metalliV\u00e4ri: hopea, kultaMitat: korkeus 25 cm, leveys 16 cm&nbsp;&nbsp;<\/p>\n","protected":false},"featured_media":44836,"comment_status":"open","ping_status":"closed","template":"","meta":[],"product_brand":[],"product_cat":[32],"product_tag":[],"class_list":{"0":"post-36620","1":"product","2":"type-product","3":"status-publish","4":"has-post-thumbnail","6":"product_cat-uncategorized-fi","8":"first","9":"instock","10":"shipping-taxable","11":"purchasable","12":"product-type-simple"},"_links":{"self":[{"href":"https:\/\/nordicmart.andreevmaster.com\/fi\/wp-json\/wp\/v2\/product\/36620","targetHints":{"allow":["GET"]}}],"collection":[{"href":"https:\/\/nordicmart.andreevmaster.com\/fi\/wp-json\/wp\/v2\/product"}],"about":[{"href":"https:\/\/nordicmart.andreevmaster.com\/fi\/wp-json\/wp\/v2\/types\/product"}],"replies":[{"embeddable":true,"href":"https:\/\/nordicmart.andreevmaster.com\/fi\/wp-json\/wp\/v2\/comments?post=36620"}],"wp:featuredmedia":[{"embeddable":true,"href":"https:\/\/nordicmart.andreevmaster.com\/fi\/wp-json\/wp\/v2\/media\/44836"}],"wp:attachment":[{"href":"https:\/\/nordicmart.andreevmaster.com\/fi\/wp-json\/wp\/v2\/media?parent=36620"}],"wp:term":[{"taxonomy":"product_brand","embeddable":true,"href":"https:\/\/nordicmart.andreevmaster.com\/fi\/wp-json\/wp\/v2\/product_brand?post=36620"},{"taxonomy":"product_cat","embeddable":true,"href":"https:\/\/nordicmart.andreevmaster.com\/fi\/wp-json\/wp\/v2\/product_cat?post=36620"},{"taxonomy":"product_tag","embeddable":true,"href":"https:\/\/nordicmart.andreevmaster.com\/fi\/wp-json\/wp\/v2\/product_tag?post=36620"}],"curies":[{"name":"wp","href":"https:\/\/api.w.org\/{rel}","templated":true}]}}