{"id":36619,"date":"2026-02-27T00:35:13","date_gmt":"2026-02-27T00:35:13","guid":{"rendered":"https:\/\/nordicmart.andreevmaster.com\/product\/kirjanpitimet-nc2677c\/"},"modified":"2026-02-27T09:52:49","modified_gmt":"2026-02-27T09:52:49","slug":"kirjanpitimet-nc2677c","status":"publish","type":"product","link":"https:\/\/nordicmart.andreevmaster.com\/fi\/tuote\/kirjanpitimet-nc2677c\/","title":{"rendered":"Kirjanpitimet &#8211; NC2677C"},"content":{"rendered":"<p>Elegantit kirjanpitimet &#8211; Kirjanpitimet &#8211; NC2677C&nbsp;&nbsp;&nbsp;Kirjanpitimet ovat paitsi k\u00e4yt\u00e4nn\u00f6llinen tapa s\u00e4ilytt\u00e4\u00e4 kirjoja turvallisesti, my\u00f6s ainutlaatuinen sisustuselementti. Niiden ainutlaatuinen muotoilu sopii sek\u00e4 moderneihin ett\u00e4 klassisiin sisustuksiin ja lis\u00e4\u00e4 hienovaraista charmia ja eleganssia.&nbsp;T\u00e4m\u00e4 on hyv\u00e4 lahjaidea matkailun yst\u00e4ville, lukijoille ja omaper\u00e4isten koristeiden harrastajille.&nbsp;&nbsp;Tuotetiedot:&nbsp;Leveys 15,0 cmSyvyys 11,5 cmKorkeus 17,5 cmPuinen tukijalkaMuoviset pallotElegantti koriste-elementti<\/p>\n","protected":false},"excerpt":{"rendered":"<p>Elegantit kirjanpitimet &#8211; Kirjanpitimet &#8211; NC2677C&nbsp;&nbsp;&nbsp;Kirjanpitimet ovat paitsi k\u00e4yt\u00e4nn\u00f6llinen tapa s\u00e4ilytt\u00e4\u00e4 kirjoja turvallisesti, my\u00f6s ainutlaatuinen sisustuselementti. Niiden ainutlaatuinen muotoilu sopii sek\u00e4 moderneihin ett\u00e4 klassisiin sisustuksiin ja lis\u00e4\u00e4 hienovaraista charmia ja eleganssia.&nbsp;T\u00e4m\u00e4 on hyv\u00e4 lahjaidea matkailun yst\u00e4ville, lukijoille ja omaper\u00e4isten koristeiden harrastajille.&nbsp;&nbsp;Tuotetiedot:&nbsp;Leveys 15,0 cmSyvyys 11,5 cmKorkeus 17,5 cmPuinen tukijalkaMuoviset pallotElegantti koriste-elementti<\/p>\n","protected":false},"featured_media":44835,"comment_status":"open","ping_status":"closed","template":"","meta":[],"product_brand":[],"product_cat":[32],"product_tag":[],"class_list":{"0":"post-36619","1":"product","2":"type-product","3":"status-publish","4":"has-post-thumbnail","6":"product_cat-uncategorized-fi","8":"first","9":"instock","10":"shipping-taxable","11":"purchasable","12":"product-type-simple"},"_links":{"self":[{"href":"https:\/\/nordicmart.andreevmaster.com\/fi\/wp-json\/wp\/v2\/product\/36619","targetHints":{"allow":["GET"]}}],"collection":[{"href":"https:\/\/nordicmart.andreevmaster.com\/fi\/wp-json\/wp\/v2\/product"}],"about":[{"href":"https:\/\/nordicmart.andreevmaster.com\/fi\/wp-json\/wp\/v2\/types\/product"}],"replies":[{"embeddable":true,"href":"https:\/\/nordicmart.andreevmaster.com\/fi\/wp-json\/wp\/v2\/comments?post=36619"}],"wp:featuredmedia":[{"embeddable":true,"href":"https:\/\/nordicmart.andreevmaster.com\/fi\/wp-json\/wp\/v2\/media\/44835"}],"wp:attachment":[{"href":"https:\/\/nordicmart.andreevmaster.com\/fi\/wp-json\/wp\/v2\/media?parent=36619"}],"wp:term":[{"taxonomy":"product_brand","embeddable":true,"href":"https:\/\/nordicmart.andreevmaster.com\/fi\/wp-json\/wp\/v2\/product_brand?post=36619"},{"taxonomy":"product_cat","embeddable":true,"href":"https:\/\/nordicmart.andreevmaster.com\/fi\/wp-json\/wp\/v2\/product_cat?post=36619"},{"taxonomy":"product_tag","embeddable":true,"href":"https:\/\/nordicmart.andreevmaster.com\/fi\/wp-json\/wp\/v2\/product_tag?post=36619"}],"curies":[{"name":"wp","href":"https:\/\/api.w.org\/{rel}","templated":true}]}}