{"id":36618,"date":"2026-02-27T00:35:13","date_gmt":"2026-02-27T00:35:13","guid":{"rendered":"https:\/\/nordicmart.andreevmaster.com\/product\/marine-poytakello-nc2963\/"},"modified":"2026-02-27T09:52:49","modified_gmt":"2026-02-27T09:52:49","slug":"marine-poytakello-nc2963","status":"publish","type":"product","link":"https:\/\/nordicmart.andreevmaster.com\/fi\/tuote\/marine-poytakello-nc2963\/","title":{"rendered":"Marine-p\u00f6yt\u00e4kello NC2963"},"content":{"rendered":"<p>Marine-p\u00f6yt\u00e4kello NC2963&nbsp;&nbsp;Marine-tyylinen p\u00f6yt\u00e4kello on gadget, joka sopii t\u00e4ydellisesti merihenkisiin sisustuksiin. Koristeellisella tuuliruusulla varustettu kellotaulu vieh\u00e4tt\u00e4\u00e4 matkailusta kiinnostuneita maailmanmatkaajia. Samoin kellon toisella puolella oleva maailmankartta. Kello vetoaa ihmisiin, joilla on vahva side purjehdukseen.&nbsp;Pallomainen kello on sijoitettu messinkiseen, kultaiseen jalustaan. Mustat merkinn\u00e4t ja osoittimet erottuvat hyvin kellon valkoisesta kellotaulusta. Kellotaulu on koristeltu tuuliruusulla. Kellon takana on mustavalkoinen maailmankartta.&nbsp;&nbsp;Tuotetiedot:&nbsp;Materiaali: messinki, lasiMitat: korkeus 11 cm x leveys 9,5 cm x syvyys 5 cmV\u00e4ri: kultainenKellotaulu: valkoinen, mustalla tuuliruusullaKirjaimet: mustatViisarit: mustatMustavalkoinen maailmankartta takanaK\u00e4ytt\u00f6: paristo&nbsp;<\/p>\n","protected":false},"excerpt":{"rendered":"<p>Marine-p\u00f6yt\u00e4kello NC2963&nbsp;&nbsp;Marine-tyylinen p\u00f6yt\u00e4kello on gadget, joka sopii t\u00e4ydellisesti merihenkisiin sisustuksiin. Koristeellisella tuuliruusulla varustettu kellotaulu vieh\u00e4tt\u00e4\u00e4 matkailusta kiinnostuneita maailmanmatkaajia. Samoin kellon toisella puolella oleva maailmankartta. Kello vetoaa ihmisiin, joilla on vahva side purjehdukseen.&nbsp;Pallomainen kello on sijoitettu messinkiseen, kultaiseen jalustaan. Mustat merkinn\u00e4t ja osoittimet erottuvat hyvin kellon valkoisesta kellotaulusta. Kellotaulu on koristeltu tuuliruusulla. Kellon takana on mustavalkoinen [&hellip;]<\/p>\n","protected":false},"featured_media":44834,"comment_status":"open","ping_status":"closed","template":"","meta":[],"product_brand":[],"product_cat":[32],"product_tag":[],"class_list":{"0":"post-36618","1":"product","2":"type-product","3":"status-publish","4":"has-post-thumbnail","6":"product_cat-uncategorized-fi","8":"first","9":"instock","10":"shipping-taxable","11":"purchasable","12":"product-type-simple"},"_links":{"self":[{"href":"https:\/\/nordicmart.andreevmaster.com\/fi\/wp-json\/wp\/v2\/product\/36618","targetHints":{"allow":["GET"]}}],"collection":[{"href":"https:\/\/nordicmart.andreevmaster.com\/fi\/wp-json\/wp\/v2\/product"}],"about":[{"href":"https:\/\/nordicmart.andreevmaster.com\/fi\/wp-json\/wp\/v2\/types\/product"}],"replies":[{"embeddable":true,"href":"https:\/\/nordicmart.andreevmaster.com\/fi\/wp-json\/wp\/v2\/comments?post=36618"}],"wp:featuredmedia":[{"embeddable":true,"href":"https:\/\/nordicmart.andreevmaster.com\/fi\/wp-json\/wp\/v2\/media\/44834"}],"wp:attachment":[{"href":"https:\/\/nordicmart.andreevmaster.com\/fi\/wp-json\/wp\/v2\/media?parent=36618"}],"wp:term":[{"taxonomy":"product_brand","embeddable":true,"href":"https:\/\/nordicmart.andreevmaster.com\/fi\/wp-json\/wp\/v2\/product_brand?post=36618"},{"taxonomy":"product_cat","embeddable":true,"href":"https:\/\/nordicmart.andreevmaster.com\/fi\/wp-json\/wp\/v2\/product_cat?post=36618"},{"taxonomy":"product_tag","embeddable":true,"href":"https:\/\/nordicmart.andreevmaster.com\/fi\/wp-json\/wp\/v2\/product_tag?post=36618"}],"curies":[{"name":"wp","href":"https:\/\/api.w.org\/{rel}","templated":true}]}}