{"id":36617,"date":"2026-02-27T00:35:13","date_gmt":"2026-02-27T00:35:13","guid":{"rendered":"https:\/\/nordicmart.andreevmaster.com\/product\/hopeinen-kompassiaurinkokello-nc1028\/"},"modified":"2026-02-27T09:52:48","modified_gmt":"2026-02-27T09:52:48","slug":"hopeinen-kompassiaurinkokello-nc1028","status":"publish","type":"product","link":"https:\/\/nordicmart.andreevmaster.com\/fi\/tuote\/hopeinen-kompassiaurinkokello-nc1028\/","title":{"rendered":"Hopeinen kompassiaurinkokello | NC1028"},"content":{"rendered":"<p>Hopeinen kompassiaurinkokello &#8211; NC1028&nbsp;&nbsp;Hopeinen aurinkokello kompassilla &#8211; malli NC1028. Valmistettu messingist\u00e4, hopeanv\u00e4rinen. Kompassineula on musta, k\u00e4rki punainen. Esitelty aurinkokello on nimelt\u00e4\u00e4n Dollondin aurinkokello. Kompassin ansiosta laite on mahdollista sijoittaa pohjois-etel\u00e4-linjalle. T\u00e4m\u00e4n ansiosta, kun gnomon nostetaan pystyasentoon \u2013 kolmionmuotoinen, liikkuva osoitin yl\u00e4osassa \u2013 auringon s\u00e4teet heitt\u00e4v\u00e4t varjon laitteen ulkokeh\u00e4lle, jossa tunnit on merkitty. Sitten voit lukea kellonajan.&nbsp;Upea lahja purjehdus- ja merenkulkuharrastajalle. Mielenkiintoinen koriste-elementti ty\u00f6p\u00f6yd\u00e4lle. Sopii erinomaisesti moderneihin ja kolonialistisiin sisustuksiin.&nbsp;&nbsp;Mitat: &nbsp;Halkaisija 4,5 cmPituus nastalla 6,5 cm&nbsp;&nbsp;<\/p>\n","protected":false},"excerpt":{"rendered":"<p>Hopeinen kompassiaurinkokello &#8211; NC1028&nbsp;&nbsp;Hopeinen aurinkokello kompassilla &#8211; malli NC1028. Valmistettu messingist\u00e4, hopeanv\u00e4rinen. Kompassineula on musta, k\u00e4rki punainen. Esitelty aurinkokello on nimelt\u00e4\u00e4n Dollondin aurinkokello. Kompassin ansiosta laite on mahdollista sijoittaa pohjois-etel\u00e4-linjalle. T\u00e4m\u00e4n ansiosta, kun gnomon nostetaan pystyasentoon \u2013 kolmionmuotoinen, liikkuva osoitin yl\u00e4osassa \u2013 auringon s\u00e4teet heitt\u00e4v\u00e4t varjon laitteen ulkokeh\u00e4lle, jossa tunnit on merkitty. Sitten voit lukea [&hellip;]<\/p>\n","protected":false},"featured_media":44833,"comment_status":"open","ping_status":"closed","template":"","meta":[],"product_brand":[],"product_cat":[32],"product_tag":[],"class_list":{"0":"post-36617","1":"product","2":"type-product","3":"status-publish","4":"has-post-thumbnail","6":"product_cat-uncategorized-fi","8":"first","9":"instock","10":"shipping-taxable","11":"purchasable","12":"product-type-simple"},"_links":{"self":[{"href":"https:\/\/nordicmart.andreevmaster.com\/fi\/wp-json\/wp\/v2\/product\/36617","targetHints":{"allow":["GET"]}}],"collection":[{"href":"https:\/\/nordicmart.andreevmaster.com\/fi\/wp-json\/wp\/v2\/product"}],"about":[{"href":"https:\/\/nordicmart.andreevmaster.com\/fi\/wp-json\/wp\/v2\/types\/product"}],"replies":[{"embeddable":true,"href":"https:\/\/nordicmart.andreevmaster.com\/fi\/wp-json\/wp\/v2\/comments?post=36617"}],"wp:featuredmedia":[{"embeddable":true,"href":"https:\/\/nordicmart.andreevmaster.com\/fi\/wp-json\/wp\/v2\/media\/44833"}],"wp:attachment":[{"href":"https:\/\/nordicmart.andreevmaster.com\/fi\/wp-json\/wp\/v2\/media?parent=36617"}],"wp:term":[{"taxonomy":"product_brand","embeddable":true,"href":"https:\/\/nordicmart.andreevmaster.com\/fi\/wp-json\/wp\/v2\/product_brand?post=36617"},{"taxonomy":"product_cat","embeddable":true,"href":"https:\/\/nordicmart.andreevmaster.com\/fi\/wp-json\/wp\/v2\/product_cat?post=36617"},{"taxonomy":"product_tag","embeddable":true,"href":"https:\/\/nordicmart.andreevmaster.com\/fi\/wp-json\/wp\/v2\/product_tag?post=36617"}],"curies":[{"name":"wp","href":"https:\/\/api.w.org\/{rel}","templated":true}]}}