{"id":36616,"date":"2026-02-27T00:35:13","date_gmt":"2026-02-27T00:35:13","guid":{"rendered":"https:\/\/nordicmart.andreevmaster.com\/product\/messinkinen-kompassi-kelluvalla-suojalla-nc1609\/"},"modified":"2026-02-27T09:52:48","modified_gmt":"2026-02-27T09:52:48","slug":"messinkinen-kompassi-kelluvalla-suojalla-nc1609","status":"publish","type":"product","link":"https:\/\/nordicmart.andreevmaster.com\/fi\/tuote\/messinkinen-kompassi-kelluvalla-suojalla-nc1609\/","title":{"rendered":"Messinkinen kompassi kelluvalla suojalla | NC1609"},"content":{"rendered":"<p>Messinkinen kompassi kelluvalla asteikolla NC1609&nbsp;&nbsp;Messinkinen kompassi kelluvalla asteikolla on tyylik\u00e4s merihenkinen gadget, joka tuo huoneeseen merellist\u00e4 tunnelmaa. Toiminnallinen kompassi, jossa kompassin asteikko toimii magneettineulana, on mielenkiintoinen vaihtoehto tavallisille kompasseille. Kompassin asteikko on vapaasti ripustettu, joten se n\u00e4ytt\u00e4\u00e4 kelluvan.&nbsp;Kompassi on kaunis lahja ruorimiehelle, kapteenille tai merimiehelle. Se voi toimia my\u00f6s ep\u00e4tavallisena paperipainona. Se on ainutlaatuinen koriste-elementti, joka sopii hyvin merihenkisiin, kolonialistisiin tai vintage-tyylisiin huoneisiin.&nbsp;&nbsp;Tuotetiedot:&nbsp;Materiaali: messinki, lasi.Mitat: 5,90 x 5,90 x 3 cm V\u00e4ri: ruskea Kellotaulun v\u00e4ri: ruskean ja beigen s\u00e4vyt Koristeellinen kellotaulu Magneettineula: vapaasti ripustettu kompassin kellotaulu toimii neulana. Kompassi sopii hyvin: Lahjaksi merimiehelle Lahjaksi kipparille Merityyliseksi gadgetiksi Mielenkiintoiseksi paperipainoksi Vintage-tyyliseksi koristeeksi &nbsp;<\/p>\n","protected":false},"excerpt":{"rendered":"<p>Messinkinen kompassi kelluvalla asteikolla NC1609&nbsp;&nbsp;Messinkinen kompassi kelluvalla asteikolla on tyylik\u00e4s merihenkinen gadget, joka tuo huoneeseen merellist\u00e4 tunnelmaa. Toiminnallinen kompassi, jossa kompassin asteikko toimii magneettineulana, on mielenkiintoinen vaihtoehto tavallisille kompasseille. Kompassin asteikko on vapaasti ripustettu, joten se n\u00e4ytt\u00e4\u00e4 kelluvan.&nbsp;Kompassi on kaunis lahja ruorimiehelle, kapteenille tai merimiehelle. Se voi toimia my\u00f6s ep\u00e4tavallisena paperipainona. Se on ainutlaatuinen koriste-elementti, [&hellip;]<\/p>\n","protected":false},"featured_media":44832,"comment_status":"open","ping_status":"closed","template":"","meta":[],"product_brand":[],"product_cat":[32],"product_tag":[],"class_list":{"0":"post-36616","1":"product","2":"type-product","3":"status-publish","4":"has-post-thumbnail","6":"product_cat-uncategorized-fi","8":"first","9":"instock","10":"shipping-taxable","11":"purchasable","12":"product-type-simple"},"_links":{"self":[{"href":"https:\/\/nordicmart.andreevmaster.com\/fi\/wp-json\/wp\/v2\/product\/36616","targetHints":{"allow":["GET"]}}],"collection":[{"href":"https:\/\/nordicmart.andreevmaster.com\/fi\/wp-json\/wp\/v2\/product"}],"about":[{"href":"https:\/\/nordicmart.andreevmaster.com\/fi\/wp-json\/wp\/v2\/types\/product"}],"replies":[{"embeddable":true,"href":"https:\/\/nordicmart.andreevmaster.com\/fi\/wp-json\/wp\/v2\/comments?post=36616"}],"wp:featuredmedia":[{"embeddable":true,"href":"https:\/\/nordicmart.andreevmaster.com\/fi\/wp-json\/wp\/v2\/media\/44832"}],"wp:attachment":[{"href":"https:\/\/nordicmart.andreevmaster.com\/fi\/wp-json\/wp\/v2\/media?parent=36616"}],"wp:term":[{"taxonomy":"product_brand","embeddable":true,"href":"https:\/\/nordicmart.andreevmaster.com\/fi\/wp-json\/wp\/v2\/product_brand?post=36616"},{"taxonomy":"product_cat","embeddable":true,"href":"https:\/\/nordicmart.andreevmaster.com\/fi\/wp-json\/wp\/v2\/product_cat?post=36616"},{"taxonomy":"product_tag","embeddable":true,"href":"https:\/\/nordicmart.andreevmaster.com\/fi\/wp-json\/wp\/v2\/product_tag?post=36616"}],"curies":[{"name":"wp","href":"https:\/\/api.w.org\/{rel}","templated":true}]}}