{"id":36615,"date":"2026-02-27T00:35:12","date_gmt":"2026-02-27T00:35:12","guid":{"rendered":"https:\/\/nordicmart.andreevmaster.com\/product\/messinkinen-linssikompassi-nc2511\/"},"modified":"2026-02-27T09:52:48","modified_gmt":"2026-02-27T09:52:48","slug":"messinkinen-linssikompassi-nc2511","status":"publish","type":"product","link":"https:\/\/nordicmart.andreevmaster.com\/fi\/tuote\/messinkinen-linssikompassi-nc2511\/","title":{"rendered":"Messinkinen linssikompassi &#8211; NC2511"},"content":{"rendered":"<p>Messinkinen linssikompassi &#8211; NC2511&nbsp;&nbsp;&nbsp;Suuri linssikompassi on upea p\u00f6yt\u00e4koriste kaikille matkailun yst\u00e4ville. Se sopii erinomaisesti merihenkisen tyylin m\u00f6kkiin tai huoneeseen. Kompassi toimii hyvin my\u00f6s mielenkiintoisena paperipainona. &nbsp;Kompassi on t\u00e4ysin toimiva. Laite on replica brittil\u00e4isest\u00e4 kompassista vuodelta 1941, jonka on valmistanut H. Hughes. Kompassin kotelo on valmistettu messingist\u00e4. Pohjassa on kaunis sananlasku: &quot;Tuhat mailin matka alkaa yhdell\u00e4 askeleella&quot;. &#8211; &quot;Tuhat mailin matka alkaa ensimm\u00e4isell\u00e4 askeleella&quot;. Linssin k\u00e4ytt\u00f6 antaa vaikutelman, ett\u00e4 asteikko on upotettu nesteeseen. Kompassin asteikko toimii magneettineulana.&nbsp;&nbsp;Tuotetiedot:&nbsp;&nbsp;Mitat: 8 x 8 x 2,70 cmMateriaali: messinki, lasiV\u00e4ri: messinki, musta, beigeMagneettineula: kompassin asteikko toimii magneettineulanaKirjoitukset: musta&nbsp;&nbsp;<\/p>\n","protected":false},"excerpt":{"rendered":"<p>Messinkinen linssikompassi &#8211; NC2511&nbsp;&nbsp;&nbsp;Suuri linssikompassi on upea p\u00f6yt\u00e4koriste kaikille matkailun yst\u00e4ville. Se sopii erinomaisesti merihenkisen tyylin m\u00f6kkiin tai huoneeseen. Kompassi toimii hyvin my\u00f6s mielenkiintoisena paperipainona. &nbsp;Kompassi on t\u00e4ysin toimiva. Laite on replica brittil\u00e4isest\u00e4 kompassista vuodelta 1941, jonka on valmistanut H. Hughes. Kompassin kotelo on valmistettu messingist\u00e4. Pohjassa on kaunis sananlasku: &quot;Tuhat mailin matka alkaa yhdell\u00e4 [&hellip;]<\/p>\n","protected":false},"featured_media":44831,"comment_status":"open","ping_status":"closed","template":"","meta":[],"product_brand":[],"product_cat":[32],"product_tag":[],"class_list":{"0":"post-36615","1":"product","2":"type-product","3":"status-publish","4":"has-post-thumbnail","6":"product_cat-uncategorized-fi","8":"first","9":"instock","10":"shipping-taxable","11":"purchasable","12":"product-type-simple"},"_links":{"self":[{"href":"https:\/\/nordicmart.andreevmaster.com\/fi\/wp-json\/wp\/v2\/product\/36615","targetHints":{"allow":["GET"]}}],"collection":[{"href":"https:\/\/nordicmart.andreevmaster.com\/fi\/wp-json\/wp\/v2\/product"}],"about":[{"href":"https:\/\/nordicmart.andreevmaster.com\/fi\/wp-json\/wp\/v2\/types\/product"}],"replies":[{"embeddable":true,"href":"https:\/\/nordicmart.andreevmaster.com\/fi\/wp-json\/wp\/v2\/comments?post=36615"}],"wp:featuredmedia":[{"embeddable":true,"href":"https:\/\/nordicmart.andreevmaster.com\/fi\/wp-json\/wp\/v2\/media\/44831"}],"wp:attachment":[{"href":"https:\/\/nordicmart.andreevmaster.com\/fi\/wp-json\/wp\/v2\/media?parent=36615"}],"wp:term":[{"taxonomy":"product_brand","embeddable":true,"href":"https:\/\/nordicmart.andreevmaster.com\/fi\/wp-json\/wp\/v2\/product_brand?post=36615"},{"taxonomy":"product_cat","embeddable":true,"href":"https:\/\/nordicmart.andreevmaster.com\/fi\/wp-json\/wp\/v2\/product_cat?post=36615"},{"taxonomy":"product_tag","embeddable":true,"href":"https:\/\/nordicmart.andreevmaster.com\/fi\/wp-json\/wp\/v2\/product_tag?post=36615"}],"curies":[{"name":"wp","href":"https:\/\/api.w.org\/{rel}","templated":true}]}}