{"id":36614,"date":"2026-02-27T00:35:12","date_gmt":"2026-02-27T00:35:12","guid":{"rendered":"https:\/\/nordicmart.andreevmaster.com\/product\/linssikompassi-messinki-ja-lasi-nc2119\/"},"modified":"2026-02-27T09:52:48","modified_gmt":"2026-02-27T09:52:48","slug":"linssikompassi-messinki-ja-lasi-nc2119","status":"publish","type":"product","link":"https:\/\/nordicmart.andreevmaster.com\/fi\/tuote\/linssikompassi-messinki-ja-lasi-nc2119\/","title":{"rendered":"Linssikompassi \u2013 messinki ja lasi NC2119"},"content":{"rendered":"<p>Linssikompassi \u2013 messinki ja lasi NC2119&nbsp;&nbsp;&nbsp;Linssikompassi on ihanteellinen koriste jokaisen matkailun yst\u00e4v\u00e4n ty\u00f6p\u00f6yd\u00e4lle. Se voi toimia omaper\u00e4isen\u00e4 ja tyylikk\u00e4\u00e4n\u00e4 paperipainona. &#8221;Kelluva&#8221; kompassin asteikko antaa vaikutelman, ett\u00e4 sen sis\u00e4ll\u00e4 on nestett\u00e4. Kompassi on toimiva. Kompassin kotelo on valmistettu messingist\u00e4. Kompassin asteikko sijaitsee paksun linssin alla, joka suurentaa n\u00e4kyv\u00e4n kuvan. Kompassissa ei ole neulaa, vaan sen teht\u00e4v\u00e4n hoitaa itse kompassikello. Kompassikello on beige-, punainen- ja mustas\u00e4vyinen. &nbsp; &nbsp;Tuotetiedot:&nbsp;&nbsp;Mitat: halkaisija 6,3 cm, korkeus 3 cm. Materiaali: messinki, lasi V\u00e4ri: messinki, musta, punainen, beige Magneettinen neula: kompassikello hoitaa t\u00e4m\u00e4n teht\u00e4v\u00e4n&nbsp;<\/p>\n","protected":false},"excerpt":{"rendered":"<p>Linssikompassi \u2013 messinki ja lasi NC2119&nbsp;&nbsp;&nbsp;Linssikompassi on ihanteellinen koriste jokaisen matkailun yst\u00e4v\u00e4n ty\u00f6p\u00f6yd\u00e4lle. Se voi toimia omaper\u00e4isen\u00e4 ja tyylikk\u00e4\u00e4n\u00e4 paperipainona. &#8221;Kelluva&#8221; kompassin asteikko antaa vaikutelman, ett\u00e4 sen sis\u00e4ll\u00e4 on nestett\u00e4. Kompassi on toimiva. Kompassin kotelo on valmistettu messingist\u00e4. Kompassin asteikko sijaitsee paksun linssin alla, joka suurentaa n\u00e4kyv\u00e4n kuvan. Kompassissa ei ole neulaa, vaan sen teht\u00e4v\u00e4n [&hellip;]<\/p>\n","protected":false},"featured_media":44830,"comment_status":"open","ping_status":"closed","template":"","meta":[],"product_brand":[],"product_cat":[32],"product_tag":[],"class_list":{"0":"post-36614","1":"product","2":"type-product","3":"status-publish","4":"has-post-thumbnail","6":"product_cat-uncategorized-fi","8":"first","9":"instock","10":"shipping-taxable","11":"purchasable","12":"product-type-simple"},"_links":{"self":[{"href":"https:\/\/nordicmart.andreevmaster.com\/fi\/wp-json\/wp\/v2\/product\/36614","targetHints":{"allow":["GET"]}}],"collection":[{"href":"https:\/\/nordicmart.andreevmaster.com\/fi\/wp-json\/wp\/v2\/product"}],"about":[{"href":"https:\/\/nordicmart.andreevmaster.com\/fi\/wp-json\/wp\/v2\/types\/product"}],"replies":[{"embeddable":true,"href":"https:\/\/nordicmart.andreevmaster.com\/fi\/wp-json\/wp\/v2\/comments?post=36614"}],"wp:featuredmedia":[{"embeddable":true,"href":"https:\/\/nordicmart.andreevmaster.com\/fi\/wp-json\/wp\/v2\/media\/44830"}],"wp:attachment":[{"href":"https:\/\/nordicmart.andreevmaster.com\/fi\/wp-json\/wp\/v2\/media?parent=36614"}],"wp:term":[{"taxonomy":"product_brand","embeddable":true,"href":"https:\/\/nordicmart.andreevmaster.com\/fi\/wp-json\/wp\/v2\/product_brand?post=36614"},{"taxonomy":"product_cat","embeddable":true,"href":"https:\/\/nordicmart.andreevmaster.com\/fi\/wp-json\/wp\/v2\/product_cat?post=36614"},{"taxonomy":"product_tag","embeddable":true,"href":"https:\/\/nordicmart.andreevmaster.com\/fi\/wp-json\/wp\/v2\/product_tag?post=36614"}],"curies":[{"name":"wp","href":"https:\/\/api.w.org\/{rel}","templated":true}]}}