{"id":36613,"date":"2026-02-27T00:35:12","date_gmt":"2026-02-27T00:35:12","guid":{"rendered":"https:\/\/nordicmart.andreevmaster.com\/product\/lukulasin-luukahvalla-nc1099a\/"},"modified":"2026-02-27T09:52:48","modified_gmt":"2026-02-27T09:52:48","slug":"lukulasin-luukahvalla-nc1099a","status":"publish","type":"product","link":"https:\/\/nordicmart.andreevmaster.com\/fi\/tuote\/lukulasin-luukahvalla-nc1099a\/","title":{"rendered":"Lukulasin luukahvalla NC1099A"},"content":{"rendered":"<p>Lukulasin luukahvalla NC1099A&nbsp;&nbsp;Lukulasin luukahvalla on tyylik\u00e4s vaihtoehto muovimalleille. Se helpottaa kirjojen ja suosikkilehtien lukemista, arkistojen selailua ja huomaamattomien yksityiskohtien l\u00f6yt\u00e4mist\u00e4. Se sopii erinomaisesti klassisen, englantilaisen tai kolonialistisen tyylin toimistoon tai ty\u00f6huoneeseen. Lukuluuppi on k\u00e4yt\u00e4nn\u00f6llinen lahja isovanhemmille, pomolle ja kaikille, jotka tarvitsevat ajoittain apua pienen tekstin lukemisessa.&nbsp;Luupin kotelo on valmistettu hopeanv\u00e4risest\u00e4 messingist\u00e4. Kahva on hunajanruskeaa luuta. Luuppi suurentaa 3,5-kertaisesti.&nbsp;&nbsp;Tuotetiedot:&nbsp;Mitat: P. 24,5 cm, halkaisija 10 cm, korkeus 2 cm Materiaali: messinki, lasi, luu V\u00e4rit: hopeanhohtoinen, hunaja, ruskea Suurennus: 3,5x&nbsp;<\/p>\n","protected":false},"excerpt":{"rendered":"<p>Lukulasin luukahvalla NC1099A&nbsp;&nbsp;Lukulasin luukahvalla on tyylik\u00e4s vaihtoehto muovimalleille. Se helpottaa kirjojen ja suosikkilehtien lukemista, arkistojen selailua ja huomaamattomien yksityiskohtien l\u00f6yt\u00e4mist\u00e4. Se sopii erinomaisesti klassisen, englantilaisen tai kolonialistisen tyylin toimistoon tai ty\u00f6huoneeseen. Lukuluuppi on k\u00e4yt\u00e4nn\u00f6llinen lahja isovanhemmille, pomolle ja kaikille, jotka tarvitsevat ajoittain apua pienen tekstin lukemisessa.&nbsp;Luupin kotelo on valmistettu hopeanv\u00e4risest\u00e4 messingist\u00e4. Kahva on hunajanruskeaa luuta. [&hellip;]<\/p>\n","protected":false},"featured_media":44829,"comment_status":"open","ping_status":"closed","template":"","meta":[],"product_brand":[],"product_cat":[32],"product_tag":[],"class_list":{"0":"post-36613","1":"product","2":"type-product","3":"status-publish","4":"has-post-thumbnail","6":"product_cat-uncategorized-fi","8":"first","9":"instock","10":"shipping-taxable","11":"purchasable","12":"product-type-simple"},"_links":{"self":[{"href":"https:\/\/nordicmart.andreevmaster.com\/fi\/wp-json\/wp\/v2\/product\/36613","targetHints":{"allow":["GET"]}}],"collection":[{"href":"https:\/\/nordicmart.andreevmaster.com\/fi\/wp-json\/wp\/v2\/product"}],"about":[{"href":"https:\/\/nordicmart.andreevmaster.com\/fi\/wp-json\/wp\/v2\/types\/product"}],"replies":[{"embeddable":true,"href":"https:\/\/nordicmart.andreevmaster.com\/fi\/wp-json\/wp\/v2\/comments?post=36613"}],"wp:featuredmedia":[{"embeddable":true,"href":"https:\/\/nordicmart.andreevmaster.com\/fi\/wp-json\/wp\/v2\/media\/44829"}],"wp:attachment":[{"href":"https:\/\/nordicmart.andreevmaster.com\/fi\/wp-json\/wp\/v2\/media?parent=36613"}],"wp:term":[{"taxonomy":"product_brand","embeddable":true,"href":"https:\/\/nordicmart.andreevmaster.com\/fi\/wp-json\/wp\/v2\/product_brand?post=36613"},{"taxonomy":"product_cat","embeddable":true,"href":"https:\/\/nordicmart.andreevmaster.com\/fi\/wp-json\/wp\/v2\/product_cat?post=36613"},{"taxonomy":"product_tag","embeddable":true,"href":"https:\/\/nordicmart.andreevmaster.com\/fi\/wp-json\/wp\/v2\/product_tag?post=36613"}],"curies":[{"name":"wp","href":"https:\/\/api.w.org\/{rel}","templated":true}]}}