{"id":36612,"date":"2026-02-27T00:35:12","date_gmt":"2026-02-27T00:35:12","guid":{"rendered":"https:\/\/nordicmart.andreevmaster.com\/product\/pieni-sukeltajan-kypara-kellolla-nc1220\/"},"modified":"2026-02-27T09:52:47","modified_gmt":"2026-02-27T09:52:47","slug":"pieni-sukeltajan-kypara-kellolla-nc1220","status":"publish","type":"product","link":"https:\/\/nordicmart.andreevmaster.com\/fi\/tuote\/pieni-sukeltajan-kypara-kellolla-nc1220\/","title":{"rendered":"Pieni sukeltajan kyp\u00e4r\u00e4 kellolla NC1220"},"content":{"rendered":"<p>Pieni sukelluskyp\u00e4r\u00e4 kellolla NC1220 &nbsp;&nbsp;Pieni sukelluskyp\u00e4r\u00e4 kellolla on vieh\u00e4tt\u00e4v\u00e4 koriste, joka miellytt\u00e4\u00e4 vedenalaisen tutkimuksen yst\u00e4vi\u00e4. Pieni p\u00f6yt\u00e4kello tuo merellist\u00e4 tunnelmaa ty\u00f6paikalle ja korostaa omistajan rakkautta sukellukseen. Koristeellinen sukelluskyp\u00e4r\u00e4 on loistava lahja sukelluksen harrastajalle, meri-ilmaston yst\u00e4v\u00e4lle ja vedenalaisen maailman ihailijalle. Sukelluskyp\u00e4r\u00e4 on valmistettu puusta ja messingist\u00e4. Etupuolella olevan ikkunan paikalla on kello, jossa on valkoinen kellotaulu, mustat numerot ja kultaiset osoittimet. Kyp\u00e4r\u00e4n p\u00e4\u00e4ll\u00e4 on pieni kompassi.&nbsp;&nbsp;Tuotetiedot:&nbsp;&nbsp;Materiaali: puu, messinki, lasiMitat: 10 x 9,5 x 11,5 cmV\u00e4ri: ruskea, messinki&nbsp;<\/p>\n","protected":false},"excerpt":{"rendered":"<p>Pieni sukelluskyp\u00e4r\u00e4 kellolla NC1220 &nbsp;&nbsp;Pieni sukelluskyp\u00e4r\u00e4 kellolla on vieh\u00e4tt\u00e4v\u00e4 koriste, joka miellytt\u00e4\u00e4 vedenalaisen tutkimuksen yst\u00e4vi\u00e4. Pieni p\u00f6yt\u00e4kello tuo merellist\u00e4 tunnelmaa ty\u00f6paikalle ja korostaa omistajan rakkautta sukellukseen. Koristeellinen sukelluskyp\u00e4r\u00e4 on loistava lahja sukelluksen harrastajalle, meri-ilmaston yst\u00e4v\u00e4lle ja vedenalaisen maailman ihailijalle. Sukelluskyp\u00e4r\u00e4 on valmistettu puusta ja messingist\u00e4. Etupuolella olevan ikkunan paikalla on kello, jossa on valkoinen kellotaulu, [&hellip;]<\/p>\n","protected":false},"featured_media":44828,"comment_status":"open","ping_status":"closed","template":"","meta":[],"product_brand":[],"product_cat":[32],"product_tag":[],"class_list":{"0":"post-36612","1":"product","2":"type-product","3":"status-publish","4":"has-post-thumbnail","6":"product_cat-uncategorized-fi","8":"first","9":"instock","10":"shipping-taxable","11":"purchasable","12":"product-type-simple"},"_links":{"self":[{"href":"https:\/\/nordicmart.andreevmaster.com\/fi\/wp-json\/wp\/v2\/product\/36612","targetHints":{"allow":["GET"]}}],"collection":[{"href":"https:\/\/nordicmart.andreevmaster.com\/fi\/wp-json\/wp\/v2\/product"}],"about":[{"href":"https:\/\/nordicmart.andreevmaster.com\/fi\/wp-json\/wp\/v2\/types\/product"}],"replies":[{"embeddable":true,"href":"https:\/\/nordicmart.andreevmaster.com\/fi\/wp-json\/wp\/v2\/comments?post=36612"}],"wp:featuredmedia":[{"embeddable":true,"href":"https:\/\/nordicmart.andreevmaster.com\/fi\/wp-json\/wp\/v2\/media\/44828"}],"wp:attachment":[{"href":"https:\/\/nordicmart.andreevmaster.com\/fi\/wp-json\/wp\/v2\/media?parent=36612"}],"wp:term":[{"taxonomy":"product_brand","embeddable":true,"href":"https:\/\/nordicmart.andreevmaster.com\/fi\/wp-json\/wp\/v2\/product_brand?post=36612"},{"taxonomy":"product_cat","embeddable":true,"href":"https:\/\/nordicmart.andreevmaster.com\/fi\/wp-json\/wp\/v2\/product_cat?post=36612"},{"taxonomy":"product_tag","embeddable":true,"href":"https:\/\/nordicmart.andreevmaster.com\/fi\/wp-json\/wp\/v2\/product_tag?post=36612"}],"curies":[{"name":"wp","href":"https:\/\/api.w.org\/{rel}","templated":true}]}}