{"id":36611,"date":"2026-02-27T00:35:11","date_gmt":"2026-02-27T00:35:11","guid":{"rendered":"https:\/\/nordicmart.andreevmaster.com\/product\/retro-pyora-figuuri-nc1714\/"},"modified":"2026-02-27T09:52:47","modified_gmt":"2026-02-27T09:52:47","slug":"retro-pyora-figuuri-nc1714","status":"publish","type":"product","link":"https:\/\/nordicmart.andreevmaster.com\/fi\/tuote\/retro-pyora-figuuri-nc1714\/","title":{"rendered":"Retro-py\u00f6r\u00e4-figuuri NC1714"},"content":{"rendered":"<p>Retro Bike -pienoismalli NC1714&nbsp;&nbsp;Retro Bike -pienoismalli on lahjaidea py\u00f6r\u00e4ilij\u00e4lle ja t\u00e4m\u00e4n ekologisen kulkuv\u00e4lineen yst\u00e4v\u00e4lle. Se sopii hyvin koristeeksi py\u00f6r\u00e4korjaamoon.&nbsp;Malli kuvaa kaupunkipy\u00f6r\u00e4\u00e4. Ohjauspy\u00f6r\u00e4 ja etupy\u00f6r\u00e4 ovat liikkuvat. Retro Bike -figuuri on valmistettu metallista. Kahvat ja satula ovat puusta. Figuurilla on antiikkinen ulkon\u00e4k\u00f6. Se on t\u00e4ydellinen koriste-elementti klassisen ja modernin tyylin huoneisiin.&nbsp;&nbsp;Tuotetiedot:&nbsp;Materiaali: metalli, puuV\u00e4ri: ruskean ja beigen s\u00e4vytMitat: 35 x 11 x 24,5 cm&nbsp;<\/p>\n","protected":false},"excerpt":{"rendered":"<p>Retro Bike -pienoismalli NC1714&nbsp;&nbsp;Retro Bike -pienoismalli on lahjaidea py\u00f6r\u00e4ilij\u00e4lle ja t\u00e4m\u00e4n ekologisen kulkuv\u00e4lineen yst\u00e4v\u00e4lle. Se sopii hyvin koristeeksi py\u00f6r\u00e4korjaamoon.&nbsp;Malli kuvaa kaupunkipy\u00f6r\u00e4\u00e4. Ohjauspy\u00f6r\u00e4 ja etupy\u00f6r\u00e4 ovat liikkuvat. Retro Bike -figuuri on valmistettu metallista. Kahvat ja satula ovat puusta. Figuurilla on antiikkinen ulkon\u00e4k\u00f6. Se on t\u00e4ydellinen koriste-elementti klassisen ja modernin tyylin huoneisiin.&nbsp;&nbsp;Tuotetiedot:&nbsp;Materiaali: metalli, puuV\u00e4ri: ruskean ja beigen [&hellip;]<\/p>\n","protected":false},"featured_media":44827,"comment_status":"open","ping_status":"closed","template":"","meta":[],"product_brand":[],"product_cat":[32],"product_tag":[],"class_list":{"0":"post-36611","1":"product","2":"type-product","3":"status-publish","4":"has-post-thumbnail","6":"product_cat-uncategorized-fi","8":"first","9":"instock","10":"shipping-taxable","11":"purchasable","12":"product-type-simple"},"_links":{"self":[{"href":"https:\/\/nordicmart.andreevmaster.com\/fi\/wp-json\/wp\/v2\/product\/36611","targetHints":{"allow":["GET"]}}],"collection":[{"href":"https:\/\/nordicmart.andreevmaster.com\/fi\/wp-json\/wp\/v2\/product"}],"about":[{"href":"https:\/\/nordicmart.andreevmaster.com\/fi\/wp-json\/wp\/v2\/types\/product"}],"replies":[{"embeddable":true,"href":"https:\/\/nordicmart.andreevmaster.com\/fi\/wp-json\/wp\/v2\/comments?post=36611"}],"wp:featuredmedia":[{"embeddable":true,"href":"https:\/\/nordicmart.andreevmaster.com\/fi\/wp-json\/wp\/v2\/media\/44827"}],"wp:attachment":[{"href":"https:\/\/nordicmart.andreevmaster.com\/fi\/wp-json\/wp\/v2\/media?parent=36611"}],"wp:term":[{"taxonomy":"product_brand","embeddable":true,"href":"https:\/\/nordicmart.andreevmaster.com\/fi\/wp-json\/wp\/v2\/product_brand?post=36611"},{"taxonomy":"product_cat","embeddable":true,"href":"https:\/\/nordicmart.andreevmaster.com\/fi\/wp-json\/wp\/v2\/product_cat?post=36611"},{"taxonomy":"product_tag","embeddable":true,"href":"https:\/\/nordicmart.andreevmaster.com\/fi\/wp-json\/wp\/v2\/product_tag?post=36611"}],"curies":[{"name":"wp","href":"https:\/\/api.w.org\/{rel}","templated":true}]}}