{"id":36610,"date":"2026-02-27T00:35:11","date_gmt":"2026-02-27T00:35:11","guid":{"rendered":"https:\/\/nordicmart.andreevmaster.com\/product\/kaksitasoinen-lentokone-retro-malli-nc1389\/"},"modified":"2026-02-27T09:52:47","modified_gmt":"2026-02-27T09:52:47","slug":"kaksitasoinen-lentokone-retro-malli-nc1389","status":"publish","type":"product","link":"https:\/\/nordicmart.andreevmaster.com\/fi\/tuote\/kaksitasoinen-lentokone-retro-malli-nc1389\/","title":{"rendered":"Kaksitasoinen lentokone Retro-malli NC1389"},"content":{"rendered":"<p>Kaksitasoinen lentokone Retro-malli NC1389Retrotyylinen kaksitasoinen malli on omaper\u00e4inen koriste ilmailun yst\u00e4v\u00e4n kotiin. Kaksitasoinen pienoismalli on mielenkiintoinen lahja lent\u00e4j\u00e4lle ja ilmailun yst\u00e4v\u00e4lle.&nbsp;Kaksitasoisen lentokoneen malli on valmistettu metallista. Sille on annettu hieman antiikkinen ulkon\u00e4k\u00f6. Malli ei ole lelu.&nbsp;Kaksitasoinen lentokone on lentokonetyyppi, jossa on kaksi siipe\u00e4, jotka on sijoitettu p\u00e4\u00e4llekk\u00e4in. Kaksitasoinen rakenne oli vallitseva ensimm\u00e4isen maailmansodan aikana ja 1920-luvulla, ja se oli yleinen my\u00f6s 1930-luvulla.&nbsp;&nbsp;Tuotetiedot:&nbsp;Materiaali: metalliV\u00e4ri: messingin s\u00e4vytAntiikkinen ulkon\u00e4k\u00f6Mitat: 17 x 17,50 x 11,5 cm&nbsp;Retro-kaksitasomalli sopii erinomaisesti:&nbsp;Lahjaksi lent\u00e4j\u00e4lleLahjaksi ilmailun yst\u00e4v\u00e4lleP\u00f6yt\u00e4koristeeksi lentokoneiden yst\u00e4v\u00e4lleLahjaksi lentoem\u00e4nn\u00e4lle&nbsp;<\/p>\n","protected":false},"excerpt":{"rendered":"<p>Kaksitasoinen lentokone Retro-malli NC1389Retrotyylinen kaksitasoinen malli on omaper\u00e4inen koriste ilmailun yst\u00e4v\u00e4n kotiin. Kaksitasoinen pienoismalli on mielenkiintoinen lahja lent\u00e4j\u00e4lle ja ilmailun yst\u00e4v\u00e4lle.&nbsp;Kaksitasoisen lentokoneen malli on valmistettu metallista. Sille on annettu hieman antiikkinen ulkon\u00e4k\u00f6. Malli ei ole lelu.&nbsp;Kaksitasoinen lentokone on lentokonetyyppi, jossa on kaksi siipe\u00e4, jotka on sijoitettu p\u00e4\u00e4llekk\u00e4in. Kaksitasoinen rakenne oli vallitseva ensimm\u00e4isen maailmansodan aikana ja [&hellip;]<\/p>\n","protected":false},"featured_media":44826,"comment_status":"open","ping_status":"closed","template":"","meta":[],"product_brand":[],"product_cat":[32],"product_tag":[],"class_list":{"0":"post-36610","1":"product","2":"type-product","3":"status-publish","4":"has-post-thumbnail","6":"product_cat-uncategorized-fi","8":"first","9":"instock","10":"shipping-taxable","11":"purchasable","12":"product-type-simple"},"_links":{"self":[{"href":"https:\/\/nordicmart.andreevmaster.com\/fi\/wp-json\/wp\/v2\/product\/36610","targetHints":{"allow":["GET"]}}],"collection":[{"href":"https:\/\/nordicmart.andreevmaster.com\/fi\/wp-json\/wp\/v2\/product"}],"about":[{"href":"https:\/\/nordicmart.andreevmaster.com\/fi\/wp-json\/wp\/v2\/types\/product"}],"replies":[{"embeddable":true,"href":"https:\/\/nordicmart.andreevmaster.com\/fi\/wp-json\/wp\/v2\/comments?post=36610"}],"wp:featuredmedia":[{"embeddable":true,"href":"https:\/\/nordicmart.andreevmaster.com\/fi\/wp-json\/wp\/v2\/media\/44826"}],"wp:attachment":[{"href":"https:\/\/nordicmart.andreevmaster.com\/fi\/wp-json\/wp\/v2\/media?parent=36610"}],"wp:term":[{"taxonomy":"product_brand","embeddable":true,"href":"https:\/\/nordicmart.andreevmaster.com\/fi\/wp-json\/wp\/v2\/product_brand?post=36610"},{"taxonomy":"product_cat","embeddable":true,"href":"https:\/\/nordicmart.andreevmaster.com\/fi\/wp-json\/wp\/v2\/product_cat?post=36610"},{"taxonomy":"product_tag","embeddable":true,"href":"https:\/\/nordicmart.andreevmaster.com\/fi\/wp-json\/wp\/v2\/product_tag?post=36610"}],"curies":[{"name":"wp","href":"https:\/\/api.w.org\/{rel}","templated":true}]}}