{"id":36609,"date":"2026-02-27T00:35:11","date_gmt":"2026-02-27T00:35:11","guid":{"rendered":"https:\/\/nordicmart.andreevmaster.com\/product\/messinkinen-suurennuslasi-ja-paperiveitsi-nahkakahva-mfpcsol\/"},"modified":"2026-02-27T09:52:47","modified_gmt":"2026-02-27T09:52:47","slug":"messinkinen-suurennuslasi-ja-paperiveitsi-nahkakahva-mfpcsol","status":"publish","type":"product","link":"https:\/\/nordicmart.andreevmaster.com\/fi\/tuote\/messinkinen-suurennuslasi-ja-paperiveitsi-nahkakahva-mfpcsol\/","title":{"rendered":"Messinkinen suurennuslasi ja paperiveitsi Nahkakahva | MFPCSOL"},"content":{"rendered":"<p>Messinkinen suurennuslasi ja paperiveitsi, nahkainen kahva | MFPCSOL&nbsp;Esittelemme tyylikk\u00e4\u00e4n setin, joka koostuu messinkisest\u00e4 suurennuslasista ja paperiveitsest\u00e4. Tuotteet ovat eritt\u00e4in tyylikk\u00e4it\u00e4 ja sopivat erinomaisesti toimistosi sisustukseen. Paperiveitsell\u00e4 avaat helposti kirjekuoret, ja suurennuslasin avulla voit lukea pienimm\u00e4tkin kirjaimet ja ty\u00f6skennell\u00e4 entist\u00e4 tarkemmin. Molemmissa tuotteissa on nahkainen kahva, joka antaa niille kolonialistisen tyylin ja tuo toimistoosi ainutlaatuisen luonteen.&nbsp;Perustiedot:Suurennuslasin pituus: 18,5 cmSuurennuslasin halkaisija: 7,5 cm3x zoomMateriaali: Messinki, nahka ja lasi&nbsp;Tuote toimitetaan laatikoissa, joiden hintaa ei ole lis\u00e4tty laatikoiden pienien virheiden vuoksi!&nbsp;&nbsp;<\/p>\n","protected":false},"excerpt":{"rendered":"<p>Messinkinen suurennuslasi ja paperiveitsi, nahkainen kahva | MFPCSOL&nbsp;Esittelemme tyylikk\u00e4\u00e4n setin, joka koostuu messinkisest\u00e4 suurennuslasista ja paperiveitsest\u00e4. Tuotteet ovat eritt\u00e4in tyylikk\u00e4it\u00e4 ja sopivat erinomaisesti toimistosi sisustukseen. Paperiveitsell\u00e4 avaat helposti kirjekuoret, ja suurennuslasin avulla voit lukea pienimm\u00e4tkin kirjaimet ja ty\u00f6skennell\u00e4 entist\u00e4 tarkemmin. Molemmissa tuotteissa on nahkainen kahva, joka antaa niille kolonialistisen tyylin ja tuo toimistoosi ainutlaatuisen luonteen.&nbsp;Perustiedot:Suurennuslasin [&hellip;]<\/p>\n","protected":false},"featured_media":44825,"comment_status":"open","ping_status":"closed","template":"","meta":[],"product_brand":[],"product_cat":[32],"product_tag":[],"class_list":{"0":"post-36609","1":"product","2":"type-product","3":"status-publish","4":"has-post-thumbnail","6":"product_cat-uncategorized-fi","8":"first","9":"instock","10":"shipping-taxable","11":"purchasable","12":"product-type-simple"},"_links":{"self":[{"href":"https:\/\/nordicmart.andreevmaster.com\/fi\/wp-json\/wp\/v2\/product\/36609","targetHints":{"allow":["GET"]}}],"collection":[{"href":"https:\/\/nordicmart.andreevmaster.com\/fi\/wp-json\/wp\/v2\/product"}],"about":[{"href":"https:\/\/nordicmart.andreevmaster.com\/fi\/wp-json\/wp\/v2\/types\/product"}],"replies":[{"embeddable":true,"href":"https:\/\/nordicmart.andreevmaster.com\/fi\/wp-json\/wp\/v2\/comments?post=36609"}],"wp:featuredmedia":[{"embeddable":true,"href":"https:\/\/nordicmart.andreevmaster.com\/fi\/wp-json\/wp\/v2\/media\/44825"}],"wp:attachment":[{"href":"https:\/\/nordicmart.andreevmaster.com\/fi\/wp-json\/wp\/v2\/media?parent=36609"}],"wp:term":[{"taxonomy":"product_brand","embeddable":true,"href":"https:\/\/nordicmart.andreevmaster.com\/fi\/wp-json\/wp\/v2\/product_brand?post=36609"},{"taxonomy":"product_cat","embeddable":true,"href":"https:\/\/nordicmart.andreevmaster.com\/fi\/wp-json\/wp\/v2\/product_cat?post=36609"},{"taxonomy":"product_tag","embeddable":true,"href":"https:\/\/nordicmart.andreevmaster.com\/fi\/wp-json\/wp\/v2\/product_tag?post=36609"}],"curies":[{"name":"wp","href":"https:\/\/api.w.org\/{rel}","templated":true}]}}