{"id":36608,"date":"2026-02-27T00:35:11","date_gmt":"2026-02-27T00:35:11","guid":{"rendered":"https:\/\/nordicmart.andreevmaster.com\/product\/merikardaaninen-messinkikompassi-puulaatikossa-jaljennos-h43\/"},"modified":"2026-02-27T09:52:46","modified_gmt":"2026-02-27T09:52:46","slug":"merikardaaninen-messinkikompassi-puulaatikossa-jaljennos-h43","status":"publish","type":"product","link":"https:\/\/nordicmart.andreevmaster.com\/fi\/tuote\/merikardaaninen-messinkikompassi-puulaatikossa-jaljennos-h43\/","title":{"rendered":"Merikardaaninen messinkikompassi puulaatikossa \u2013 j\u00e4ljenn\u00f6s \u2013 H43"},"content":{"rendered":"<p>Merikardaaninen messinkikompassi puulaatikossa \u2013 j\u00e4ljenn\u00f6s \u2013 H43 &nbsp;&nbsp;Tuotetiedot:&nbsp;&nbsp;Kardaanij\u00e4rjestelm\u00e4 tarkoittaa, ett\u00e4 kompassi liikkuu vapaasti meren aaltojen liikkuessa. Yl\u00e4osa \u2013 renessanssityylinen muotoilu Alun perin k\u00e4ytetty 1600-luvulla. Suuri huomiota yksityiskohtiin. &nbsp;Mitat: kompassi on kahdeksankulmainen, kahden sivun v\u00e4linen suora et\u00e4isyys on 10 cm. Jos mitataan vastakkaiset reunat, pituus on 10,5 cm. Kompassin korkeus taitettuna: 5 cm, auki: 14 cm. Lahjapakkaus: kaunis lahjapakkaus, jossa on koristelista.&nbsp;&nbsp;<\/p>\n","protected":false},"excerpt":{"rendered":"<p>Merikardaaninen messinkikompassi puulaatikossa \u2013 j\u00e4ljenn\u00f6s \u2013 H43 &nbsp;&nbsp;Tuotetiedot:&nbsp;&nbsp;Kardaanij\u00e4rjestelm\u00e4 tarkoittaa, ett\u00e4 kompassi liikkuu vapaasti meren aaltojen liikkuessa. Yl\u00e4osa \u2013 renessanssityylinen muotoilu Alun perin k\u00e4ytetty 1600-luvulla. Suuri huomiota yksityiskohtiin. &nbsp;Mitat: kompassi on kahdeksankulmainen, kahden sivun v\u00e4linen suora et\u00e4isyys on 10 cm. Jos mitataan vastakkaiset reunat, pituus on 10,5 cm. Kompassin korkeus taitettuna: 5 cm, auki: 14 cm. [&hellip;]<\/p>\n","protected":false},"featured_media":44824,"comment_status":"open","ping_status":"closed","template":"","meta":[],"product_brand":[],"product_cat":[32],"product_tag":[],"class_list":{"0":"post-36608","1":"product","2":"type-product","3":"status-publish","4":"has-post-thumbnail","6":"product_cat-uncategorized-fi","8":"first","9":"instock","10":"shipping-taxable","11":"purchasable","12":"product-type-simple"},"_links":{"self":[{"href":"https:\/\/nordicmart.andreevmaster.com\/fi\/wp-json\/wp\/v2\/product\/36608","targetHints":{"allow":["GET"]}}],"collection":[{"href":"https:\/\/nordicmart.andreevmaster.com\/fi\/wp-json\/wp\/v2\/product"}],"about":[{"href":"https:\/\/nordicmart.andreevmaster.com\/fi\/wp-json\/wp\/v2\/types\/product"}],"replies":[{"embeddable":true,"href":"https:\/\/nordicmart.andreevmaster.com\/fi\/wp-json\/wp\/v2\/comments?post=36608"}],"wp:featuredmedia":[{"embeddable":true,"href":"https:\/\/nordicmart.andreevmaster.com\/fi\/wp-json\/wp\/v2\/media\/44824"}],"wp:attachment":[{"href":"https:\/\/nordicmart.andreevmaster.com\/fi\/wp-json\/wp\/v2\/media?parent=36608"}],"wp:term":[{"taxonomy":"product_brand","embeddable":true,"href":"https:\/\/nordicmart.andreevmaster.com\/fi\/wp-json\/wp\/v2\/product_brand?post=36608"},{"taxonomy":"product_cat","embeddable":true,"href":"https:\/\/nordicmart.andreevmaster.com\/fi\/wp-json\/wp\/v2\/product_cat?post=36608"},{"taxonomy":"product_tag","embeddable":true,"href":"https:\/\/nordicmart.andreevmaster.com\/fi\/wp-json\/wp\/v2\/product_tag?post=36608"}],"curies":[{"name":"wp","href":"https:\/\/api.w.org\/{rel}","templated":true}]}}