{"id":36607,"date":"2026-02-27T00:35:10","date_gmt":"2026-02-27T00:35:10","guid":{"rendered":"https:\/\/nordicmart.andreevmaster.com\/product\/purjealus-dar-pomorza-malli-50-cm\/"},"modified":"2026-02-27T09:52:46","modified_gmt":"2026-02-27T09:52:46","slug":"purjealus-dar-pomorza-malli-50-cm","status":"publish","type":"product","link":"https:\/\/nordicmart.andreevmaster.com\/fi\/tuote\/purjealus-dar-pomorza-malli-50-cm\/","title":{"rendered":"Purjealus Dar Pomorza -malli 50 cm"},"content":{"rendered":"<p>Purjealus Dar Pomorza -malli 50 cm &nbsp; Kolmimastoisen purjealus Dar Pomorza -koulualuksen malli, joka tunnetaan nimell\u00e4 &ldquo;Valkoinen fregatti&rdquo;, on erinomainen idea merelliseen lahjaan tai tyylikk\u00e4\u00e4seen sisustukseen. Huolellisesti puusta, kankaasta ja metalliosista valmistettu malli tekee vaikutuksen yksityiskohtien tarkkuudella ja laadukkaalla ty\u00f6n j\u00e4ljell\u00e4. &nbsp; ? T\u00e4ydellinen meren yst\u00e4ville! &nbsp;&nbsp; Malli, joka on kaunis koriste toimistoon, olohuoneeseen tai m\u00f6kille . Se on loistava lahja merimiehille ja meriseikkailujen yst\u00e4ville. &nbsp; Tuotetiedot:&nbsp; Materiaali: Malli on valmistettu puusta (runko ja mastot), kankaasta (purjeet) ja metallista ja muovista (koristeet). Eritt\u00e4in laadukas, huolellisesti valmistettu malli. Mitat: korkeus 42,5 cm x leveys 11,5 cm x pituus 53 cm &nbsp; Dar Pomorza \u2013 historia&nbsp; Dar Pomorza ostettiin Pommerin seuran toimesta vuonna 1929 Gdynian merenkulkukoululle. Vuodesta 1982 l\u00e4htien se on ollut kiinnitettyn\u00e4 Gdyniaan museolaivana, joka on Gdanskin kansallisen merenkulkumuseon sivukonttori. Puolan lipun alla Dar Pomorza teki 102 koulumatkaa, purjehti puoli miljoonaa meripeninkulmaa \u2013 et\u00e4isyys, joka vastaa noin 25 matkaa ymp\u00e4ri maailmaa \u2013 ja tuli tunnetuksi ensimm\u00e4isen\u00e4 Puolan kauppalaivaston lipun alla purjehtineena aluksena, joka purjehti ymp\u00e4ri maailmaa. Aluksella koulutettiin 13 384 opiskelijaa. &nbsp;<\/p>\n","protected":false},"excerpt":{"rendered":"<p>Purjealus Dar Pomorza -malli 50 cm &nbsp; Kolmimastoisen purjealus Dar Pomorza -koulualuksen malli, joka tunnetaan nimell\u00e4 &ldquo;Valkoinen fregatti&rdquo;, on erinomainen idea merelliseen lahjaan tai tyylikk\u00e4\u00e4seen sisustukseen. Huolellisesti puusta, kankaasta ja metalliosista valmistettu malli tekee vaikutuksen yksityiskohtien tarkkuudella ja laadukkaalla ty\u00f6n j\u00e4ljell\u00e4. &nbsp; ? T\u00e4ydellinen meren yst\u00e4ville! &nbsp;&nbsp; Malli, joka on kaunis koriste toimistoon, olohuoneeseen tai [&hellip;]<\/p>\n","protected":false},"featured_media":44823,"comment_status":"open","ping_status":"closed","template":"","meta":[],"product_brand":[],"product_cat":[32],"product_tag":[],"class_list":{"0":"post-36607","1":"product","2":"type-product","3":"status-publish","4":"has-post-thumbnail","6":"product_cat-uncategorized-fi","8":"first","9":"instock","10":"shipping-taxable","11":"purchasable","12":"product-type-simple"},"_links":{"self":[{"href":"https:\/\/nordicmart.andreevmaster.com\/fi\/wp-json\/wp\/v2\/product\/36607","targetHints":{"allow":["GET"]}}],"collection":[{"href":"https:\/\/nordicmart.andreevmaster.com\/fi\/wp-json\/wp\/v2\/product"}],"about":[{"href":"https:\/\/nordicmart.andreevmaster.com\/fi\/wp-json\/wp\/v2\/types\/product"}],"replies":[{"embeddable":true,"href":"https:\/\/nordicmart.andreevmaster.com\/fi\/wp-json\/wp\/v2\/comments?post=36607"}],"wp:featuredmedia":[{"embeddable":true,"href":"https:\/\/nordicmart.andreevmaster.com\/fi\/wp-json\/wp\/v2\/media\/44823"}],"wp:attachment":[{"href":"https:\/\/nordicmart.andreevmaster.com\/fi\/wp-json\/wp\/v2\/media?parent=36607"}],"wp:term":[{"taxonomy":"product_brand","embeddable":true,"href":"https:\/\/nordicmart.andreevmaster.com\/fi\/wp-json\/wp\/v2\/product_brand?post=36607"},{"taxonomy":"product_cat","embeddable":true,"href":"https:\/\/nordicmart.andreevmaster.com\/fi\/wp-json\/wp\/v2\/product_cat?post=36607"},{"taxonomy":"product_tag","embeddable":true,"href":"https:\/\/nordicmart.andreevmaster.com\/fi\/wp-json\/wp\/v2\/product_tag?post=36607"}],"curies":[{"name":"wp","href":"https:\/\/api.w.org\/{rel}","templated":true}]}}