{"id":36606,"date":"2026-02-27T00:35:10","date_gmt":"2026-02-27T00:35:10","guid":{"rendered":"https:\/\/nordicmart.andreevmaster.com\/product\/aurinkokello-astronomiset-renkaat-h21\/"},"modified":"2026-02-27T09:52:46","modified_gmt":"2026-02-27T09:52:46","slug":"aurinkokello-astronomiset-renkaat-h21","status":"publish","type":"product","link":"https:\/\/nordicmart.andreevmaster.com\/fi\/tuote\/aurinkokello-astronomiset-renkaat-h21\/","title":{"rendered":"Aurinkokello \u2013 Astronomiset renkaat &#8211; H21"},"content":{"rendered":"<p>Aurinkokello \u2013 Astronomiset renkaat \u2013 H21&nbsp;Esittelemme aurinkokellon \u2013 astronomiset renkaat \u2013 malli H21. T\u00e4m\u00e4 on universaali aurinkokello \u2013 kaikkien leveysasteiden m\u00e4\u00e4ritt\u00e4miseen. Yksi 1700- ja 1800-lukujen universaaleimmista aurinkokelloista. Aurinkokelloa leimaa runsas koristelu, joka antaa sille ainutlaatuisen luonteen ja tekee siit\u00e4 ihastuttavan. Tuote on valmistettu zamakista ja messingist\u00e4, lakattu viime vuosisatojen tekniikan mukaisesti. Kello on puisen jalustan p\u00e4\u00e4ll\u00e4. &nbsp;Tuotetiedot:&nbsp;Materiaali: valmistettu sinkin ja alumiinin tai alumiinin ja kuparin seoksesta. Lis\u00e4aineina on k\u00e4ytetty my\u00f6s mangaania, magnesiumia ja titaania. Lahjapakkaus: kaunis lahjapakkaus, jossa on ruiskupuristus. Upea koriste-elementti. Ihana lahja matkailun yst\u00e4v\u00e4lle. Mitat: Korkeus jalustalla \u2013 12 cm Leveys 10 cm Syvyys 0,4 cm Paino 0,175 kg Ajan lukemiseksi p\u00e4iv\u00e4ntasaajan rengas on avattava niin, ett\u00e4 se on kohtisuorassa meridiaanin suhteen. Sitten sinun on m\u00e4\u00e4ritett\u00e4v\u00e4 leveysaste valtaistuimen avulla. Aseta oikea p\u00e4iv\u00e4m\u00e4\u00e4r\u00e4 deklinaatioasteikolla. Sinun tulee ripustaa laite valtaistuimella sen j\u00e4lkeen, kun olet asettanut todellisen leveysasteen, jossa olemme. Auringon s\u00e4teet n\u00e4ytt\u00e4v\u00e4t oikean aurinkotunnin. Huomaa, ett\u00e4 virallinen aika voi poiketa aurinkotunnista.<\/p>\n","protected":false},"excerpt":{"rendered":"<p>Aurinkokello \u2013 Astronomiset renkaat \u2013 H21&nbsp;Esittelemme aurinkokellon \u2013 astronomiset renkaat \u2013 malli H21. T\u00e4m\u00e4 on universaali aurinkokello \u2013 kaikkien leveysasteiden m\u00e4\u00e4ritt\u00e4miseen. Yksi 1700- ja 1800-lukujen universaaleimmista aurinkokelloista. Aurinkokelloa leimaa runsas koristelu, joka antaa sille ainutlaatuisen luonteen ja tekee siit\u00e4 ihastuttavan. Tuote on valmistettu zamakista ja messingist\u00e4, lakattu viime vuosisatojen tekniikan mukaisesti. Kello on puisen jalustan [&hellip;]<\/p>\n","protected":false},"featured_media":44822,"comment_status":"open","ping_status":"closed","template":"","meta":[],"product_brand":[],"product_cat":[32],"product_tag":[],"class_list":{"0":"post-36606","1":"product","2":"type-product","3":"status-publish","4":"has-post-thumbnail","6":"product_cat-uncategorized-fi","8":"first","9":"instock","10":"shipping-taxable","11":"purchasable","12":"product-type-simple"},"_links":{"self":[{"href":"https:\/\/nordicmart.andreevmaster.com\/fi\/wp-json\/wp\/v2\/product\/36606","targetHints":{"allow":["GET"]}}],"collection":[{"href":"https:\/\/nordicmart.andreevmaster.com\/fi\/wp-json\/wp\/v2\/product"}],"about":[{"href":"https:\/\/nordicmart.andreevmaster.com\/fi\/wp-json\/wp\/v2\/types\/product"}],"replies":[{"embeddable":true,"href":"https:\/\/nordicmart.andreevmaster.com\/fi\/wp-json\/wp\/v2\/comments?post=36606"}],"wp:featuredmedia":[{"embeddable":true,"href":"https:\/\/nordicmart.andreevmaster.com\/fi\/wp-json\/wp\/v2\/media\/44822"}],"wp:attachment":[{"href":"https:\/\/nordicmart.andreevmaster.com\/fi\/wp-json\/wp\/v2\/media?parent=36606"}],"wp:term":[{"taxonomy":"product_brand","embeddable":true,"href":"https:\/\/nordicmart.andreevmaster.com\/fi\/wp-json\/wp\/v2\/product_brand?post=36606"},{"taxonomy":"product_cat","embeddable":true,"href":"https:\/\/nordicmart.andreevmaster.com\/fi\/wp-json\/wp\/v2\/product_cat?post=36606"},{"taxonomy":"product_tag","embeddable":true,"href":"https:\/\/nordicmart.andreevmaster.com\/fi\/wp-json\/wp\/v2\/product_tag?post=36606"}],"curies":[{"name":"wp","href":"https:\/\/api.w.org\/{rel}","templated":true}]}}