{"id":36605,"date":"2026-02-27T00:35:10","date_gmt":"2026-02-27T00:35:10","guid":{"rendered":"https:\/\/nordicmart.andreevmaster.com\/product\/messinkinen-aurinkokello-kompassilla-urania-propitia-h45\/"},"modified":"2026-02-27T09:52:46","modified_gmt":"2026-02-27T09:52:46","slug":"messinkinen-aurinkokello-kompassilla-urania-propitia-h45","status":"publish","type":"product","link":"https:\/\/nordicmart.andreevmaster.com\/fi\/tuote\/messinkinen-aurinkokello-kompassilla-urania-propitia-h45\/","title":{"rendered":"Messinkinen aurinkokello kompassilla \u2013 Urania propitia  H45"},"content":{"rendered":"<p>Messinkinen aurinkokello kompassilla \u2013 Urania propitia H45&nbsp;&nbsp;Esittelemme kauniin aurinkokellon kompassilla \u2013 mallin Urania Propitia. Tuote on valmistettu messingist\u00e4. Kauniit renessanssityyliset koristeet antavat t\u00e4lle kompassilla varustetulle kellolle ainutlaatuisen luonteen. Kompassi on omistettu Maria Cunitzin ja ensimm\u00e4isen naisastronomin, teoksen Urania propitia \u2013 accessible astronomy luojan muistolle. Tuote on pakattu kauniiseen lahjapakkaukseen, jossa on alusvaatteet. Sopii erinomaisesti elegantin toimiston tai olohuoneen koristeeksi. Se lis\u00e4\u00e4 ainutlaatuista luonnetta mihin tahansa sisustukseen. Ja jos joskus eksyt, kompassi auttaa sinua l\u00f6yt\u00e4m\u00e4\u00e4n oikean tien!&nbsp;&nbsp;Tuotetiedot:&nbsp;Mitat: Korkeus 2,8 cm x Leveys 8,4 cm Materiaali: Messinki Laadukas tuote Pakattu tyylikk\u00e4\u00e4seen laatikkoon &nbsp;&nbsp;Maria Kunic (Cunitz, Cunitia) oli 1600-luvulla Wo\u0142\u00f3wissa Ala-Sleesiassa syntynyt t\u00e4htitieteilij\u00e4. H\u00e4nen suurin teoksensa on Urania Propitia \u2013 \u201dhelppotajuinen t\u00e4htitiede\u201d, jossa h\u00e4n ratkaisi \u201dKeplerin ongelman\u201d ja esitti Venuksen vaiheiden efemeridit. Teos julkaistiin kahdella kielell\u00e4, saksaksi ja latinaksi, ja se on jaettu 23 lukuun. Se on 500-sivuinen. Siin\u00e4 Maria Kunic muokkasi Keplerin t\u00e4htitieteellisi\u00e4 taulukoita, korjasi niit\u00e4, lis\u00e4si niihin tietoja ja yksinkertaisti niit\u00e4 k\u00e4ytt\u00e4m\u00e4ll\u00e4 menetelm\u00e4\u00e4, jossa logaritmit j\u00e4tettiin pois. Teos sis\u00e4lt\u00e4\u00e4 my\u00f6s uutuuden, joka on Venuksen vaiheiden efemeridi.&nbsp;<\/p>\n","protected":false},"excerpt":{"rendered":"<p>Messinkinen aurinkokello kompassilla \u2013 Urania propitia H45&nbsp;&nbsp;Esittelemme kauniin aurinkokellon kompassilla \u2013 mallin Urania Propitia. Tuote on valmistettu messingist\u00e4. Kauniit renessanssityyliset koristeet antavat t\u00e4lle kompassilla varustetulle kellolle ainutlaatuisen luonteen. Kompassi on omistettu Maria Cunitzin ja ensimm\u00e4isen naisastronomin, teoksen Urania propitia \u2013 accessible astronomy luojan muistolle. Tuote on pakattu kauniiseen lahjapakkaukseen, jossa on alusvaatteet. Sopii erinomaisesti elegantin [&hellip;]<\/p>\n","protected":false},"featured_media":44821,"comment_status":"open","ping_status":"closed","template":"","meta":[],"product_brand":[],"product_cat":[32],"product_tag":[],"class_list":{"0":"post-36605","1":"product","2":"type-product","3":"status-publish","4":"has-post-thumbnail","6":"product_cat-uncategorized-fi","8":"first","9":"instock","10":"shipping-taxable","11":"purchasable","12":"product-type-simple"},"_links":{"self":[{"href":"https:\/\/nordicmart.andreevmaster.com\/fi\/wp-json\/wp\/v2\/product\/36605","targetHints":{"allow":["GET"]}}],"collection":[{"href":"https:\/\/nordicmart.andreevmaster.com\/fi\/wp-json\/wp\/v2\/product"}],"about":[{"href":"https:\/\/nordicmart.andreevmaster.com\/fi\/wp-json\/wp\/v2\/types\/product"}],"replies":[{"embeddable":true,"href":"https:\/\/nordicmart.andreevmaster.com\/fi\/wp-json\/wp\/v2\/comments?post=36605"}],"wp:featuredmedia":[{"embeddable":true,"href":"https:\/\/nordicmart.andreevmaster.com\/fi\/wp-json\/wp\/v2\/media\/44821"}],"wp:attachment":[{"href":"https:\/\/nordicmart.andreevmaster.com\/fi\/wp-json\/wp\/v2\/media?parent=36605"}],"wp:term":[{"taxonomy":"product_brand","embeddable":true,"href":"https:\/\/nordicmart.andreevmaster.com\/fi\/wp-json\/wp\/v2\/product_brand?post=36605"},{"taxonomy":"product_cat","embeddable":true,"href":"https:\/\/nordicmart.andreevmaster.com\/fi\/wp-json\/wp\/v2\/product_cat?post=36605"},{"taxonomy":"product_tag","embeddable":true,"href":"https:\/\/nordicmart.andreevmaster.com\/fi\/wp-json\/wp\/v2\/product_tag?post=36605"}],"curies":[{"name":"wp","href":"https:\/\/api.w.org\/{rel}","templated":true}]}}