{"id":36604,"date":"2026-02-27T00:35:10","date_gmt":"2026-02-27T00:35:10","guid":{"rendered":"https:\/\/nordicmart.andreevmaster.com\/product\/pienoiskoinen-aurinkokello-tahtitieteelliset-renkaat-h89\/"},"modified":"2026-02-27T09:52:46","modified_gmt":"2026-02-27T09:52:46","slug":"pienoiskoinen-aurinkokello-tahtitieteelliset-renkaat-h89","status":"publish","type":"product","link":"https:\/\/nordicmart.andreevmaster.com\/fi\/tuote\/pienoiskoinen-aurinkokello-tahtitieteelliset-renkaat-h89\/","title":{"rendered":"Pienoiskoinen aurinkokello \u2013 t\u00e4htitieteelliset renkaat \u2013 H89"},"content":{"rendered":"<p>&nbsp;Pienoiskoossa oleva aurinkokello \u2013 t\u00e4htitieteelliset renkaat \u2013 H89&nbsp;&nbsp;Laadukas pienoiskoossa oleva replica 1600- ja 1700-luvun aurinkokellosta \u2013 t\u00e4htitieteelliset renkaat. Upea lahja navigaattorille, merimiehelle tai t\u00e4htitieteen harrastajalle.&nbsp;&nbsp;Tuotetiedot:&nbsp;Mitat: korkeus 13 cm, halkaisija 4,5 cm, syvyys 4 cm.Paino: 60 gMateriaali: Valmistettu znalista ja messingist\u00e4, lakattu useita satoja vuosia vanhalla tekniikalla. Istuu puualustalla. Lahjapakkaus: kaunis lahjapakkaus, jossa on koristelista. K\u00e4ytt\u00f6ohjeet englanniksi, ranskaksi, italiaksi ja espanjaksi. Toimitetaan kauniissa koristeellisessa laatikossa, jossa on koristelista, jolle instrumentti asetetaan.&nbsp;&nbsp;Instrumentti koostuu seuraavista osista:&nbsp;valtaistuin \u2013 siirrett\u00e4v\u00e4 hihna leveysasteen m\u00e4\u00e4ritt\u00e4miseen. Valtaistuin voidaan siirt\u00e4\u00e4 oikean leveysasteen asettamiseksi. Pituuspiiri \u2013 kiinte\u00e4 rengas, jossa on leveysasteasteikko. Siirrett\u00e4v\u00e4 \u201dp\u00e4iv\u00e4ntasaajan\u201d rengas, jossa on tunneasteikko. Siirrett\u00e4v\u00e4 deklinaatioasteikko kuukausien m\u00e4\u00e4ritt\u00e4miseksi (laitteen keskell\u00e4) \u2013 toimii kuin gnomon. Jokainen kuukausi on jaettu kolmeen kolmannekseen, joista kukin on 10 p\u00e4iv\u00e4\u00e4. Kuukausien nimet on merkitty kirjaimilla, esim. O \u2013 lokakuu. Keskell\u00e4 on pieni liikkuva elementti, jonka avulla voit asettaa oikean kuukauden ja p\u00e4iv\u00e4m\u00e4\u00e4r\u00e4n.&nbsp;&nbsp;Ajan lukemiseksi avaa p\u00e4iv\u00e4ntasaajan rengas niin, ett\u00e4 se on kohtisuorassa meridiaanin kanssa. M\u00e4\u00e4rit\u00e4 sitten leveysaste valtaistuimen avulla. &nbsp;Aseta oikea p\u00e4iv\u00e4m\u00e4\u00e4r\u00e4 deklinaatioasteikolle. Ripusta laite valtaistuimen avulla sen j\u00e4lkeen, kun olet asettanut todellisen leveysasteen sijaintipaikallasi. Auringon s\u00e4teet osoittavat oikean aurinkokellon ajan. Huomaa, ett\u00e4 virallinen aika voi poiketa aurinkokellon ajasta. &nbsp;&nbsp;&nbsp;&nbsp;<\/p>\n","protected":false},"excerpt":{"rendered":"<p>&nbsp;Pienoiskoossa oleva aurinkokello \u2013 t\u00e4htitieteelliset renkaat \u2013 H89&nbsp;&nbsp;Laadukas pienoiskoossa oleva replica 1600- ja 1700-luvun aurinkokellosta \u2013 t\u00e4htitieteelliset renkaat. Upea lahja navigaattorille, merimiehelle tai t\u00e4htitieteen harrastajalle.&nbsp;&nbsp;Tuotetiedot:&nbsp;Mitat: korkeus 13 cm, halkaisija 4,5 cm, syvyys 4 cm.Paino: 60 gMateriaali: Valmistettu znalista ja messingist\u00e4, lakattu useita satoja vuosia vanhalla tekniikalla. Istuu puualustalla. Lahjapakkaus: kaunis lahjapakkaus, jossa on koristelista. K\u00e4ytt\u00f6ohjeet [&hellip;]<\/p>\n","protected":false},"featured_media":44820,"comment_status":"open","ping_status":"closed","template":"","meta":[],"product_brand":[],"product_cat":[32],"product_tag":[],"class_list":{"0":"post-36604","1":"product","2":"type-product","3":"status-publish","4":"has-post-thumbnail","6":"product_cat-uncategorized-fi","8":"first","9":"instock","10":"shipping-taxable","11":"purchasable","12":"product-type-simple"},"_links":{"self":[{"href":"https:\/\/nordicmart.andreevmaster.com\/fi\/wp-json\/wp\/v2\/product\/36604","targetHints":{"allow":["GET"]}}],"collection":[{"href":"https:\/\/nordicmart.andreevmaster.com\/fi\/wp-json\/wp\/v2\/product"}],"about":[{"href":"https:\/\/nordicmart.andreevmaster.com\/fi\/wp-json\/wp\/v2\/types\/product"}],"replies":[{"embeddable":true,"href":"https:\/\/nordicmart.andreevmaster.com\/fi\/wp-json\/wp\/v2\/comments?post=36604"}],"wp:featuredmedia":[{"embeddable":true,"href":"https:\/\/nordicmart.andreevmaster.com\/fi\/wp-json\/wp\/v2\/media\/44820"}],"wp:attachment":[{"href":"https:\/\/nordicmart.andreevmaster.com\/fi\/wp-json\/wp\/v2\/media?parent=36604"}],"wp:term":[{"taxonomy":"product_brand","embeddable":true,"href":"https:\/\/nordicmart.andreevmaster.com\/fi\/wp-json\/wp\/v2\/product_brand?post=36604"},{"taxonomy":"product_cat","embeddable":true,"href":"https:\/\/nordicmart.andreevmaster.com\/fi\/wp-json\/wp\/v2\/product_cat?post=36604"},{"taxonomy":"product_tag","embeddable":true,"href":"https:\/\/nordicmart.andreevmaster.com\/fi\/wp-json\/wp\/v2\/product_tag?post=36604"}],"curies":[{"name":"wp","href":"https:\/\/api.w.org\/{rel}","templated":true}]}}