{"id":36603,"date":"2026-02-27T00:35:09","date_gmt":"2026-02-27T00:35:09","guid":{"rendered":"https:\/\/nordicmart.andreevmaster.com\/product\/miniatyyri-aurinkokello-tahtitieteelliset-renkaat-h90\/"},"modified":"2026-02-27T09:52:45","modified_gmt":"2026-02-27T09:52:45","slug":"miniatyyri-aurinkokello-tahtitieteelliset-renkaat-h90","status":"publish","type":"product","link":"https:\/\/nordicmart.andreevmaster.com\/fi\/tuote\/miniatyyri-aurinkokello-tahtitieteelliset-renkaat-h90\/","title":{"rendered":"Miniatyyri aurinkokello &#8211; t\u00e4htitieteelliset renkaat &#8211; H90"},"content":{"rendered":"<p>Miniatyyri aurinkokello &#8211; t\u00e4htitieteelliset renkaat &#8211; H90&nbsp;&nbsp;T\u00e4m\u00e4 on miniatyyri replica laitteesta, jota k\u00e4ytettiin 1700- ja 1800-luvuilla. &#8211; universaali aurinkokello. Se on valmistettu znalliumista ja messingist\u00e4, ja lakattu muutama sata vuotta vanhalla tekniikalla.&nbsp;Tuotetiedot:&nbsp;Mitat: Halkaisija 0,5 cm x syvyys 0,5 cmPaino: 50 gK\u00e4ytt\u00f6ohjeet englanniksi, ranskaksi, italiaksi ja espanjaksi.Lahjapakkaus: Toimitetaan kauniissa koristeellisessa laatikossa, jossa on muovattu kotelo, jolle laite asetetaan.Upea lahja navigaattorille, merimiehelle, purjehtijalle, t\u00e4htitieteen yst\u00e4v\u00e4lle. Riipus &#8211; ruskea hihna.&nbsp;Laite koostuu seuraavista osista:&nbsp;&#8211; valtaistuin &#8211; siirrett\u00e4v\u00e4 hihna leveysasteen m\u00e4\u00e4ritt\u00e4miseen. Valtaistuin voidaan siirt\u00e4\u00e4 oikean leveysasteen asettamiseksi. &#8211; meridiaanin &#8211; kiinte\u00e4n renkaan, jossa on leveysasteasteikko &#8211; liikkuvan &#8221;p\u00e4iv\u00e4ntasaajan&#8221; renkaan, jossa on tunneasteikko &#8211; liikkuvan deklinaatioasteikon kuukausien m\u00e4\u00e4ritt\u00e4miseksi (laitteen keskell\u00e4) &#8211; toimii kuin gnomon. Jokainen kuukausi on jaettu kolmeen kolmannekseen, joista kukin on 10 p\u00e4iv\u00e4\u00e4. Kuukausien nimet on merkitty kirjaimilla, esim. O &#8211; lokakuu. Keskell\u00e4 on pieni liikkuva elementti, jonka avulla voidaan asettaa oikea kuukausi ja p\u00e4iv\u00e4m\u00e4\u00e4r\u00e4.&nbsp;<\/p>\n","protected":false},"excerpt":{"rendered":"<p>Miniatyyri aurinkokello &#8211; t\u00e4htitieteelliset renkaat &#8211; H90&nbsp;&nbsp;T\u00e4m\u00e4 on miniatyyri replica laitteesta, jota k\u00e4ytettiin 1700- ja 1800-luvuilla. &#8211; universaali aurinkokello. Se on valmistettu znalliumista ja messingist\u00e4, ja lakattu muutama sata vuotta vanhalla tekniikalla.&nbsp;Tuotetiedot:&nbsp;Mitat: Halkaisija 0,5 cm x syvyys 0,5 cmPaino: 50 gK\u00e4ytt\u00f6ohjeet englanniksi, ranskaksi, italiaksi ja espanjaksi.Lahjapakkaus: Toimitetaan kauniissa koristeellisessa laatikossa, jossa on muovattu kotelo, jolle [&hellip;]<\/p>\n","protected":false},"featured_media":44819,"comment_status":"open","ping_status":"closed","template":"","meta":[],"product_brand":[],"product_cat":[32],"product_tag":[],"class_list":{"0":"post-36603","1":"product","2":"type-product","3":"status-publish","4":"has-post-thumbnail","6":"product_cat-uncategorized-fi","8":"first","9":"instock","10":"shipping-taxable","11":"purchasable","12":"product-type-simple"},"_links":{"self":[{"href":"https:\/\/nordicmart.andreevmaster.com\/fi\/wp-json\/wp\/v2\/product\/36603","targetHints":{"allow":["GET"]}}],"collection":[{"href":"https:\/\/nordicmart.andreevmaster.com\/fi\/wp-json\/wp\/v2\/product"}],"about":[{"href":"https:\/\/nordicmart.andreevmaster.com\/fi\/wp-json\/wp\/v2\/types\/product"}],"replies":[{"embeddable":true,"href":"https:\/\/nordicmart.andreevmaster.com\/fi\/wp-json\/wp\/v2\/comments?post=36603"}],"wp:featuredmedia":[{"embeddable":true,"href":"https:\/\/nordicmart.andreevmaster.com\/fi\/wp-json\/wp\/v2\/media\/44819"}],"wp:attachment":[{"href":"https:\/\/nordicmart.andreevmaster.com\/fi\/wp-json\/wp\/v2\/media?parent=36603"}],"wp:term":[{"taxonomy":"product_brand","embeddable":true,"href":"https:\/\/nordicmart.andreevmaster.com\/fi\/wp-json\/wp\/v2\/product_brand?post=36603"},{"taxonomy":"product_cat","embeddable":true,"href":"https:\/\/nordicmart.andreevmaster.com\/fi\/wp-json\/wp\/v2\/product_cat?post=36603"},{"taxonomy":"product_tag","embeddable":true,"href":"https:\/\/nordicmart.andreevmaster.com\/fi\/wp-json\/wp\/v2\/product_tag?post=36603"}],"curies":[{"name":"wp","href":"https:\/\/api.w.org\/{rel}","templated":true}]}}