{"id":36602,"date":"2026-02-27T00:35:09","date_gmt":"2026-02-27T00:35:09","guid":{"rendered":"https:\/\/nordicmart.andreevmaster.com\/product\/messinkinen-ikuinen-kalenteri-puupohjalla-h27\/"},"modified":"2026-02-27T09:52:45","modified_gmt":"2026-02-27T09:52:45","slug":"messinkinen-ikuinen-kalenteri-puupohjalla-h27","status":"publish","type":"product","link":"https:\/\/nordicmart.andreevmaster.com\/fi\/tuote\/messinkinen-ikuinen-kalenteri-puupohjalla-h27\/","title":{"rendered":"Messinkinen ikuinen kalenteri puupohjalla &#8211; H27"},"content":{"rendered":"<p>Ikuinen kalenteri H27 &nbsp;&nbsp;&nbsp;Ikuisen kalenterin avulla l\u00f6yd\u00e4t kaikki viikonp\u00e4iv\u00e4t vuosilta 1600\u20132799! Kalenterissa k\u00e4ytet\u00e4\u00e4n vanhaa j\u00e4rjestelm\u00e4\u00e4, jota kutsutaan dominikaanisiksi kirjaimiksi \u2013 sunnuntaikirjaimiksi. &nbsp;Kalenteri on kauniisti koristeltu renessanssityylill\u00e4. &nbsp;Se sopii hyvin lahjaksi historian ja teknisten monumenttien yst\u00e4v\u00e4lle, johtajalle tai astrologian harrastajalle. Se n\u00e4ytt\u00e4\u00e4 upealta ty\u00f6huoneen tai toimiston p\u00f6yd\u00e4ll\u00e4.&nbsp;&nbsp;&nbsp;&nbsp;Tuotetiedot:&nbsp;&nbsp;Mitat: halkaisija 9 cmRenessanssityyliAlkuper\u00e4inen k\u00e4ytt\u00f6ohje useilla kielill\u00e4: englanti, ranska, espanja, italiaLahjapakkaus: kaunis lahjapakkaus muovikotelolla&nbsp;&nbsp;&nbsp;&nbsp;Kuinka ikuista kalenteria k\u00e4ytet\u00e4\u00e4n?&nbsp;&nbsp;Oletetaan, ett\u00e4 haluamme tarkistaa, mik\u00e4 viikonp\u00e4iv\u00e4 on 2. maaliskuuta 2019. T\u00e4t\u00e4 varten k\u00e4\u00e4nn\u00e4mme kalenterin kuun hymynaaman puolelle. Etsimme liikkuvalta renkaalta numeron 20 ja kohdistamme sen numeroon 19, joka l\u00f6ytyy kiinte\u00e4lt\u00e4 kellotaululta. Seuraavaksi siirr\u00e4mme Letra Dominical -kirjaimet kohtaan 19, jolloin n\u00e4emme, mik\u00e4 kirjain oli 20:n alla, kun 20 ja 19 olivat kohdakkain. T\u00e4ss\u00e4 tapauksessa se on kirjain F. Seuraava siirto tehd\u00e4\u00e4n auringon hymynaaman puolella. Liikkuvalla renkaalla kirjaimilla MAR merkitty maaliskuu sijoitetaan F:n alle. Sen j\u00e4lkeen n\u00e4emme, ett\u00e4 kuukauden 2. p\u00e4iv\u00e4 \u2013 katsomme nyt kiinte\u00e4n kellotaulun alaosaa, jossa n\u00e4kyv\u00e4t p\u00e4iv\u00e4t 1\u201331 \u2013 vastaa kirjainta S, mik\u00e4 tarkoittaa, ett\u00e4 2. maaliskuuta 2019 on S \u2013 lauantai.Karkausvuonna scepteriss\u00e4 on kaksi kirjainta. Silloin s\u00e4\u00e4nt\u00f6 on, ett\u00e4 ensimm\u00e4inen kirjain koskee p\u00e4iv\u00e4\u00e4, joka on ennen kyseisen vuoden 1. maaliskuuta, ja toinen kirjain koskee p\u00e4iv\u00e4\u00e4, joka on kyseisen vuoden 1. maaliskuuta j\u00e4lkeen. Muut vaiheet ovat samat kuin edell\u00e4. Esimerkki: tarkistetaan, mik\u00e4 viikonp\u00e4iv\u00e4 on 10. kes\u00e4kuuta 2020. Kuun puolella asetamme liikkuvan kellon 20 alle 20 kiinte\u00e4\u00e4n kellon. K\u00e4yt\u00e4mme pikkusormea ja n\u00e4emme, ett\u00e4 20:n alla on kirjaimet D, E. Kyseess\u00e4 on p\u00e4iv\u00e4m\u00e4\u00e4r\u00e4 15. maaliskuuta j\u00e4lkeen, joten otamme huomioon kirjaimen D. T\u00e4m\u00e4n tiedon avulla siirrymme sivulle, jossa on auringon hymi\u00f6. JUN &#8211; kes\u00e4kuu on asetettu D:n alle. Alareunassa n\u00e4emme, ett\u00e4 10. kes\u00e4kuuta on X-miercoles &#8211; keskiviikko &#8211; alla.<\/p>\n","protected":false},"excerpt":{"rendered":"<p>Ikuinen kalenteri H27 &nbsp;&nbsp;&nbsp;Ikuisen kalenterin avulla l\u00f6yd\u00e4t kaikki viikonp\u00e4iv\u00e4t vuosilta 1600\u20132799! Kalenterissa k\u00e4ytet\u00e4\u00e4n vanhaa j\u00e4rjestelm\u00e4\u00e4, jota kutsutaan dominikaanisiksi kirjaimiksi \u2013 sunnuntaikirjaimiksi. &nbsp;Kalenteri on kauniisti koristeltu renessanssityylill\u00e4. &nbsp;Se sopii hyvin lahjaksi historian ja teknisten monumenttien yst\u00e4v\u00e4lle, johtajalle tai astrologian harrastajalle. Se n\u00e4ytt\u00e4\u00e4 upealta ty\u00f6huoneen tai toimiston p\u00f6yd\u00e4ll\u00e4.&nbsp;&nbsp;&nbsp;&nbsp;Tuotetiedot:&nbsp;&nbsp;Mitat: halkaisija 9 cmRenessanssityyliAlkuper\u00e4inen k\u00e4ytt\u00f6ohje useilla kielill\u00e4: englanti, ranska, espanja, [&hellip;]<\/p>\n","protected":false},"featured_media":44818,"comment_status":"open","ping_status":"closed","template":"","meta":[],"product_brand":[],"product_cat":[32],"product_tag":[],"class_list":{"0":"post-36602","1":"product","2":"type-product","3":"status-publish","4":"has-post-thumbnail","6":"product_cat-uncategorized-fi","8":"first","9":"instock","10":"shipping-taxable","11":"purchasable","12":"product-type-simple"},"_links":{"self":[{"href":"https:\/\/nordicmart.andreevmaster.com\/fi\/wp-json\/wp\/v2\/product\/36602","targetHints":{"allow":["GET"]}}],"collection":[{"href":"https:\/\/nordicmart.andreevmaster.com\/fi\/wp-json\/wp\/v2\/product"}],"about":[{"href":"https:\/\/nordicmart.andreevmaster.com\/fi\/wp-json\/wp\/v2\/types\/product"}],"replies":[{"embeddable":true,"href":"https:\/\/nordicmart.andreevmaster.com\/fi\/wp-json\/wp\/v2\/comments?post=36602"}],"wp:featuredmedia":[{"embeddable":true,"href":"https:\/\/nordicmart.andreevmaster.com\/fi\/wp-json\/wp\/v2\/media\/44818"}],"wp:attachment":[{"href":"https:\/\/nordicmart.andreevmaster.com\/fi\/wp-json\/wp\/v2\/media?parent=36602"}],"wp:term":[{"taxonomy":"product_brand","embeddable":true,"href":"https:\/\/nordicmart.andreevmaster.com\/fi\/wp-json\/wp\/v2\/product_brand?post=36602"},{"taxonomy":"product_cat","embeddable":true,"href":"https:\/\/nordicmart.andreevmaster.com\/fi\/wp-json\/wp\/v2\/product_cat?post=36602"},{"taxonomy":"product_tag","embeddable":true,"href":"https:\/\/nordicmart.andreevmaster.com\/fi\/wp-json\/wp\/v2\/product_tag?post=36602"}],"curies":[{"name":"wp","href":"https:\/\/api.w.org\/{rel}","templated":true}]}}