{"id":36601,"date":"2026-02-27T00:35:09","date_gmt":"2026-02-27T00:35:09","guid":{"rendered":"https:\/\/nordicmart.andreevmaster.com\/product\/brunton-kompassi-puulaatikossa-cb5\/"},"modified":"2026-02-27T09:52:45","modified_gmt":"2026-02-27T09:52:45","slug":"brunton-kompassi-puulaatikossa-cb5","status":"publish","type":"product","link":"https:\/\/nordicmart.andreevmaster.com\/fi\/tuote\/brunton-kompassi-puulaatikossa-cb5\/","title":{"rendered":"Brunton-kompassi puulaatikossa &#8211; CB5"},"content":{"rendered":"<p>Brunton-kompassi puulaatikossa &#8211; CB5 &nbsp;&nbsp;Brunton-kompassi on eritt\u00e4in tarkka tekninen laite erilaisiin laskelmiin. Tyylik\u00e4s ja kest\u00e4v\u00e4 messinkikompassi on k\u00e4yt\u00e4nn\u00f6llinen lahja insin\u00f6\u00f6rille tai maanmittaajalle.&nbsp;Brunton-mallin etuna on kannen alla oleva peili ja t\u00e4ht\u00e4ysv\u00e4lineet. Ne helpottavat kulkemista azimuth-suunnassa. Pohjoisen osoittava magneettineulan k\u00e4rki on punainen. Kotelossa on sinitaulukko. Kompassi on varustettu my\u00f6s vesivaa&#8217;alla, jonka avulla voidaan m\u00e4\u00e4ritt\u00e4\u00e4 suorien viivojen tai tasojen pienet kallistuskulmat vaakasuoraan tai pystysuoraan suuntaan n\u00e4hden. &nbsp;Brunton-kompassi on pakattu tyylikk\u00e4\u00e4seen puulaatikkoon.&nbsp;&nbsp;Tuotetiedot:&nbsp;Materiaali: messinki Kotelon v\u00e4rit: messinki Laatikkokompassi &#8211; lukittava Peili ja t\u00e4ht\u00e4inv\u00e4line Libella Sinitaulukko kotelossa Mitat: 7,5 x 7 x 3,5 cm Laatikko: Materiaali: puu Pehmustettu sinisell\u00e4 materiaalilla Mitat: 10,5 x 9 x 6 cm<\/p>\n","protected":false},"excerpt":{"rendered":"<p>Brunton-kompassi puulaatikossa &#8211; CB5 &nbsp;&nbsp;Brunton-kompassi on eritt\u00e4in tarkka tekninen laite erilaisiin laskelmiin. Tyylik\u00e4s ja kest\u00e4v\u00e4 messinkikompassi on k\u00e4yt\u00e4nn\u00f6llinen lahja insin\u00f6\u00f6rille tai maanmittaajalle.&nbsp;Brunton-mallin etuna on kannen alla oleva peili ja t\u00e4ht\u00e4ysv\u00e4lineet. Ne helpottavat kulkemista azimuth-suunnassa. Pohjoisen osoittava magneettineulan k\u00e4rki on punainen. Kotelossa on sinitaulukko. Kompassi on varustettu my\u00f6s vesivaa&#8217;alla, jonka avulla voidaan m\u00e4\u00e4ritt\u00e4\u00e4 suorien viivojen tai [&hellip;]<\/p>\n","protected":false},"featured_media":44817,"comment_status":"open","ping_status":"closed","template":"","meta":[],"product_brand":[],"product_cat":[32],"product_tag":[],"class_list":{"0":"post-36601","1":"product","2":"type-product","3":"status-publish","4":"has-post-thumbnail","6":"product_cat-uncategorized-fi","8":"first","9":"instock","10":"shipping-taxable","11":"purchasable","12":"product-type-simple"},"_links":{"self":[{"href":"https:\/\/nordicmart.andreevmaster.com\/fi\/wp-json\/wp\/v2\/product\/36601","targetHints":{"allow":["GET"]}}],"collection":[{"href":"https:\/\/nordicmart.andreevmaster.com\/fi\/wp-json\/wp\/v2\/product"}],"about":[{"href":"https:\/\/nordicmart.andreevmaster.com\/fi\/wp-json\/wp\/v2\/types\/product"}],"replies":[{"embeddable":true,"href":"https:\/\/nordicmart.andreevmaster.com\/fi\/wp-json\/wp\/v2\/comments?post=36601"}],"wp:featuredmedia":[{"embeddable":true,"href":"https:\/\/nordicmart.andreevmaster.com\/fi\/wp-json\/wp\/v2\/media\/44817"}],"wp:attachment":[{"href":"https:\/\/nordicmart.andreevmaster.com\/fi\/wp-json\/wp\/v2\/media?parent=36601"}],"wp:term":[{"taxonomy":"product_brand","embeddable":true,"href":"https:\/\/nordicmart.andreevmaster.com\/fi\/wp-json\/wp\/v2\/product_brand?post=36601"},{"taxonomy":"product_cat","embeddable":true,"href":"https:\/\/nordicmart.andreevmaster.com\/fi\/wp-json\/wp\/v2\/product_cat?post=36601"},{"taxonomy":"product_tag","embeddable":true,"href":"https:\/\/nordicmart.andreevmaster.com\/fi\/wp-json\/wp\/v2\/product_tag?post=36601"}],"curies":[{"name":"wp","href":"https:\/\/api.w.org\/{rel}","templated":true}]}}