{"id":36600,"date":"2026-02-27T00:35:09","date_gmt":"2026-02-27T00:35:09","guid":{"rendered":"https:\/\/nordicmart.andreevmaster.com\/product\/puinen-ohjauspyora-messinkinen-insertti-jossa-paikka-kiilalle-halkaisija-60-cm-sw3-24\/"},"modified":"2026-02-27T09:52:45","modified_gmt":"2026-02-27T09:52:45","slug":"puinen-ohjauspyora-messinkinen-insertti-jossa-paikka-kiilalle-halkaisija-60-cm-sw3-24","status":"publish","type":"product","link":"https:\/\/nordicmart.andreevmaster.com\/fi\/tuote\/puinen-ohjauspyora-messinkinen-insertti-jossa-paikka-kiilalle-halkaisija-60-cm-sw3-24\/","title":{"rendered":"Puinen ohjauspy\u00f6r\u00e4 \u2013 Messinkinen insertti, jossa paikka kiilalle \u2013 Halkaisija 60 cm \u2013 SW3\/24"},"content":{"rendered":"<p>Puinen ohjauspy\u00f6r\u00e4 &#8211; Messinkinen insertti, jossa paikka kiilalle &#8211; Halkaisija 60 cm &#8211; SW3\/24&nbsp;&nbsp;&nbsp;Puinen ohjauspy\u00f6r\u00e4 on merihenkinen koriste, joka tuo merellist\u00e4 tunnelmaa kotiisi. Se on symbolinen lahja merimiehelle.&nbsp;T\u00e4m\u00e4 ohjauspy\u00f6r\u00e4 on valmistettu puusta ja siin\u00e4 on messinkinen keskiosa. Se sopii t\u00e4ydellisesti sinisen, vihre\u00e4n tai valkoisen sein\u00e4n taustalle.&nbsp;&nbsp;Tuotetiedot:&nbsp;Materiaali: puuSis\u00e4kappale: messinkiPy\u00f6r\u00e4n halkaisija: 60 cmTila kiilalleTyyli: merihenkinen, retro&nbsp;Se sopii t\u00e4ydellisesti:&nbsp;Lahjaksi merimiehelleSymbolinen lahjaMerihenkinen koriste&nbsp;<\/p>\n","protected":false},"excerpt":{"rendered":"<p>Puinen ohjauspy\u00f6r\u00e4 &#8211; Messinkinen insertti, jossa paikka kiilalle &#8211; Halkaisija 60 cm &#8211; SW3\/24&nbsp;&nbsp;&nbsp;Puinen ohjauspy\u00f6r\u00e4 on merihenkinen koriste, joka tuo merellist\u00e4 tunnelmaa kotiisi. Se on symbolinen lahja merimiehelle.&nbsp;T\u00e4m\u00e4 ohjauspy\u00f6r\u00e4 on valmistettu puusta ja siin\u00e4 on messinkinen keskiosa. Se sopii t\u00e4ydellisesti sinisen, vihre\u00e4n tai valkoisen sein\u00e4n taustalle.&nbsp;&nbsp;Tuotetiedot:&nbsp;Materiaali: puuSis\u00e4kappale: messinkiPy\u00f6r\u00e4n halkaisija: 60 cmTila kiilalleTyyli: merihenkinen, retro&nbsp;Se sopii [&hellip;]<\/p>\n","protected":false},"featured_media":44816,"comment_status":"open","ping_status":"closed","template":"","meta":[],"product_brand":[],"product_cat":[32],"product_tag":[],"class_list":{"0":"post-36600","1":"product","2":"type-product","3":"status-publish","4":"has-post-thumbnail","6":"product_cat-uncategorized-fi","8":"first","9":"instock","10":"shipping-taxable","11":"purchasable","12":"product-type-simple"},"_links":{"self":[{"href":"https:\/\/nordicmart.andreevmaster.com\/fi\/wp-json\/wp\/v2\/product\/36600","targetHints":{"allow":["GET"]}}],"collection":[{"href":"https:\/\/nordicmart.andreevmaster.com\/fi\/wp-json\/wp\/v2\/product"}],"about":[{"href":"https:\/\/nordicmart.andreevmaster.com\/fi\/wp-json\/wp\/v2\/types\/product"}],"replies":[{"embeddable":true,"href":"https:\/\/nordicmart.andreevmaster.com\/fi\/wp-json\/wp\/v2\/comments?post=36600"}],"wp:featuredmedia":[{"embeddable":true,"href":"https:\/\/nordicmart.andreevmaster.com\/fi\/wp-json\/wp\/v2\/media\/44816"}],"wp:attachment":[{"href":"https:\/\/nordicmart.andreevmaster.com\/fi\/wp-json\/wp\/v2\/media?parent=36600"}],"wp:term":[{"taxonomy":"product_brand","embeddable":true,"href":"https:\/\/nordicmart.andreevmaster.com\/fi\/wp-json\/wp\/v2\/product_brand?post=36600"},{"taxonomy":"product_cat","embeddable":true,"href":"https:\/\/nordicmart.andreevmaster.com\/fi\/wp-json\/wp\/v2\/product_cat?post=36600"},{"taxonomy":"product_tag","embeddable":true,"href":"https:\/\/nordicmart.andreevmaster.com\/fi\/wp-json\/wp\/v2\/product_tag?post=36600"}],"curies":[{"name":"wp","href":"https:\/\/api.w.org\/{rel}","templated":true}]}}