{"id":36599,"date":"2026-02-27T00:35:08","date_gmt":"2026-02-27T00:35:08","guid":{"rendered":"https:\/\/nordicmart.andreevmaster.com\/product\/iso-puinen-ohjauspyora-halkaisija-75-cm-messinkinen-insertti-jossa-paikka-kiilalle-sw2-30\/"},"modified":"2026-02-27T09:52:45","modified_gmt":"2026-02-27T09:52:45","slug":"iso-puinen-ohjauspyora-halkaisija-75-cm-messinkinen-insertti-jossa-paikka-kiilalle-sw2-30","status":"publish","type":"product","link":"https:\/\/nordicmart.andreevmaster.com\/fi\/tuote\/iso-puinen-ohjauspyora-halkaisija-75-cm-messinkinen-insertti-jossa-paikka-kiilalle-sw2-30\/","title":{"rendered":"Iso puinen ohjauspy\u00f6r\u00e4, halkaisija 75 cm, messinkinen insertti, jossa paikka kiilalle \u2013 SW2\/30\u2019"},"content":{"rendered":"<p>Iso puinen ohjauspy\u00f6r\u00e4, halkaisija 75 cm, messinkinen insertti, jossa tila kiilalle \u2013 SW2\/30&rsquo;&nbsp;&nbsp;&nbsp;Iso puinen ohjauspy\u00f6r\u00e4 (halkaisija 75 cm) on merihenkinen koriste, joka tuo merellist\u00e4 tunnelmaa kotiisi. &nbsp;Se on symbolinen lahja pomolle ja kaikille, jotka pit\u00e4v\u00e4t ohjakset k\u00e4siss\u00e4\u00e4n sek\u00e4 ty\u00f6- ett\u00e4 yksityisel\u00e4m\u00e4ss\u00e4. &nbsp;Puusta valmistettu ohjauspy\u00f6r\u00e4 messinkisis\u00e4kkeell\u00e4 sopii hyvin sinisen, vihre\u00e4n ja valkoisen s\u00e4vyjen kanssa. &nbsp;&nbsp;&nbsp;Tuotetiedot:&nbsp;Materiaali: puuSis\u00e4kki: messinkiPy\u00f6r\u00e4n halkaisija: 75 cmTyyli: merihenkinen, retro &nbsp;<\/p>\n","protected":false},"excerpt":{"rendered":"<p>Iso puinen ohjauspy\u00f6r\u00e4, halkaisija 75 cm, messinkinen insertti, jossa tila kiilalle \u2013 SW2\/30&rsquo;&nbsp;&nbsp;&nbsp;Iso puinen ohjauspy\u00f6r\u00e4 (halkaisija 75 cm) on merihenkinen koriste, joka tuo merellist\u00e4 tunnelmaa kotiisi. &nbsp;Se on symbolinen lahja pomolle ja kaikille, jotka pit\u00e4v\u00e4t ohjakset k\u00e4siss\u00e4\u00e4n sek\u00e4 ty\u00f6- ett\u00e4 yksityisel\u00e4m\u00e4ss\u00e4. &nbsp;Puusta valmistettu ohjauspy\u00f6r\u00e4 messinkisis\u00e4kkeell\u00e4 sopii hyvin sinisen, vihre\u00e4n ja valkoisen s\u00e4vyjen kanssa. &nbsp;&nbsp;&nbsp;Tuotetiedot:&nbsp;Materiaali: puuSis\u00e4kki: [&hellip;]<\/p>\n","protected":false},"featured_media":44815,"comment_status":"open","ping_status":"closed","template":"","meta":[],"product_brand":[],"product_cat":[32],"product_tag":[],"class_list":{"0":"post-36599","1":"product","2":"type-product","3":"status-publish","4":"has-post-thumbnail","6":"product_cat-uncategorized-fi","8":"first","9":"instock","10":"shipping-taxable","11":"purchasable","12":"product-type-simple"},"_links":{"self":[{"href":"https:\/\/nordicmart.andreevmaster.com\/fi\/wp-json\/wp\/v2\/product\/36599","targetHints":{"allow":["GET"]}}],"collection":[{"href":"https:\/\/nordicmart.andreevmaster.com\/fi\/wp-json\/wp\/v2\/product"}],"about":[{"href":"https:\/\/nordicmart.andreevmaster.com\/fi\/wp-json\/wp\/v2\/types\/product"}],"replies":[{"embeddable":true,"href":"https:\/\/nordicmart.andreevmaster.com\/fi\/wp-json\/wp\/v2\/comments?post=36599"}],"wp:featuredmedia":[{"embeddable":true,"href":"https:\/\/nordicmart.andreevmaster.com\/fi\/wp-json\/wp\/v2\/media\/44815"}],"wp:attachment":[{"href":"https:\/\/nordicmart.andreevmaster.com\/fi\/wp-json\/wp\/v2\/media?parent=36599"}],"wp:term":[{"taxonomy":"product_brand","embeddable":true,"href":"https:\/\/nordicmart.andreevmaster.com\/fi\/wp-json\/wp\/v2\/product_brand?post=36599"},{"taxonomy":"product_cat","embeddable":true,"href":"https:\/\/nordicmart.andreevmaster.com\/fi\/wp-json\/wp\/v2\/product_cat?post=36599"},{"taxonomy":"product_tag","embeddable":true,"href":"https:\/\/nordicmart.andreevmaster.com\/fi\/wp-json\/wp\/v2\/product_tag?post=36599"}],"curies":[{"name":"wp","href":"https:\/\/api.w.org\/{rel}","templated":true}]}}