{"id":36598,"date":"2026-02-27T00:35:08","date_gmt":"2026-02-27T00:35:08","guid":{"rendered":"https:\/\/nordicmart.andreevmaster.com\/product\/erittain-suuri-purjevenemalli-alumiini-47-x-38-cm-n-3044\/"},"modified":"2026-02-27T09:52:44","modified_gmt":"2026-02-27T09:52:44","slug":"erittain-suuri-purjevenemalli-alumiini-47-x-38-cm-n-3044","status":"publish","type":"product","link":"https:\/\/nordicmart.andreevmaster.com\/fi\/tuote\/erittain-suuri-purjevenemalli-alumiini-47-x-38-cm-n-3044\/","title":{"rendered":"Eritt\u00e4in suuri purjevenemalli \u2013 alumiini \u2013 47 x 38 cm \u2013 N-3044"},"content":{"rendered":"<p>Eritt\u00e4in suuri purjevenemalli \u2013 alumiini \u2013 47 x 38 cm \u2013 N-3044&nbsp;&nbsp;Purjevenemalli \u2013 Tyylik\u00e4s koriste merihenkiseen sisustukseen&nbsp;Suuri, minimalistinen alumiininen purjevenemalli on t\u00e4ydellinen koriste merihenkiseen sisustukseen. Purjealuksen hopeanv\u00e4rinen ja hoikka siluetti tuo tyylikkyytt\u00e4 ja merellist\u00e4 tunnelmaa mihin tahansa huoneeseen.&nbsp;Purjevenemalli on t\u00e4ydellinen lahja purjehduksen ja meriseikkailujen yst\u00e4ville. Se voi olla my\u00f6s symbolinen lahja ihmisille, jotka arvostavat vapautta ja tavoitteidensa tavoittelua.&nbsp;&nbsp;Tuotetiedot:&nbsp;Mitat: 47 x 38 cmMateriaali: alumiiniKultaisen v\u00e4rinenLahja: merimiehille, meren yst\u00e4ville, vapauden arvostajilleTyyli: merihenkinen, minimalistinen&nbsp;<\/p>\n","protected":false},"excerpt":{"rendered":"<p>Eritt\u00e4in suuri purjevenemalli \u2013 alumiini \u2013 47 x 38 cm \u2013 N-3044&nbsp;&nbsp;Purjevenemalli \u2013 Tyylik\u00e4s koriste merihenkiseen sisustukseen&nbsp;Suuri, minimalistinen alumiininen purjevenemalli on t\u00e4ydellinen koriste merihenkiseen sisustukseen. Purjealuksen hopeanv\u00e4rinen ja hoikka siluetti tuo tyylikkyytt\u00e4 ja merellist\u00e4 tunnelmaa mihin tahansa huoneeseen.&nbsp;Purjevenemalli on t\u00e4ydellinen lahja purjehduksen ja meriseikkailujen yst\u00e4ville. Se voi olla my\u00f6s symbolinen lahja ihmisille, jotka arvostavat vapautta [&hellip;]<\/p>\n","protected":false},"featured_media":44814,"comment_status":"open","ping_status":"closed","template":"","meta":[],"product_brand":[],"product_cat":[32],"product_tag":[],"class_list":{"0":"post-36598","1":"product","2":"type-product","3":"status-publish","4":"has-post-thumbnail","6":"product_cat-uncategorized-fi","8":"first","9":"instock","10":"shipping-taxable","11":"purchasable","12":"product-type-simple"},"_links":{"self":[{"href":"https:\/\/nordicmart.andreevmaster.com\/fi\/wp-json\/wp\/v2\/product\/36598","targetHints":{"allow":["GET"]}}],"collection":[{"href":"https:\/\/nordicmart.andreevmaster.com\/fi\/wp-json\/wp\/v2\/product"}],"about":[{"href":"https:\/\/nordicmart.andreevmaster.com\/fi\/wp-json\/wp\/v2\/types\/product"}],"replies":[{"embeddable":true,"href":"https:\/\/nordicmart.andreevmaster.com\/fi\/wp-json\/wp\/v2\/comments?post=36598"}],"wp:featuredmedia":[{"embeddable":true,"href":"https:\/\/nordicmart.andreevmaster.com\/fi\/wp-json\/wp\/v2\/media\/44814"}],"wp:attachment":[{"href":"https:\/\/nordicmart.andreevmaster.com\/fi\/wp-json\/wp\/v2\/media?parent=36598"}],"wp:term":[{"taxonomy":"product_brand","embeddable":true,"href":"https:\/\/nordicmart.andreevmaster.com\/fi\/wp-json\/wp\/v2\/product_brand?post=36598"},{"taxonomy":"product_cat","embeddable":true,"href":"https:\/\/nordicmart.andreevmaster.com\/fi\/wp-json\/wp\/v2\/product_cat?post=36598"},{"taxonomy":"product_tag","embeddable":true,"href":"https:\/\/nordicmart.andreevmaster.com\/fi\/wp-json\/wp\/v2\/product_tag?post=36598"}],"curies":[{"name":"wp","href":"https:\/\/api.w.org\/{rel}","templated":true}]}}