{"id":36597,"date":"2026-02-27T00:35:08","date_gmt":"2026-02-27T00:35:08","guid":{"rendered":"https:\/\/nordicmart.andreevmaster.com\/product\/porthole-mirror-keyring-key-0134b-2\/"},"modified":"2026-02-27T09:52:44","modified_gmt":"2026-02-27T09:52:44","slug":"porthole-mirror-keyring-key-0134b-2","status":"publish","type":"product","link":"https:\/\/nordicmart.andreevmaster.com\/fi\/tuote\/porthole-mirror-keyring-key-0134b-2\/","title":{"rendered":"Porthole Mirror Keyring KEY-0134B"},"content":{"rendered":"<p>Porthole Mirror Keyring KEY-0134B&nbsp;Porthole-avaimenper\u00e4 on merihenkinen gadget, jonka avulla voit pit\u00e4\u00e4 kaikki avaimet yhdess\u00e4 paikassa. Koristeellinen avaimenper\u00e4 on portholen muotoinen ja toimii my\u00f6s peilin\u00e4, jonka avulla voit tarkistaa upean ulkon\u00e4k\u00f6si. &nbsp;Avaimenper\u00e4 on valmistettu messingist\u00e4. Kiinnitet\u00e4\u00e4n avaimiin karabiinikoukulla.&nbsp;&nbsp;Tuotetiedot:&nbsp;Materiaali: messinkiMitat: halkaisija 5,5 cm, kokonaispituus 10,5 cm&nbsp;<\/p>\n","protected":false},"excerpt":{"rendered":"<p>Porthole Mirror Keyring KEY-0134B&nbsp;Porthole-avaimenper\u00e4 on merihenkinen gadget, jonka avulla voit pit\u00e4\u00e4 kaikki avaimet yhdess\u00e4 paikassa. Koristeellinen avaimenper\u00e4 on portholen muotoinen ja toimii my\u00f6s peilin\u00e4, jonka avulla voit tarkistaa upean ulkon\u00e4k\u00f6si. &nbsp;Avaimenper\u00e4 on valmistettu messingist\u00e4. Kiinnitet\u00e4\u00e4n avaimiin karabiinikoukulla.&nbsp;&nbsp;Tuotetiedot:&nbsp;Materiaali: messinkiMitat: halkaisija 5,5 cm, kokonaispituus 10,5 cm&nbsp;<\/p>\n","protected":false},"featured_media":44813,"comment_status":"open","ping_status":"closed","template":"","meta":[],"product_brand":[],"product_cat":[32],"product_tag":[],"class_list":{"0":"post-36597","1":"product","2":"type-product","3":"status-publish","4":"has-post-thumbnail","6":"product_cat-uncategorized-fi","8":"first","9":"instock","10":"shipping-taxable","11":"purchasable","12":"product-type-simple"},"_links":{"self":[{"href":"https:\/\/nordicmart.andreevmaster.com\/fi\/wp-json\/wp\/v2\/product\/36597","targetHints":{"allow":["GET"]}}],"collection":[{"href":"https:\/\/nordicmart.andreevmaster.com\/fi\/wp-json\/wp\/v2\/product"}],"about":[{"href":"https:\/\/nordicmart.andreevmaster.com\/fi\/wp-json\/wp\/v2\/types\/product"}],"replies":[{"embeddable":true,"href":"https:\/\/nordicmart.andreevmaster.com\/fi\/wp-json\/wp\/v2\/comments?post=36597"}],"wp:featuredmedia":[{"embeddable":true,"href":"https:\/\/nordicmart.andreevmaster.com\/fi\/wp-json\/wp\/v2\/media\/44813"}],"wp:attachment":[{"href":"https:\/\/nordicmart.andreevmaster.com\/fi\/wp-json\/wp\/v2\/media?parent=36597"}],"wp:term":[{"taxonomy":"product_brand","embeddable":true,"href":"https:\/\/nordicmart.andreevmaster.com\/fi\/wp-json\/wp\/v2\/product_brand?post=36597"},{"taxonomy":"product_cat","embeddable":true,"href":"https:\/\/nordicmart.andreevmaster.com\/fi\/wp-json\/wp\/v2\/product_cat?post=36597"},{"taxonomy":"product_tag","embeddable":true,"href":"https:\/\/nordicmart.andreevmaster.com\/fi\/wp-json\/wp\/v2\/product_tag?post=36597"}],"curies":[{"name":"wp","href":"https:\/\/api.w.org\/{rel}","templated":true}]}}