{"id":36596,"date":"2026-02-27T00:35:07","date_gmt":"2026-02-27T00:35:07","guid":{"rendered":"https:\/\/nordicmart.andreevmaster.com\/product\/delfiini-avaimenpera-70339\/"},"modified":"2026-02-27T09:52:44","modified_gmt":"2026-02-27T09:52:44","slug":"delfiini-avaimenpera-70339","status":"publish","type":"product","link":"https:\/\/nordicmart.andreevmaster.com\/fi\/tuote\/delfiini-avaimenpera-70339\/","title":{"rendered":"Delfiini-avaimenper\u00e4 70339"},"content":{"rendered":"<p>Delfiini-avaimenper\u00e4 70339&nbsp;&nbsp;Delfiinin muotoinen avaimenper\u00e4 on valmistettu kest\u00e4v\u00e4st\u00e4 messingist\u00e4. Kiinnitet\u00e4\u00e4n avaimiin karabiinikoukulla.&nbsp;Delfiinin muotoinen avaimenper\u00e4 on loistava idea pieneksi lahjaksi n\u00e4iden kauniiden merenel\u00e4vien yst\u00e4ville. Se valloittaa my\u00f6s kaikkien purjehduksen yst\u00e4vien syd\u00e4met. Nopeus, s\u00e4\u00e4ennusteet, viisaus ja varovaisuus tekiv\u00e4t delfiinist\u00e4 meren ja merenkulun symbolin. Delfiinist\u00e4 tuli purjehduksen suojelija, joten delfiinin muotoinen avaimenper\u00e4 on t\u00e4ydellinen pieni lahja merimiehille.&nbsp;&nbsp;Delfiini-avaimenper\u00e4 70339 tekniset tiedot:&nbsp;Materiaali: messinkiMitat: pituus 5 cm, pituus ketjulla 8 cm&nbsp;<\/p>\n","protected":false},"excerpt":{"rendered":"<p>Delfiini-avaimenper\u00e4 70339&nbsp;&nbsp;Delfiinin muotoinen avaimenper\u00e4 on valmistettu kest\u00e4v\u00e4st\u00e4 messingist\u00e4. Kiinnitet\u00e4\u00e4n avaimiin karabiinikoukulla.&nbsp;Delfiinin muotoinen avaimenper\u00e4 on loistava idea pieneksi lahjaksi n\u00e4iden kauniiden merenel\u00e4vien yst\u00e4ville. Se valloittaa my\u00f6s kaikkien purjehduksen yst\u00e4vien syd\u00e4met. Nopeus, s\u00e4\u00e4ennusteet, viisaus ja varovaisuus tekiv\u00e4t delfiinist\u00e4 meren ja merenkulun symbolin. Delfiinist\u00e4 tuli purjehduksen suojelija, joten delfiinin muotoinen avaimenper\u00e4 on t\u00e4ydellinen pieni lahja merimiehille.&nbsp;&nbsp;Delfiini-avaimenper\u00e4 70339 tekniset [&hellip;]<\/p>\n","protected":false},"featured_media":44812,"comment_status":"open","ping_status":"closed","template":"","meta":[],"product_brand":[],"product_cat":[32],"product_tag":[],"class_list":{"0":"post-36596","1":"product","2":"type-product","3":"status-publish","4":"has-post-thumbnail","6":"product_cat-uncategorized-fi","8":"first","9":"instock","10":"shipping-taxable","11":"purchasable","12":"product-type-simple"},"_links":{"self":[{"href":"https:\/\/nordicmart.andreevmaster.com\/fi\/wp-json\/wp\/v2\/product\/36596","targetHints":{"allow":["GET"]}}],"collection":[{"href":"https:\/\/nordicmart.andreevmaster.com\/fi\/wp-json\/wp\/v2\/product"}],"about":[{"href":"https:\/\/nordicmart.andreevmaster.com\/fi\/wp-json\/wp\/v2\/types\/product"}],"replies":[{"embeddable":true,"href":"https:\/\/nordicmart.andreevmaster.com\/fi\/wp-json\/wp\/v2\/comments?post=36596"}],"wp:featuredmedia":[{"embeddable":true,"href":"https:\/\/nordicmart.andreevmaster.com\/fi\/wp-json\/wp\/v2\/media\/44812"}],"wp:attachment":[{"href":"https:\/\/nordicmart.andreevmaster.com\/fi\/wp-json\/wp\/v2\/media?parent=36596"}],"wp:term":[{"taxonomy":"product_brand","embeddable":true,"href":"https:\/\/nordicmart.andreevmaster.com\/fi\/wp-json\/wp\/v2\/product_brand?post=36596"},{"taxonomy":"product_cat","embeddable":true,"href":"https:\/\/nordicmart.andreevmaster.com\/fi\/wp-json\/wp\/v2\/product_cat?post=36596"},{"taxonomy":"product_tag","embeddable":true,"href":"https:\/\/nordicmart.andreevmaster.com\/fi\/wp-json\/wp\/v2\/product_tag?post=36596"}],"curies":[{"name":"wp","href":"https:\/\/api.w.org\/{rel}","templated":true}]}}