{"id":36595,"date":"2026-02-27T00:35:07","date_gmt":"2026-02-27T00:35:07","guid":{"rendered":"https:\/\/nordicmart.andreevmaster.com\/product\/moottoripyoramalli-n-2784\/"},"modified":"2026-02-27T09:52:44","modified_gmt":"2026-02-27T09:52:44","slug":"moottoripyoramalli-n-2784","status":"publish","type":"product","link":"https:\/\/nordicmart.andreevmaster.com\/fi\/tuote\/moottoripyoramalli-n-2784\/","title":{"rendered":"Moottoripy\u00f6r\u00e4malli &#8211; N-2784"},"content":{"rendered":"<p>Moottoripy\u00f6r\u00e4malli &#8211; N-2784&nbsp;&nbsp;T\u00e4m\u00e4 moottoripy\u00f6r\u00e4malli sopii lahjaksi moottoripy\u00f6r\u00e4ilij\u00e4lle, mekaanikolle ja yksipy\u00f6r\u00e4isten ajoneuvojen harrastajalle. Cruiser-tyylinen moottoripy\u00f6r\u00e4figuuri koristaa moottoripy\u00f6r\u00e4fanin ty\u00f6p\u00f6yt\u00e4\u00e4 tai ty\u00f6pajaa. Moottoripy\u00f6r\u00e4t, joissa on matala istuin ja taaksep\u00e4in ulottuvat ohjaustangot, sopivat erinomaisesti retkeilyyn ja takaavat mukavuuden ja k\u00e4yt\u00e4nn\u00f6llisyyden. Moottoripy\u00f6r\u00e4malli on tyylilt\u00e4\u00e4n amerikkalainen klassikko, jota valmistettiin 1930-luvulta 1960-luvulle.&nbsp;&nbsp;Tuotetiedot:&nbsp;Materiaali: alumiiniV\u00e4ri: antiikkimessinkiMitat: 23 x 14 cm&nbsp;<\/p>\n","protected":false},"excerpt":{"rendered":"<p>Moottoripy\u00f6r\u00e4malli &#8211; N-2784&nbsp;&nbsp;T\u00e4m\u00e4 moottoripy\u00f6r\u00e4malli sopii lahjaksi moottoripy\u00f6r\u00e4ilij\u00e4lle, mekaanikolle ja yksipy\u00f6r\u00e4isten ajoneuvojen harrastajalle. Cruiser-tyylinen moottoripy\u00f6r\u00e4figuuri koristaa moottoripy\u00f6r\u00e4fanin ty\u00f6p\u00f6yt\u00e4\u00e4 tai ty\u00f6pajaa. Moottoripy\u00f6r\u00e4t, joissa on matala istuin ja taaksep\u00e4in ulottuvat ohjaustangot, sopivat erinomaisesti retkeilyyn ja takaavat mukavuuden ja k\u00e4yt\u00e4nn\u00f6llisyyden. Moottoripy\u00f6r\u00e4malli on tyylilt\u00e4\u00e4n amerikkalainen klassikko, jota valmistettiin 1930-luvulta 1960-luvulle.&nbsp;&nbsp;Tuotetiedot:&nbsp;Materiaali: alumiiniV\u00e4ri: antiikkimessinkiMitat: 23 x 14 cm&nbsp;<\/p>\n","protected":false},"featured_media":44811,"comment_status":"open","ping_status":"closed","template":"","meta":[],"product_brand":[],"product_cat":[32],"product_tag":[],"class_list":{"0":"post-36595","1":"product","2":"type-product","3":"status-publish","4":"has-post-thumbnail","6":"product_cat-uncategorized-fi","8":"first","9":"instock","10":"shipping-taxable","11":"purchasable","12":"product-type-simple"},"_links":{"self":[{"href":"https:\/\/nordicmart.andreevmaster.com\/fi\/wp-json\/wp\/v2\/product\/36595","targetHints":{"allow":["GET"]}}],"collection":[{"href":"https:\/\/nordicmart.andreevmaster.com\/fi\/wp-json\/wp\/v2\/product"}],"about":[{"href":"https:\/\/nordicmart.andreevmaster.com\/fi\/wp-json\/wp\/v2\/types\/product"}],"replies":[{"embeddable":true,"href":"https:\/\/nordicmart.andreevmaster.com\/fi\/wp-json\/wp\/v2\/comments?post=36595"}],"wp:featuredmedia":[{"embeddable":true,"href":"https:\/\/nordicmart.andreevmaster.com\/fi\/wp-json\/wp\/v2\/media\/44811"}],"wp:attachment":[{"href":"https:\/\/nordicmart.andreevmaster.com\/fi\/wp-json\/wp\/v2\/media?parent=36595"}],"wp:term":[{"taxonomy":"product_brand","embeddable":true,"href":"https:\/\/nordicmart.andreevmaster.com\/fi\/wp-json\/wp\/v2\/product_brand?post=36595"},{"taxonomy":"product_cat","embeddable":true,"href":"https:\/\/nordicmart.andreevmaster.com\/fi\/wp-json\/wp\/v2\/product_cat?post=36595"},{"taxonomy":"product_tag","embeddable":true,"href":"https:\/\/nordicmart.andreevmaster.com\/fi\/wp-json\/wp\/v2\/product_tag?post=36595"}],"curies":[{"name":"wp","href":"https:\/\/api.w.org\/{rel}","templated":true}]}}