{"id":36594,"date":"2026-02-27T00:35:07","date_gmt":"2026-02-27T00:35:07","guid":{"rendered":"https:\/\/nordicmart.andreevmaster.com\/product\/koira-pedro-koriste-esine-koira\/"},"modified":"2026-02-27T09:52:44","modified_gmt":"2026-02-27T09:52:44","slug":"koira-pedro-koriste-esine-koira","status":"publish","type":"product","link":"https:\/\/nordicmart.andreevmaster.com\/fi\/tuote\/koira-pedro-koriste-esine-koira\/","title":{"rendered":"Koira Pedro \u2013 Koriste-esine &#8211; KOIRA"},"content":{"rendered":"<p>Dog Pedro \u2013 koriste-esine \u2013 KOIRA&nbsp;&nbsp;Esittelemme teille alumiinista valmistetun koriste-esineen \u2013 Pies Pedro -mallin. Ihmisen paras yst\u00e4v\u00e4 \u2013 koira! Uskollinen seuralainen, joka kesytettiin tuhansia vuosia sitten ja vartioi edelleen kotitalouksia ja niiden asukkaita. Koriste-esineell\u00e4mme on tyylik\u00e4s, geometrinen muoto, joka sopii t\u00e4ydellisesti moderneihin sisustuksiin ja eklektisiin sisustuksiin. Hahmoa voi k\u00e4ytt\u00e4\u00e4 kynologisten urheilulajien voittajan palkintona tai lahjana koiran yst\u00e4v\u00e4lle.&nbsp;&nbsp;Mitat:&nbsp;Korkeus 26 cmLeveys 23 cmSyvyys 8,5 cm&nbsp;Muut tuotetiedot:&nbsp;Materiaali &ndash; alumiiniV\u00e4ri &ndash; hopea&nbsp;<\/p>\n","protected":false},"excerpt":{"rendered":"<p>Dog Pedro \u2013 koriste-esine \u2013 KOIRA&nbsp;&nbsp;Esittelemme teille alumiinista valmistetun koriste-esineen \u2013 Pies Pedro -mallin. Ihmisen paras yst\u00e4v\u00e4 \u2013 koira! Uskollinen seuralainen, joka kesytettiin tuhansia vuosia sitten ja vartioi edelleen kotitalouksia ja niiden asukkaita. Koriste-esineell\u00e4mme on tyylik\u00e4s, geometrinen muoto, joka sopii t\u00e4ydellisesti moderneihin sisustuksiin ja eklektisiin sisustuksiin. Hahmoa voi k\u00e4ytt\u00e4\u00e4 kynologisten urheilulajien voittajan palkintona tai lahjana [&hellip;]<\/p>\n","protected":false},"featured_media":44810,"comment_status":"open","ping_status":"closed","template":"","meta":[],"product_brand":[],"product_cat":[32],"product_tag":[],"class_list":{"0":"post-36594","1":"product","2":"type-product","3":"status-publish","4":"has-post-thumbnail","6":"product_cat-uncategorized-fi","8":"first","9":"instock","10":"shipping-taxable","11":"purchasable","12":"product-type-simple"},"_links":{"self":[{"href":"https:\/\/nordicmart.andreevmaster.com\/fi\/wp-json\/wp\/v2\/product\/36594","targetHints":{"allow":["GET"]}}],"collection":[{"href":"https:\/\/nordicmart.andreevmaster.com\/fi\/wp-json\/wp\/v2\/product"}],"about":[{"href":"https:\/\/nordicmart.andreevmaster.com\/fi\/wp-json\/wp\/v2\/types\/product"}],"replies":[{"embeddable":true,"href":"https:\/\/nordicmart.andreevmaster.com\/fi\/wp-json\/wp\/v2\/comments?post=36594"}],"wp:featuredmedia":[{"embeddable":true,"href":"https:\/\/nordicmart.andreevmaster.com\/fi\/wp-json\/wp\/v2\/media\/44810"}],"wp:attachment":[{"href":"https:\/\/nordicmart.andreevmaster.com\/fi\/wp-json\/wp\/v2\/media?parent=36594"}],"wp:term":[{"taxonomy":"product_brand","embeddable":true,"href":"https:\/\/nordicmart.andreevmaster.com\/fi\/wp-json\/wp\/v2\/product_brand?post=36594"},{"taxonomy":"product_cat","embeddable":true,"href":"https:\/\/nordicmart.andreevmaster.com\/fi\/wp-json\/wp\/v2\/product_cat?post=36594"},{"taxonomy":"product_tag","embeddable":true,"href":"https:\/\/nordicmart.andreevmaster.com\/fi\/wp-json\/wp\/v2\/product_tag?post=36594"}],"curies":[{"name":"wp","href":"https:\/\/api.w.org\/{rel}","templated":true}]}}