{"id":36593,"date":"2026-02-27T00:35:07","date_gmt":"2026-02-27T00:35:07","guid":{"rendered":"https:\/\/nordicmart.andreevmaster.com\/product\/hevonen-amber-koristepatsas-18183-38\/"},"modified":"2026-02-27T09:52:43","modified_gmt":"2026-02-27T09:52:43","slug":"hevonen-amber-koristepatsas-18183-38","status":"publish","type":"product","link":"https:\/\/nordicmart.andreevmaster.com\/fi\/tuote\/hevonen-amber-koristepatsas-18183-38\/","title":{"rendered":"Hevonen Amber \u2013 koristepatsas | 18183-38"},"content":{"rendered":"<p>Koristeellinen patsas Horse Amber 18183-38&nbsp;Veistoksen moderni, avoin muoto ja ajaton kultainen v\u00e4rimaailma sopivat hyvin sek\u00e4 nykyaikaisiin teollisiin sisustuksiin ett\u00e4 klassisiin, retro- tai kolonialistisiin ymp\u00e4rist\u00f6ihin. Hevospatsas on upea palkinto ratsastajalle tai lahja hevosyst\u00e4v\u00e4lle, joka koristaa tyylikk\u00e4\u00e4sti lipastoa tai vitriini\u00e4 olohuoneessa.&nbsp;Tuotetiedot:&nbsp;Metallipatsas \u2013 alumiiniV\u00e4ri: messinki, kultainenMitat: 38 x 25 x 9 cm&nbsp;Hevonen \u2013 majesteettinen olento, joka on seurannut ihmiskuntaa tuhansia vuosia. Jumalten ja sankareiden ratsu, voiton symboli ja jokaisen pienen tyt\u00f6n unelma. Tuulen ja nopeuden symbolina se tuo mieleen vapauden ja avaran tilan. Hevosten rikas symboliikka ja kauneus tekev\u00e4t niist\u00e4 sopivan aiheen sisustukseen. Kaikille hevosista kiinnostuneille suosittelemme koriste-esineen\u00e4 Hevonen Amberia, joka korostaa perheen kiintymyst\u00e4 n\u00e4ihin upeisiin el\u00e4imiin.<\/p>\n","protected":false},"excerpt":{"rendered":"<p>Koristeellinen patsas Horse Amber 18183-38&nbsp;Veistoksen moderni, avoin muoto ja ajaton kultainen v\u00e4rimaailma sopivat hyvin sek\u00e4 nykyaikaisiin teollisiin sisustuksiin ett\u00e4 klassisiin, retro- tai kolonialistisiin ymp\u00e4rist\u00f6ihin. Hevospatsas on upea palkinto ratsastajalle tai lahja hevosyst\u00e4v\u00e4lle, joka koristaa tyylikk\u00e4\u00e4sti lipastoa tai vitriini\u00e4 olohuoneessa.&nbsp;Tuotetiedot:&nbsp;Metallipatsas \u2013 alumiiniV\u00e4ri: messinki, kultainenMitat: 38 x 25 x 9 cm&nbsp;Hevonen \u2013 majesteettinen olento, joka on seurannut [&hellip;]<\/p>\n","protected":false},"featured_media":44809,"comment_status":"open","ping_status":"closed","template":"","meta":[],"product_brand":[],"product_cat":[32],"product_tag":[],"class_list":{"0":"post-36593","1":"product","2":"type-product","3":"status-publish","4":"has-post-thumbnail","6":"product_cat-uncategorized-fi","8":"first","9":"instock","10":"shipping-taxable","11":"purchasable","12":"product-type-simple"},"_links":{"self":[{"href":"https:\/\/nordicmart.andreevmaster.com\/fi\/wp-json\/wp\/v2\/product\/36593","targetHints":{"allow":["GET"]}}],"collection":[{"href":"https:\/\/nordicmart.andreevmaster.com\/fi\/wp-json\/wp\/v2\/product"}],"about":[{"href":"https:\/\/nordicmart.andreevmaster.com\/fi\/wp-json\/wp\/v2\/types\/product"}],"replies":[{"embeddable":true,"href":"https:\/\/nordicmart.andreevmaster.com\/fi\/wp-json\/wp\/v2\/comments?post=36593"}],"wp:featuredmedia":[{"embeddable":true,"href":"https:\/\/nordicmart.andreevmaster.com\/fi\/wp-json\/wp\/v2\/media\/44809"}],"wp:attachment":[{"href":"https:\/\/nordicmart.andreevmaster.com\/fi\/wp-json\/wp\/v2\/media?parent=36593"}],"wp:term":[{"taxonomy":"product_brand","embeddable":true,"href":"https:\/\/nordicmart.andreevmaster.com\/fi\/wp-json\/wp\/v2\/product_brand?post=36593"},{"taxonomy":"product_cat","embeddable":true,"href":"https:\/\/nordicmart.andreevmaster.com\/fi\/wp-json\/wp\/v2\/product_cat?post=36593"},{"taxonomy":"product_tag","embeddable":true,"href":"https:\/\/nordicmart.andreevmaster.com\/fi\/wp-json\/wp\/v2\/product_tag?post=36593"}],"curies":[{"name":"wp","href":"https:\/\/api.w.org\/{rel}","templated":true}]}}