{"id":36592,"date":"2026-02-27T00:35:06","date_gmt":"2026-02-27T00:35:06","guid":{"rendered":"https:\/\/nordicmart.andreevmaster.com\/product\/vesimies-magneetti-horoskooppimerkki\/"},"modified":"2026-02-27T09:52:43","modified_gmt":"2026-02-27T09:52:43","slug":"vesimies-magneetti-horoskooppimerkki","status":"publish","type":"product","link":"https:\/\/nordicmart.andreevmaster.com\/fi\/tuote\/vesimies-magneetti-horoskooppimerkki\/","title":{"rendered":"Vesimies-magneetti horoskooppimerkki"},"content":{"rendered":"<p>Vesimies-magneetti horoskooppimerkki&nbsp;&nbsp;J\u00e4\u00e4kaappimagneetti kunnianhimoiselle, sinnikk\u00e4\u00e4lle ja itsep\u00e4iselle Vesimies-horoskooppimerkille. Vesimies on itsen\u00e4isyytt\u00e4 arvostava, suvaitsevainen ja vision\u00e4\u00e4rinen henkil\u00f6. J\u00e4\u00e4kaappimagneetti, jossa on horoskooppimerkki Vesimies, on loistava idea pieneen lahjaan tai lahjan lis\u00e4ykseksi Vesimiehen horoskooppimerkin alla syntyneelle henkil\u00f6lle ja astrologian yst\u00e4ville.&nbsp;Magneetin keskell\u00e4 on kuva horoskooppimerkist\u00e4 Vesimies. Kultaisella reunalla on kaikkien horoskooppimerkkien symbolit. Vesimies-magneetti Horoskooppimerkki Tekniset tiedot: Materiaali: emaloitu metalli V\u00e4ri: kulta, musta Kaikkien horoskooppimerkkien symbolit reunalla Vesimies keskell\u00e4 Mitat: halkaisija 6 cm<\/p>\n","protected":false},"excerpt":{"rendered":"<p>Vesimies-magneetti horoskooppimerkki&nbsp;&nbsp;J\u00e4\u00e4kaappimagneetti kunnianhimoiselle, sinnikk\u00e4\u00e4lle ja itsep\u00e4iselle Vesimies-horoskooppimerkille. Vesimies on itsen\u00e4isyytt\u00e4 arvostava, suvaitsevainen ja vision\u00e4\u00e4rinen henkil\u00f6. J\u00e4\u00e4kaappimagneetti, jossa on horoskooppimerkki Vesimies, on loistava idea pieneen lahjaan tai lahjan lis\u00e4ykseksi Vesimiehen horoskooppimerkin alla syntyneelle henkil\u00f6lle ja astrologian yst\u00e4ville.&nbsp;Magneetin keskell\u00e4 on kuva horoskooppimerkist\u00e4 Vesimies. Kultaisella reunalla on kaikkien horoskooppimerkkien symbolit. Vesimies-magneetti Horoskooppimerkki Tekniset tiedot: Materiaali: emaloitu metalli V\u00e4ri: [&hellip;]<\/p>\n","protected":false},"featured_media":44808,"comment_status":"open","ping_status":"closed","template":"","meta":[],"product_brand":[],"product_cat":[32],"product_tag":[],"class_list":{"0":"post-36592","1":"product","2":"type-product","3":"status-publish","4":"has-post-thumbnail","6":"product_cat-uncategorized-fi","8":"first","9":"instock","10":"shipping-taxable","11":"purchasable","12":"product-type-simple"},"_links":{"self":[{"href":"https:\/\/nordicmart.andreevmaster.com\/fi\/wp-json\/wp\/v2\/product\/36592","targetHints":{"allow":["GET"]}}],"collection":[{"href":"https:\/\/nordicmart.andreevmaster.com\/fi\/wp-json\/wp\/v2\/product"}],"about":[{"href":"https:\/\/nordicmart.andreevmaster.com\/fi\/wp-json\/wp\/v2\/types\/product"}],"replies":[{"embeddable":true,"href":"https:\/\/nordicmart.andreevmaster.com\/fi\/wp-json\/wp\/v2\/comments?post=36592"}],"wp:featuredmedia":[{"embeddable":true,"href":"https:\/\/nordicmart.andreevmaster.com\/fi\/wp-json\/wp\/v2\/media\/44808"}],"wp:attachment":[{"href":"https:\/\/nordicmart.andreevmaster.com\/fi\/wp-json\/wp\/v2\/media?parent=36592"}],"wp:term":[{"taxonomy":"product_brand","embeddable":true,"href":"https:\/\/nordicmart.andreevmaster.com\/fi\/wp-json\/wp\/v2\/product_brand?post=36592"},{"taxonomy":"product_cat","embeddable":true,"href":"https:\/\/nordicmart.andreevmaster.com\/fi\/wp-json\/wp\/v2\/product_cat?post=36592"},{"taxonomy":"product_tag","embeddable":true,"href":"https:\/\/nordicmart.andreevmaster.com\/fi\/wp-json\/wp\/v2\/product_tag?post=36592"}],"curies":[{"name":"wp","href":"https:\/\/api.w.org\/{rel}","templated":true}]}}