{"id":36591,"date":"2026-02-27T00:35:06","date_gmt":"2026-02-27T00:35:06","guid":{"rendered":"https:\/\/nordicmart.andreevmaster.com\/product\/vaaka-magneetti-horoskooppimerkki\/"},"modified":"2026-02-27T09:52:43","modified_gmt":"2026-02-27T09:52:43","slug":"vaaka-magneetti-horoskooppimerkki","status":"publish","type":"product","link":"https:\/\/nordicmart.andreevmaster.com\/fi\/tuote\/vaaka-magneetti-horoskooppimerkki\/","title":{"rendered":"Vaaka-magneetti horoskooppimerkki"},"content":{"rendered":"<p>Vaaka-horoskooppimagneetti&nbsp;J\u00e4\u00e4kaappimagneetti horoskooppimerkille Vaaka, jolla on vahva oikeudentaju ja joka pyrkii tasapainoon. Vaaka-merkkiset arvostavat taidetta, eleganssia ja mukavuutta. Vaaka-merkkisten kanssa voi keskustella monista aiheista. J\u00e4\u00e4kaappimagneetti, jossa on horoskooppimerkki Vaaka, on loistava idea pieneen lahjaan tai lahjan lis\u00e4ykseksi Vaaka-horoskooppimerkin alla syntyneelle henkil\u00f6lle ja astrologian yst\u00e4ville.&nbsp;Magneetin keskell\u00e4 on kuva horoskooppimerkist\u00e4 Vaaka. Kultaisella reunalla on kaikkien horoskooppimerkkien symbolit. Vaaka-magneetti Horoskooppimerkki Tekniset tiedot: Materiaali: emaloitu metalli V\u00e4ri: kulta, musta Kaikkien horoskooppimerkkien symbolit reunalla Vaaka keskell\u00e4 Mitat: halkaisija 6 cm<\/p>\n","protected":false},"excerpt":{"rendered":"<p>Vaaka-horoskooppimagneetti&nbsp;J\u00e4\u00e4kaappimagneetti horoskooppimerkille Vaaka, jolla on vahva oikeudentaju ja joka pyrkii tasapainoon. Vaaka-merkkiset arvostavat taidetta, eleganssia ja mukavuutta. Vaaka-merkkisten kanssa voi keskustella monista aiheista. J\u00e4\u00e4kaappimagneetti, jossa on horoskooppimerkki Vaaka, on loistava idea pieneen lahjaan tai lahjan lis\u00e4ykseksi Vaaka-horoskooppimerkin alla syntyneelle henkil\u00f6lle ja astrologian yst\u00e4ville.&nbsp;Magneetin keskell\u00e4 on kuva horoskooppimerkist\u00e4 Vaaka. Kultaisella reunalla on kaikkien horoskooppimerkkien symbolit. Vaaka-magneetti [&hellip;]<\/p>\n","protected":false},"featured_media":44807,"comment_status":"open","ping_status":"closed","template":"","meta":[],"product_brand":[],"product_cat":[32],"product_tag":[],"class_list":{"0":"post-36591","1":"product","2":"type-product","3":"status-publish","4":"has-post-thumbnail","6":"product_cat-uncategorized-fi","8":"first","9":"instock","10":"shipping-taxable","11":"purchasable","12":"product-type-simple"},"_links":{"self":[{"href":"https:\/\/nordicmart.andreevmaster.com\/fi\/wp-json\/wp\/v2\/product\/36591","targetHints":{"allow":["GET"]}}],"collection":[{"href":"https:\/\/nordicmart.andreevmaster.com\/fi\/wp-json\/wp\/v2\/product"}],"about":[{"href":"https:\/\/nordicmart.andreevmaster.com\/fi\/wp-json\/wp\/v2\/types\/product"}],"replies":[{"embeddable":true,"href":"https:\/\/nordicmart.andreevmaster.com\/fi\/wp-json\/wp\/v2\/comments?post=36591"}],"wp:featuredmedia":[{"embeddable":true,"href":"https:\/\/nordicmart.andreevmaster.com\/fi\/wp-json\/wp\/v2\/media\/44807"}],"wp:attachment":[{"href":"https:\/\/nordicmart.andreevmaster.com\/fi\/wp-json\/wp\/v2\/media?parent=36591"}],"wp:term":[{"taxonomy":"product_brand","embeddable":true,"href":"https:\/\/nordicmart.andreevmaster.com\/fi\/wp-json\/wp\/v2\/product_brand?post=36591"},{"taxonomy":"product_cat","embeddable":true,"href":"https:\/\/nordicmart.andreevmaster.com\/fi\/wp-json\/wp\/v2\/product_cat?post=36591"},{"taxonomy":"product_tag","embeddable":true,"href":"https:\/\/nordicmart.andreevmaster.com\/fi\/wp-json\/wp\/v2\/product_tag?post=36591"}],"curies":[{"name":"wp","href":"https:\/\/api.w.org\/{rel}","templated":true}]}}