{"id":36590,"date":"2026-02-27T00:35:06","date_gmt":"2026-02-27T00:35:06","guid":{"rendered":"https:\/\/nordicmart.andreevmaster.com\/product\/skorpioni-magneetti-horoskooppimerkki\/"},"modified":"2026-02-27T09:52:43","modified_gmt":"2026-02-27T09:52:43","slug":"skorpioni-magneetti-horoskooppimerkki","status":"publish","type":"product","link":"https:\/\/nordicmart.andreevmaster.com\/fi\/tuote\/skorpioni-magneetti-horoskooppimerkki\/","title":{"rendered":"Skorpioni-magneetti horoskooppimerkki"},"content":{"rendered":"<p>Skorpioni-magneetti horoskooppimerkki J\u00e4\u00e4kaappimagneetti eritt\u00e4in salaper\u00e4isille, rohkeille ja vahvan intuition omaaville horoskooppimerkin Skorpioneille. Skorpioni on henkil\u00f6, joka vihaa ep\u00e4onnistumista, on oivaltava ja tinkim\u00e4t\u00f6n. H\u00e4n on sellainen henkil\u00f6, josta ei kannata tehd\u00e4 vihollista. J\u00e4\u00e4kaappimagneetti, jossa on horoskooppimerkki Skorpioni, on loistava idea pieneksi lahjaksi Skorpionin merkin alla syntyneelle henkil\u00f6lle ja astrologian yst\u00e4ville.&nbsp;Magneetin keskell\u00e4 on kuva horoskooppimerkist\u00e4 Skorpioni. Kultaisella reunalla on kaikkien horoskooppimerkkien symbolit.&nbsp;&nbsp;Skorpionin magneetti Horoskooppimerkki Tekniset tiedot:&nbsp;Materiaali: emaloitu metalliV\u00e4ri: kulta, mustaKaikkien horoskooppimerkkien symbolit reunallaSkorpioni keskell\u00e4Mitat: halkaisija 6 cm&nbsp;<\/p>\n","protected":false},"excerpt":{"rendered":"<p>Skorpioni-magneetti horoskooppimerkki J\u00e4\u00e4kaappimagneetti eritt\u00e4in salaper\u00e4isille, rohkeille ja vahvan intuition omaaville horoskooppimerkin Skorpioneille. Skorpioni on henkil\u00f6, joka vihaa ep\u00e4onnistumista, on oivaltava ja tinkim\u00e4t\u00f6n. H\u00e4n on sellainen henkil\u00f6, josta ei kannata tehd\u00e4 vihollista. J\u00e4\u00e4kaappimagneetti, jossa on horoskooppimerkki Skorpioni, on loistava idea pieneksi lahjaksi Skorpionin merkin alla syntyneelle henkil\u00f6lle ja astrologian yst\u00e4ville.&nbsp;Magneetin keskell\u00e4 on kuva horoskooppimerkist\u00e4 Skorpioni. Kultaisella [&hellip;]<\/p>\n","protected":false},"featured_media":44806,"comment_status":"open","ping_status":"closed","template":"","meta":[],"product_brand":[],"product_cat":[32],"product_tag":[],"class_list":{"0":"post-36590","1":"product","2":"type-product","3":"status-publish","4":"has-post-thumbnail","6":"product_cat-uncategorized-fi","8":"first","9":"instock","10":"shipping-taxable","11":"purchasable","12":"product-type-simple"},"_links":{"self":[{"href":"https:\/\/nordicmart.andreevmaster.com\/fi\/wp-json\/wp\/v2\/product\/36590","targetHints":{"allow":["GET"]}}],"collection":[{"href":"https:\/\/nordicmart.andreevmaster.com\/fi\/wp-json\/wp\/v2\/product"}],"about":[{"href":"https:\/\/nordicmart.andreevmaster.com\/fi\/wp-json\/wp\/v2\/types\/product"}],"replies":[{"embeddable":true,"href":"https:\/\/nordicmart.andreevmaster.com\/fi\/wp-json\/wp\/v2\/comments?post=36590"}],"wp:featuredmedia":[{"embeddable":true,"href":"https:\/\/nordicmart.andreevmaster.com\/fi\/wp-json\/wp\/v2\/media\/44806"}],"wp:attachment":[{"href":"https:\/\/nordicmart.andreevmaster.com\/fi\/wp-json\/wp\/v2\/media?parent=36590"}],"wp:term":[{"taxonomy":"product_brand","embeddable":true,"href":"https:\/\/nordicmart.andreevmaster.com\/fi\/wp-json\/wp\/v2\/product_brand?post=36590"},{"taxonomy":"product_cat","embeddable":true,"href":"https:\/\/nordicmart.andreevmaster.com\/fi\/wp-json\/wp\/v2\/product_cat?post=36590"},{"taxonomy":"product_tag","embeddable":true,"href":"https:\/\/nordicmart.andreevmaster.com\/fi\/wp-json\/wp\/v2\/product_tag?post=36590"}],"curies":[{"name":"wp","href":"https:\/\/api.w.org\/{rel}","templated":true}]}}