{"id":36589,"date":"2026-02-27T00:35:05","date_gmt":"2026-02-27T00:35:05","guid":{"rendered":"https:\/\/nordicmart.andreevmaster.com\/product\/kalat-magneetti-horoskooppimerkki\/"},"modified":"2026-02-27T09:52:43","modified_gmt":"2026-02-27T09:52:43","slug":"kalat-magneetti-horoskooppimerkki","status":"publish","type":"product","link":"https:\/\/nordicmart.andreevmaster.com\/fi\/tuote\/kalat-magneetti-horoskooppimerkki\/","title":{"rendered":"Kalat-magneetti horoskooppimerkki"},"content":{"rendered":"<p>Kalat-magneetti horoskooppimerkki&nbsp;&nbsp;J\u00e4\u00e4kaappimagneetti my\u00f6t\u00e4tuntoisille, omistautuneille, romanttisille ja idealistisille Kalat-horoskooppimerkille. Kalat ovat \u00e4lykk\u00e4it\u00e4 ja seurallisia ihmisi\u00e4, jotka menestyv\u00e4t kaikissa tilanteissa luontaisen intuitioonsa ja empatiaansa ansiosta. J\u00e4\u00e4kaappimagneetti, jossa on Kalat-horoskooppimerkin kuva, on loistava idea pieneksi lahjaksi Kalat-horoskooppimerkin alla syntyneelle henkil\u00f6lle ja astrologian yst\u00e4ville.&nbsp;Magneetin keskell\u00e4 on kuva horoskooppimerkist\u00e4 Kalat. Kultaisella reunalla on kaikkien horoskooppimerkkien symbolit.&nbsp;&nbsp;Magneetti Kalat Horoskooppimerkki Tekniset tiedot:&nbsp;Materiaali: emaloitu metalliV\u00e4ri: kulta, mustaKaikkien horoskooppimerkkien symbolit reunallaKalat keskell\u00e4Mitat: halkaisija 6 cm&nbsp;<\/p>\n","protected":false},"excerpt":{"rendered":"<p>Kalat-magneetti horoskooppimerkki&nbsp;&nbsp;J\u00e4\u00e4kaappimagneetti my\u00f6t\u00e4tuntoisille, omistautuneille, romanttisille ja idealistisille Kalat-horoskooppimerkille. Kalat ovat \u00e4lykk\u00e4it\u00e4 ja seurallisia ihmisi\u00e4, jotka menestyv\u00e4t kaikissa tilanteissa luontaisen intuitioonsa ja empatiaansa ansiosta. J\u00e4\u00e4kaappimagneetti, jossa on Kalat-horoskooppimerkin kuva, on loistava idea pieneksi lahjaksi Kalat-horoskooppimerkin alla syntyneelle henkil\u00f6lle ja astrologian yst\u00e4ville.&nbsp;Magneetin keskell\u00e4 on kuva horoskooppimerkist\u00e4 Kalat. Kultaisella reunalla on kaikkien horoskooppimerkkien symbolit.&nbsp;&nbsp;Magneetti Kalat Horoskooppimerkki Tekniset tiedot:&nbsp;Materiaali: [&hellip;]<\/p>\n","protected":false},"featured_media":44805,"comment_status":"open","ping_status":"closed","template":"","meta":[],"product_brand":[],"product_cat":[32],"product_tag":[],"class_list":{"0":"post-36589","1":"product","2":"type-product","3":"status-publish","4":"has-post-thumbnail","6":"product_cat-uncategorized-fi","8":"first","9":"instock","10":"shipping-taxable","11":"purchasable","12":"product-type-simple"},"_links":{"self":[{"href":"https:\/\/nordicmart.andreevmaster.com\/fi\/wp-json\/wp\/v2\/product\/36589","targetHints":{"allow":["GET"]}}],"collection":[{"href":"https:\/\/nordicmart.andreevmaster.com\/fi\/wp-json\/wp\/v2\/product"}],"about":[{"href":"https:\/\/nordicmart.andreevmaster.com\/fi\/wp-json\/wp\/v2\/types\/product"}],"replies":[{"embeddable":true,"href":"https:\/\/nordicmart.andreevmaster.com\/fi\/wp-json\/wp\/v2\/comments?post=36589"}],"wp:featuredmedia":[{"embeddable":true,"href":"https:\/\/nordicmart.andreevmaster.com\/fi\/wp-json\/wp\/v2\/media\/44805"}],"wp:attachment":[{"href":"https:\/\/nordicmart.andreevmaster.com\/fi\/wp-json\/wp\/v2\/media?parent=36589"}],"wp:term":[{"taxonomy":"product_brand","embeddable":true,"href":"https:\/\/nordicmart.andreevmaster.com\/fi\/wp-json\/wp\/v2\/product_brand?post=36589"},{"taxonomy":"product_cat","embeddable":true,"href":"https:\/\/nordicmart.andreevmaster.com\/fi\/wp-json\/wp\/v2\/product_cat?post=36589"},{"taxonomy":"product_tag","embeddable":true,"href":"https:\/\/nordicmart.andreevmaster.com\/fi\/wp-json\/wp\/v2\/product_tag?post=36589"}],"curies":[{"name":"wp","href":"https:\/\/api.w.org\/{rel}","templated":true}]}}