{"id":36588,"date":"2026-02-27T00:35:05","date_gmt":"2026-02-27T00:35:05","guid":{"rendered":"https:\/\/nordicmart.andreevmaster.com\/product\/rapu-magneetti-horoskooppimerkki-rak\/"},"modified":"2026-02-27T09:52:42","modified_gmt":"2026-02-27T09:52:42","slug":"rapu-magneetti-horoskooppimerkki-rak","status":"publish","type":"product","link":"https:\/\/nordicmart.andreevmaster.com\/fi\/tuote\/rapu-magneetti-horoskooppimerkki-rak\/","title":{"rendered":"Rapu-magneetti horoskooppimerkki | RAK"},"content":{"rendered":"<p>Rapu-magneetti horoskooppimerkki&nbsp;&nbsp;J\u00e4\u00e4kaappimagneetti herkille ja salaper\u00e4isille Rapu-horoskooppimerkeille. Rapu on empaattinen, ujo, lojaali ja huolehtivainen henkil\u00f6, jolle on ominaista mielialan vaihtelut. J\u00e4\u00e4kaappimagneetti, jossa on horoskooppimerkki Rapu, on loistava idea pieneksi lahjaksi tai lahjan lis\u00e4osaksi Rapu-horoskooppimerkin alla syntyneelle henkil\u00f6lle ja astrologian yst\u00e4ville.&nbsp;Magneetin keskell\u00e4 on kuva horoskooppimerkist\u00e4 Rapu. Kultaisella reunalla on kaikkien horoskooppimerkkien symbolit.&nbsp;&nbsp;Rapu-magneetti Horoskooppimerkki Tekniset tiedot:&nbsp;Materiaali: emaloitu metalliV\u00e4ri: kulta, mustaKaikkien horoskooppimerkkien symbolit reunallaRapu keskell\u00e4Mitat: halkaisija 6 cm&nbsp;<\/p>\n","protected":false},"excerpt":{"rendered":"<p>Rapu-magneetti horoskooppimerkki&nbsp;&nbsp;J\u00e4\u00e4kaappimagneetti herkille ja salaper\u00e4isille Rapu-horoskooppimerkeille. Rapu on empaattinen, ujo, lojaali ja huolehtivainen henkil\u00f6, jolle on ominaista mielialan vaihtelut. J\u00e4\u00e4kaappimagneetti, jossa on horoskooppimerkki Rapu, on loistava idea pieneksi lahjaksi tai lahjan lis\u00e4osaksi Rapu-horoskooppimerkin alla syntyneelle henkil\u00f6lle ja astrologian yst\u00e4ville.&nbsp;Magneetin keskell\u00e4 on kuva horoskooppimerkist\u00e4 Rapu. Kultaisella reunalla on kaikkien horoskooppimerkkien symbolit.&nbsp;&nbsp;Rapu-magneetti Horoskooppimerkki Tekniset tiedot:&nbsp;Materiaali: emaloitu metalliV\u00e4ri: [&hellip;]<\/p>\n","protected":false},"featured_media":44804,"comment_status":"open","ping_status":"closed","template":"","meta":[],"product_brand":[],"product_cat":[32],"product_tag":[],"class_list":{"0":"post-36588","1":"product","2":"type-product","3":"status-publish","4":"has-post-thumbnail","6":"product_cat-uncategorized-fi","8":"first","9":"instock","10":"shipping-taxable","11":"purchasable","12":"product-type-simple"},"_links":{"self":[{"href":"https:\/\/nordicmart.andreevmaster.com\/fi\/wp-json\/wp\/v2\/product\/36588","targetHints":{"allow":["GET"]}}],"collection":[{"href":"https:\/\/nordicmart.andreevmaster.com\/fi\/wp-json\/wp\/v2\/product"}],"about":[{"href":"https:\/\/nordicmart.andreevmaster.com\/fi\/wp-json\/wp\/v2\/types\/product"}],"replies":[{"embeddable":true,"href":"https:\/\/nordicmart.andreevmaster.com\/fi\/wp-json\/wp\/v2\/comments?post=36588"}],"wp:featuredmedia":[{"embeddable":true,"href":"https:\/\/nordicmart.andreevmaster.com\/fi\/wp-json\/wp\/v2\/media\/44804"}],"wp:attachment":[{"href":"https:\/\/nordicmart.andreevmaster.com\/fi\/wp-json\/wp\/v2\/media?parent=36588"}],"wp:term":[{"taxonomy":"product_brand","embeddable":true,"href":"https:\/\/nordicmart.andreevmaster.com\/fi\/wp-json\/wp\/v2\/product_brand?post=36588"},{"taxonomy":"product_cat","embeddable":true,"href":"https:\/\/nordicmart.andreevmaster.com\/fi\/wp-json\/wp\/v2\/product_cat?post=36588"},{"taxonomy":"product_tag","embeddable":true,"href":"https:\/\/nordicmart.andreevmaster.com\/fi\/wp-json\/wp\/v2\/product_tag?post=36588"}],"curies":[{"name":"wp","href":"https:\/\/api.w.org\/{rel}","templated":true}]}}