{"id":36587,"date":"2026-02-27T00:35:05","date_gmt":"2026-02-27T00:35:05","guid":{"rendered":"https:\/\/nordicmart.andreevmaster.com\/product\/virgo-magnet-horoskooppimerkki-pan\/"},"modified":"2026-02-27T09:52:42","modified_gmt":"2026-02-27T09:52:42","slug":"virgo-magnet-horoskooppimerkki-pan","status":"publish","type":"product","link":"https:\/\/nordicmart.andreevmaster.com\/fi\/tuote\/virgo-magnet-horoskooppimerkki-pan\/","title":{"rendered":"Virgo Magnet horoskooppimerkki PAN"},"content":{"rendered":"<p>Virgo Magnet horoskooppimerkki PAN&nbsp;&nbsp;J\u00e4\u00e4kaappimagneetti k\u00e4yt\u00e4nn\u00f6llisille Neitsyille, jotka rakastavat oppia uusia asioita. Neitsyt on rauhallinen luonne, joka viett\u00e4\u00e4 mielell\u00e4\u00e4n aikaa pienen yst\u00e4v\u00e4piirin kanssa. Neitsyet ovat kunnianhimoisia, oivaltavia ja k\u00e4rsiv\u00e4llisi\u00e4 ihmisi\u00e4. J\u00e4\u00e4kaappimagneetti, jossa on kuva horoskooppimerkist\u00e4 Neitsyt, on loistava idea pieneen lahjaan tai lahjan lis\u00e4ykseksi Neitsyt-merkin alla syntyneelle henkil\u00f6lle ja astrologian yst\u00e4ville.&nbsp;Magneetin keskell\u00e4 on kuva horoskooppimerkist\u00e4 Neitsyt. Kultaisella reunalla on kaikkien horoskooppimerkkien symbolit.&nbsp;Neitsyt-magneetti horoskooppimerkki PAN-spesifikaatio:&nbsp;Materiaali: emaloitu metalliV\u00e4ri: kulta, mustaKaikkien horoskooppimerkkien symbolit reunallaNeitsyt keskell\u00e4Mitat: halkaisija 6 cm<\/p>\n","protected":false},"excerpt":{"rendered":"<p>Virgo Magnet horoskooppimerkki PAN&nbsp;&nbsp;J\u00e4\u00e4kaappimagneetti k\u00e4yt\u00e4nn\u00f6llisille Neitsyille, jotka rakastavat oppia uusia asioita. Neitsyt on rauhallinen luonne, joka viett\u00e4\u00e4 mielell\u00e4\u00e4n aikaa pienen yst\u00e4v\u00e4piirin kanssa. Neitsyet ovat kunnianhimoisia, oivaltavia ja k\u00e4rsiv\u00e4llisi\u00e4 ihmisi\u00e4. J\u00e4\u00e4kaappimagneetti, jossa on kuva horoskooppimerkist\u00e4 Neitsyt, on loistava idea pieneen lahjaan tai lahjan lis\u00e4ykseksi Neitsyt-merkin alla syntyneelle henkil\u00f6lle ja astrologian yst\u00e4ville.&nbsp;Magneetin keskell\u00e4 on kuva horoskooppimerkist\u00e4 Neitsyt. [&hellip;]<\/p>\n","protected":false},"featured_media":44803,"comment_status":"open","ping_status":"closed","template":"","meta":[],"product_brand":[],"product_cat":[32],"product_tag":[],"class_list":{"0":"post-36587","1":"product","2":"type-product","3":"status-publish","4":"has-post-thumbnail","6":"product_cat-uncategorized-fi","8":"first","9":"instock","10":"shipping-taxable","11":"purchasable","12":"product-type-simple"},"_links":{"self":[{"href":"https:\/\/nordicmart.andreevmaster.com\/fi\/wp-json\/wp\/v2\/product\/36587","targetHints":{"allow":["GET"]}}],"collection":[{"href":"https:\/\/nordicmart.andreevmaster.com\/fi\/wp-json\/wp\/v2\/product"}],"about":[{"href":"https:\/\/nordicmart.andreevmaster.com\/fi\/wp-json\/wp\/v2\/types\/product"}],"replies":[{"embeddable":true,"href":"https:\/\/nordicmart.andreevmaster.com\/fi\/wp-json\/wp\/v2\/comments?post=36587"}],"wp:featuredmedia":[{"embeddable":true,"href":"https:\/\/nordicmart.andreevmaster.com\/fi\/wp-json\/wp\/v2\/media\/44803"}],"wp:attachment":[{"href":"https:\/\/nordicmart.andreevmaster.com\/fi\/wp-json\/wp\/v2\/media?parent=36587"}],"wp:term":[{"taxonomy":"product_brand","embeddable":true,"href":"https:\/\/nordicmart.andreevmaster.com\/fi\/wp-json\/wp\/v2\/product_brand?post=36587"},{"taxonomy":"product_cat","embeddable":true,"href":"https:\/\/nordicmart.andreevmaster.com\/fi\/wp-json\/wp\/v2\/product_cat?post=36587"},{"taxonomy":"product_tag","embeddable":true,"href":"https:\/\/nordicmart.andreevmaster.com\/fi\/wp-json\/wp\/v2\/product_tag?post=36587"}],"curies":[{"name":"wp","href":"https:\/\/api.w.org\/{rel}","templated":true}]}}