{"id":36586,"date":"2026-02-27T00:35:05","date_gmt":"2026-02-27T00:35:05","guid":{"rendered":"https:\/\/nordicmart.andreevmaster.com\/product\/leijona-koriste-esine-leo\/"},"modified":"2026-02-27T09:52:42","modified_gmt":"2026-02-27T09:52:42","slug":"leijona-koriste-esine-leo","status":"publish","type":"product","link":"https:\/\/nordicmart.andreevmaster.com\/fi\/tuote\/leijona-koriste-esine-leo\/","title":{"rendered":"Leijona \u2013 koriste-esine \u2013 LEO"},"content":{"rendered":"<p>Leijona \u2013 koriste-esine \u2013 LEO&nbsp;&nbsp;Esittelemme alumiinista valmistetun koriste-esineen \u2013 leijonan mallin. LEO-koriste-esine on t\u00e4ydellinen lahja horoskooppimerkille Leijona, joka korostaa hienosti merkin kaikkia etuja. Hopeinen patsas sopii kauniisti glamour- ja art deco -sisustuksiin. Se on my\u00f6s mielenkiintoinen lis\u00e4 eklektisiin sisustuksiin.&nbsp;Muinaisissa L\u00e4hi-id\u00e4n kulttuureissa leijona oli \u00e4itijumalattaren, Inanan ja Ishtarin valtaistuimen vartijan, symboli. Hellasissa Leijona-t\u00e4htikuvio tunnistettiin Nemean leijonaksi, jonka nahkaa mik\u00e4\u00e4n ter\u00e4 ei voinut l\u00e4p\u00e4ist\u00e4. Leijona, viidakon kuningas, tulen elementtiin kuuluva auringon el\u00e4in, on hallitsija, joka rakastaa olla kaikkien katseiden kohteena.&nbsp;&nbsp;Mitat:&nbsp;Korkeus 24 cmLeveys 7 cmSyvyys 15 cm&nbsp;Muut tuotteen ominaisuudet:&nbsp;Materiaali &ndash; alumiiniV\u00e4ri &#8211; hopea&nbsp;&nbsp;<\/p>\n","protected":false},"excerpt":{"rendered":"<p>Leijona \u2013 koriste-esine \u2013 LEO&nbsp;&nbsp;Esittelemme alumiinista valmistetun koriste-esineen \u2013 leijonan mallin. LEO-koriste-esine on t\u00e4ydellinen lahja horoskooppimerkille Leijona, joka korostaa hienosti merkin kaikkia etuja. Hopeinen patsas sopii kauniisti glamour- ja art deco -sisustuksiin. Se on my\u00f6s mielenkiintoinen lis\u00e4 eklektisiin sisustuksiin.&nbsp;Muinaisissa L\u00e4hi-id\u00e4n kulttuureissa leijona oli \u00e4itijumalattaren, Inanan ja Ishtarin valtaistuimen vartijan, symboli. Hellasissa Leijona-t\u00e4htikuvio tunnistettiin Nemean leijonaksi, [&hellip;]<\/p>\n","protected":false},"featured_media":44802,"comment_status":"open","ping_status":"closed","template":"","meta":[],"product_brand":[],"product_cat":[32],"product_tag":[],"class_list":{"0":"post-36586","1":"product","2":"type-product","3":"status-publish","4":"has-post-thumbnail","6":"product_cat-uncategorized-fi","8":"first","9":"instock","10":"shipping-taxable","11":"purchasable","12":"product-type-simple"},"_links":{"self":[{"href":"https:\/\/nordicmart.andreevmaster.com\/fi\/wp-json\/wp\/v2\/product\/36586","targetHints":{"allow":["GET"]}}],"collection":[{"href":"https:\/\/nordicmart.andreevmaster.com\/fi\/wp-json\/wp\/v2\/product"}],"about":[{"href":"https:\/\/nordicmart.andreevmaster.com\/fi\/wp-json\/wp\/v2\/types\/product"}],"replies":[{"embeddable":true,"href":"https:\/\/nordicmart.andreevmaster.com\/fi\/wp-json\/wp\/v2\/comments?post=36586"}],"wp:featuredmedia":[{"embeddable":true,"href":"https:\/\/nordicmart.andreevmaster.com\/fi\/wp-json\/wp\/v2\/media\/44802"}],"wp:attachment":[{"href":"https:\/\/nordicmart.andreevmaster.com\/fi\/wp-json\/wp\/v2\/media?parent=36586"}],"wp:term":[{"taxonomy":"product_brand","embeddable":true,"href":"https:\/\/nordicmart.andreevmaster.com\/fi\/wp-json\/wp\/v2\/product_brand?post=36586"},{"taxonomy":"product_cat","embeddable":true,"href":"https:\/\/nordicmart.andreevmaster.com\/fi\/wp-json\/wp\/v2\/product_cat?post=36586"},{"taxonomy":"product_tag","embeddable":true,"href":"https:\/\/nordicmart.andreevmaster.com\/fi\/wp-json\/wp\/v2\/product_tag?post=36586"}],"curies":[{"name":"wp","href":"https:\/\/api.w.org\/{rel}","templated":true}]}}